{"id":956,"date":"2019-09-11T15:35:14","date_gmt":"2019-09-11T13:35:14","guid":{"rendered":"https:\/\/doncha.si\/?post_type=product&#038;p=956"},"modified":"2021-09-07T15:30:49","modified_gmt":"2021-09-07T13:30:49","slug":"donchina-viseca-mreza-medvedek","status":"publish","type":"product","link":"https:\/\/doncha.si\/sl\/shop\/mreze\/visecamreza\/donchina-viseca-mreza-medvedek\/","title":{"rendered":"DonChina vise\u010da mre\u017ea &#8220;Medvedek&#8221;"},"content":{"rendered":"<p>&diams; <a href=\"https:\/\/www.doncha.si\/uporaba-visecih-mrez\/\">Uporaba vise\u010dih mre\u017e<\/a><br \/>\n&diams; <a href=\"https:\/\/www.doncha.si\/uporaba-nasih-izdelkov-za-zivali-pranje-in-vzdrzevanje\/\">Pranje in vzdr\u017eevanje<\/a><br \/>\n&diams; <a href=\"https:\/\/doncha.si\/uporaba-donchinega-pohistva-varnost\/\">Uporaba DonChinega pohi\u0161tva \u2013 VARNOST<\/a><\/p>\n<p>&nbsp;<\/p>\n","protected":false},"excerpt":{"rendered":"<p>DonChina vise\u010da mre\u017ea za morske pra\u0161i\u010dke in druge glodavce. Namestitev v kletko oz. po \u017eelji.<\/p>\n<p>Mo\u017een nakup s karabini *opcija izbire (4 kosi 2\u20ac)<br \/>\nVelikost: ca. 26cm x 41cm<br \/>\nFlis, bomba\u017e, polnilo<br \/>\nPralno!<\/p>\n<p>&nbsp;<\/p>\n<p>&nbsp;<\/p>\n<p><em>Ponudnik se trudi po najbolj\u0161ih mo\u010deh prikazati&nbsp;izdelke&nbsp;\u010dim bolj&nbsp;realno. Kljub temu pa so mo\u017ena manj\u0161a&nbsp;odstopanja barv.<\/em><\/p>\n","protected":false},"featured_media":954,"template":"","meta":{"ngg_post_thumbnail":0},"product_brand":[],"product_cat":[23,33],"product_tag":[],"class_list":{"0":"post-956","1":"product","2":"type-product","3":"status-publish","4":"has-post-thumbnail","6":"product_cat-mreze","7":"product_cat-visecamreza","9":"first","10":"outofstock","11":"shipping-taxable","12":"purchasable","13":"product-type-variable"},"_links":{"self":[{"href":"https:\/\/doncha.si\/sl\/wp-json\/wp\/v2\/product\/956","targetHints":{"allow":["GET"]}}],"collection":[{"href":"https:\/\/doncha.si\/sl\/wp-json\/wp\/v2\/product"}],"about":[{"href":"https:\/\/doncha.si\/sl\/wp-json\/wp\/v2\/types\/product"}],"wp:featuredmedia":[{"embeddable":true,"href":"https:\/\/doncha.si\/sl\/wp-json\/wp\/v2\/media\/954"}],"wp:attachment":[{"href":"https:\/\/doncha.si\/sl\/wp-json\/wp\/v2\/media?parent=956"}],"wp:term":[{"taxonomy":"product_brand","embeddable":true,"href":"https:\/\/doncha.si\/sl\/wp-json\/wp\/v2\/product_brand?post=956"},{"taxonomy":"product_cat","embeddable":true,"href":"https:\/\/doncha.si\/sl\/wp-json\/wp\/v2\/product_cat?post=956"},{"taxonomy":"product_tag","embeddable":true,"href":"https:\/\/doncha.si\/sl\/wp-json\/wp\/v2\/product_tag?post=956"}],"curies":[{"name":"wp","href":"https:\/\/api.w.org\/{rel}","templated":true}]}}