{"id":620,"date":"2018-12-05T18:25:41","date_gmt":"2018-12-05T17:25:41","guid":{"rendered":"http:\/\/doncha.si\/?post_type=product&#038;p=620"},"modified":"2026-04-13T14:33:09","modified_gmt":"2026-04-13T12:33:09","slug":"donchina-vreca-modra","status":"publish","type":"product","link":"https:\/\/doncha.si\/sl\/shop\/carkljanje_pocitek\/igra\/donchina-vreca-modra\/","title":{"rendered":"DonChine mini blazinice"},"content":{"rendered":"<p>\u2666 <a href=\"https:\/\/www.doncha.si\/uporaba-nasih-izdelkov-za-zivali-pranje-in-vzdrzevanje\/\">Pranje in vzdr\u017eevanje<\/a><br \/>\n\u2666 <a href=\"https:\/\/doncha.si\/uporaba-donchinega-pohistva-varnost\/\">Uporaba DonChinega pohi\u0161tva \u2013 VARNOST<\/a><\/p>\n<p>&nbsp;<\/p>\n","protected":false},"excerpt":{"rendered":"<p data-start=\"184\" data-end=\"250\"><strong data-start=\"184\" data-end=\"230\">\ud83d\udc3e DonChine mini blazinice \u2013 komplet 2 kosa<\/strong><\/p>\n<p data-start=\"252\" data-end=\"525\">Mini blazinice so popolne za <strong data-start=\"281\" data-end=\"306\">cartljanje in po\u010ditek<\/strong> na\u0161ih ljubljen\u010dkov. \u017divalice jih rade uporabijo kot mehko oporo za glavico ali pa se z njimi preprosto igrajo, jih premikajo in potiskajo sem ter tja. \u010ce uporabljate npr. samo \u017eagovino, bo blazinica prava mala <strong data-start=\"507\" data-end=\"522\">oaza udobja<\/strong>.<\/p>\n<p data-start=\"527\" data-end=\"558\"><strong data-start=\"527\" data-end=\"556\">Zakaj jih bodo obo\u017eevale?<\/strong><\/p>\n<ul data-start=\"559\" data-end=\"675\">\n<li data-start=\"559\" data-end=\"593\">\n<p data-start=\"561\" data-end=\"593\">Mehke in prijetne na dotik \ud83d\udecb\ufe0f<\/p>\n<\/li>\n<li data-start=\"594\" data-end=\"639\">\n<p data-start=\"596\" data-end=\"639\">Popestrijo prostor, kjer \u017eivalica biva \ud83c\udfa8<\/p>\n<\/li>\n<li data-start=\"640\" data-end=\"675\">\n<p data-start=\"642\" data-end=\"675\">Vsaka blazinica je <strong data-start=\"661\" data-end=\"673\">unikatna<\/strong><\/p>\n<\/li>\n<\/ul>\n<p data-start=\"677\" data-end=\"693\"><strong data-start=\"677\" data-end=\"691\">Lastnosti:<\/strong><\/p>\n<ul data-start=\"694\" data-end=\"922\">\n<li data-start=\"694\" data-end=\"747\">\n<p data-start=\"696\" data-end=\"747\">Material: flis, polnilo iz mehke poliestrske vate<\/p>\n<\/li>\n<li data-start=\"748\" data-end=\"758\">\n<p data-start=\"750\" data-end=\"758\">Pralno<\/p>\n<\/li>\n<li data-start=\"759\" data-end=\"822\">\n<p data-start=\"761\" data-end=\"822\">Velikost pribli\u017eno 13 \u00d7 13 cm (lahko nekaj cm ve\u010d ali manj)<\/p>\n<\/li>\n<li data-start=\"823\" data-end=\"922\">\n<p data-start=\"825\" data-end=\"922\">V kompletu prejmete <strong data-start=\"845\" data-end=\"860\">2 blazinici<\/strong> \u2013 barva, vzorec in velikost so naklju\u010dni, odvisno od zaloge<\/p>\n<\/li>\n<\/ul>\n<p data-start=\"924\" data-end=\"1002\">\ud83d\udc96 Vsaka blazinica je izdelana z mislijo na udobje in veselje va\u0161e \u017eivalice.&nbsp;<\/p>\n<p><strong>V kompletu dobite 2 blazinici, ki bosta na zalogi, zato se DonCha ne zavezuje za barvo, vzorec in velikost blazinic.&nbsp;<\/strong><\/p>\n<p><em>Ponudnik se trudi po najbolj\u0161ih mo\u010deh prikazati&nbsp;izdelke&nbsp;\u010dim bolj&nbsp;realno. Kljub temu pa so mo\u017ena manj\u0161a&nbsp;odstopanja barv.<\/em><\/p>\n","protected":false},"featured_media":20739,"template":"","meta":{"ngg_post_thumbnail":0},"product_brand":[],"product_cat":[41],"product_tag":[],"class_list":{"0":"post-620","1":"product","2":"type-product","3":"status-publish","4":"has-post-thumbnail","6":"product_cat-igra","8":"first","9":"instock","10":"shipping-taxable","11":"purchasable","12":"product-type-simple"},"_links":{"self":[{"href":"https:\/\/doncha.si\/sl\/wp-json\/wp\/v2\/product\/620","targetHints":{"allow":["GET"]}}],"collection":[{"href":"https:\/\/doncha.si\/sl\/wp-json\/wp\/v2\/product"}],"about":[{"href":"https:\/\/doncha.si\/sl\/wp-json\/wp\/v2\/types\/product"}],"wp:featuredmedia":[{"embeddable":true,"href":"https:\/\/doncha.si\/sl\/wp-json\/wp\/v2\/media\/20739"}],"wp:attachment":[{"href":"https:\/\/doncha.si\/sl\/wp-json\/wp\/v2\/media?parent=620"}],"wp:term":[{"taxonomy":"product_brand","embeddable":true,"href":"https:\/\/doncha.si\/sl\/wp-json\/wp\/v2\/product_brand?post=620"},{"taxonomy":"product_cat","embeddable":true,"href":"https:\/\/doncha.si\/sl\/wp-json\/wp\/v2\/product_cat?post=620"},{"taxonomy":"product_tag","embeddable":true,"href":"https:\/\/doncha.si\/sl\/wp-json\/wp\/v2\/product_tag?post=620"}],"curies":[{"name":"wp","href":"https:\/\/api.w.org\/{rel}","templated":true}]}}