{"id":503,"date":"2018-11-17T23:27:20","date_gmt":"2018-11-17T22:27:20","guid":{"rendered":"http:\/\/doncha.si\/?post_type=product&#038;p=503"},"modified":"2026-03-29T19:23:37","modified_gmt":"2026-03-29T17:23:37","slug":"donchina-viseca-mreza-za-leseno-stojalo","status":"publish","type":"product","link":"https:\/\/doncha.si\/sl\/shop\/mreze\/visecamreza\/donchina-viseca-mreza-za-leseno-stojalo\/","title":{"rendered":"DonChina vise\u010da mre\u017ea za lesena stojala oz. po \u017eelji"},"content":{"rendered":"<p>\u2666 <a href=\"https:\/\/www.doncha.si\/uporaba-visecih-mrez\/\">Uporaba vise\u010dih mre\u017e<\/a><br \/>\n\u2666 <a href=\"https:\/\/www.doncha.si\/uporaba-nasih-izdelkov-za-zivali-pranje-in-vzdrzevanje\/\">Pranje in vzdr\u017eevanje<\/a><br \/>\n\u2666 <a href=\"https:\/\/doncha.si\/uporaba-donchinega-pohistva-varnost\/\">Uporaba DonChinega pohi\u0161tva \u2013 VARNOST<\/a><\/p>\n<p>&nbsp;<\/p>\n","protected":false},"excerpt":{"rendered":"<p data-start=\"170\" data-end=\"292\">\ud83e\uddfa <strong data-start=\"173\" data-end=\"290\">Da va\u0161a \u017eivalica ne bo niti trenutek brez vise\u010de mre\u017ee med pranjem, vam DonCha ponuja dodatne mre\u017ee za zamenjavo.<\/strong><\/p>\n<p data-start=\"294\" data-end=\"376\">Lahko pa jo uporabite tudi samostojno \u2013 kot <strong data-start=\"338\" data-end=\"366\">vise\u010do mre\u017eo za v kletko<\/strong>. \ud83d\udc2d\ud83d\udc39<\/p>\n<p data-start=\"378\" data-end=\"482\">Vise\u010dka ustreza:<br data-start=\"394\" data-end=\"397\">\u2714\ufe0f DonChinemu <strong data-start=\"411\" data-end=\"432\">navadnemu stojalu<\/strong><br data-start=\"432\" data-end=\"435\">\u2714\ufe0f <strong data-start=\"438\" data-end=\"458\">Dvojnemu stojalu<\/strong><br data-start=\"458\" data-end=\"461\">\u2714\ufe0f <strong data-start=\"464\" data-end=\"480\">Tolo stojalu<\/strong><\/p>\n<p data-start=\"484\" data-end=\"523\">\ud83d\udccf <strong data-start=\"487\" data-end=\"500\">Velikost:<\/strong> pribli\u017eno 27 x 27 cm<\/p>\n<blockquote data-start=\"525\" data-end=\"609\">\n<p data-start=\"527\" data-end=\"609\"><em data-start=\"527\" data-end=\"604\">&#8220;Ker ena ni nobena, dve se \u017ee pozna, tri so mi premalo, a s \u0161tirimi se da.&#8221;<\/em> \ud83d\ude0a<\/p>\n<\/blockquote>\n<p><em>V kolikor bi \u017eeleli kak\u0161no dodatno vise\u010do mre\u017eo z lesenim stojalom, mi pi\u0161ite na e mail.&nbsp;<\/em><\/p>\n<p>&nbsp;<\/p>\n<p><em>Ponudnik se trudi po najbolj\u0161ih mo\u010deh prikazati&nbsp;izdelke&nbsp;\u010dim bolj&nbsp;realno. Kljub temu pa so mo\u017ena manj\u0161a&nbsp;odstopanja barv.<\/em><\/p>\n","protected":false},"featured_media":4766,"template":"","meta":{"ngg_post_thumbnail":0},"product_brand":[],"product_cat":[23,33,32],"product_tag":[],"class_list":{"0":"post-503","1":"product","2":"type-product","3":"status-publish","4":"has-post-thumbnail","6":"product_cat-mreze","7":"product_cat-visecamreza","8":"product_cat-mrezezastojalo","10":"first","11":"instock","12":"shipping-taxable","13":"purchasable","14":"product-type-variable"},"_links":{"self":[{"href":"https:\/\/doncha.si\/sl\/wp-json\/wp\/v2\/product\/503","targetHints":{"allow":["GET"]}}],"collection":[{"href":"https:\/\/doncha.si\/sl\/wp-json\/wp\/v2\/product"}],"about":[{"href":"https:\/\/doncha.si\/sl\/wp-json\/wp\/v2\/types\/product"}],"wp:featuredmedia":[{"embeddable":true,"href":"https:\/\/doncha.si\/sl\/wp-json\/wp\/v2\/media\/4766"}],"wp:attachment":[{"href":"https:\/\/doncha.si\/sl\/wp-json\/wp\/v2\/media?parent=503"}],"wp:term":[{"taxonomy":"product_brand","embeddable":true,"href":"https:\/\/doncha.si\/sl\/wp-json\/wp\/v2\/product_brand?post=503"},{"taxonomy":"product_cat","embeddable":true,"href":"https:\/\/doncha.si\/sl\/wp-json\/wp\/v2\/product_cat?post=503"},{"taxonomy":"product_tag","embeddable":true,"href":"https:\/\/doncha.si\/sl\/wp-json\/wp\/v2\/product_tag?post=503"}],"curies":[{"name":"wp","href":"https:\/\/api.w.org\/{rel}","templated":true}]}}