{"id":4883,"date":"2025-11-20T14:15:07","date_gmt":"2025-11-20T13:15:07","guid":{"rendered":"https:\/\/www.doncha.si\/?post_type=product&#038;p=4883"},"modified":"2026-03-29T20:41:33","modified_gmt":"2026-03-29T18:41:33","slug":"donchina-kosarica-za-dom-2","status":"publish","type":"product","link":"https:\/\/doncha.si\/sl\/shop\/kosarice-za-dom\/donchina-kosarica-za-dom-2\/","title":{"rendered":"DonChina ko\u0161arica za dom &#8220;2&#8221;"},"content":{"rendered":"<p>\u2666 <a href=\"https:\/\/www.doncha.si\/uporaba-nasih-izdelkov-za-zivali-pranje-in-vzdrzevanje\/\">Pranje in vzdr\u017eevanje<\/a><\/p>\n<p>&nbsp;<\/p>\n","protected":false},"excerpt":{"rendered":"<h3 data-start=\"75\" data-end=\"125\"><strong data-start=\"79\" data-end=\"123\">Ve\u010dnamenske ko\u0161arice iz blaga za va\u0161 dom, prazni\u010dni motiv<\/strong><\/h3>\n<p data-start=\"127\" data-end=\"482\">Te DonChine ko\u0161arice so odli\u010dne za <strong data-start=\"162\" data-end=\"181\">postre\u017ebo kruha\/toast<\/strong>, <strong data-start=\"183\" data-end=\"193\">keksov<\/strong>, <strong data-start=\"195\" data-end=\"208\">sladkarij<\/strong>, <strong data-start=\"210\" data-end=\"219\">sadja<\/strong> in \u0161e mnogo ve\u010d. Prav tako so idealne za <strong data-start=\"261\" data-end=\"289\">organizacijo v kopalnici<\/strong> \u2013 shranite v njih <strong data-start=\"308\" data-end=\"321\">kozmetiko<\/strong>, <strong data-start=\"323\" data-end=\"336\">glavni\u010dke<\/strong> ali druge drobne predmete. Lahko jih uporabite tudi za <strong data-start=\"392\" data-end=\"409\">okras lon\u010dnic<\/strong> ali pa kot <strong data-start=\"421\" data-end=\"435\">dekoracijo<\/strong> v va\u0161em prostoru. Mo\u017enosti so res neskon\u010dne!<\/p>\n<p data-start=\"484\" data-end=\"618\">Poleg tega pa vsaka DonChina ko\u0161arica popestri prostor \u017ee samo s tem, da je preprosto tam \u2013 s svojim edinstvenim \u201etu sem\u201c \u0161armom. \ud83d\ude0d<\/p>\n<p data-start=\"620\" data-end=\"697\">Z lahkoto pristaja v <strong data-start=\"641\" data-end=\"656\">vsakem domu<\/strong>, pa \u010detudi nimate nobene \u017eivali.&nbsp;<\/p>\n<p data-start=\"620\" data-end=\"697\">Dimenzije: ca. 18&#215;18 cm Vi\u0161ina: 14 cm Lotuska: vi\u0161ina 20 cm Material: Bomba\u017e, polnilo. Ko\u0161arice so tudi pralne. Lahko jih perete v pralnem stroju na 30\u00b0 \/40\u00b0stopinj. Ne\u017een program. Ne jih natla\u010dit z ostalim &#8220;perilom&#8221;. Po pranju jo vzamete iz stroja, poravnate v prvotno obliko in su\u0161ite na zraku. <strong>Za trajno lep\u0161i in ohranjen izgled priporo\u010dam likanje.&nbsp;<\/strong><\/p>\n<p><strong>Namig<\/strong>: Ko\u0161arica je lahko tudi odli\u010dno darilo za vse prilo\u017enosti.<\/p>\n<p>Ko\u0161arice bom izdelovala sproti po naro\u010dilu. Mo\u017enost je v dveh verzijah. Zalikane &#8220;dol&#8221; ali kot verzija &#8220;lotusa&#8221;. Prosim, \u010de mi to sporo\u010dite pod <strong>opombe<\/strong> v naro\u010dilu. V nasprotnem primeru, vas bom kontaktirala na e mail.&nbsp;<\/p>\n<p><em>Ponudnik se trudi po najbolj\u0161ih mo\u010deh prikazati&nbsp;izdelke&nbsp;\u010dim bolj&nbsp;realno. Kljub temu pa so mo\u017ena manj\u0161a&nbsp;odstopanja barv.<\/em><\/p>\n","protected":false},"featured_media":4880,"template":"","meta":{"ngg_post_thumbnail":0},"product_brand":[],"product_cat":[63],"product_tag":[],"class_list":{"0":"post-4883","1":"product","2":"type-product","3":"status-publish","4":"has-post-thumbnail","6":"product_cat-kosarice-za-dom","7":"product_shipping_class-kosara","9":"first","10":"instock","11":"shipping-taxable","12":"purchasable","13":"product-type-simple"},"_links":{"self":[{"href":"https:\/\/doncha.si\/sl\/wp-json\/wp\/v2\/product\/4883","targetHints":{"allow":["GET"]}}],"collection":[{"href":"https:\/\/doncha.si\/sl\/wp-json\/wp\/v2\/product"}],"about":[{"href":"https:\/\/doncha.si\/sl\/wp-json\/wp\/v2\/types\/product"}],"wp:featuredmedia":[{"embeddable":true,"href":"https:\/\/doncha.si\/sl\/wp-json\/wp\/v2\/media\/4880"}],"wp:attachment":[{"href":"https:\/\/doncha.si\/sl\/wp-json\/wp\/v2\/media?parent=4883"}],"wp:term":[{"taxonomy":"product_brand","embeddable":true,"href":"https:\/\/doncha.si\/sl\/wp-json\/wp\/v2\/product_brand?post=4883"},{"taxonomy":"product_cat","embeddable":true,"href":"https:\/\/doncha.si\/sl\/wp-json\/wp\/v2\/product_cat?post=4883"},{"taxonomy":"product_tag","embeddable":true,"href":"https:\/\/doncha.si\/sl\/wp-json\/wp\/v2\/product_tag?post=4883"}],"curies":[{"name":"wp","href":"https:\/\/api.w.org\/{rel}","templated":true}]}}