{"id":4810,"date":"2025-11-04T14:08:54","date_gmt":"2025-11-04T13:08:54","guid":{"rendered":"https:\/\/www.doncha.si\/?post_type=product&#038;p=4810"},"modified":"2026-04-13T14:20:04","modified_gmt":"2026-04-13T12:20:04","slug":"donchina-dekca-patchwork-2-4","status":"publish","type":"product","link":"https:\/\/doncha.si\/sl\/shop\/carkljanje_pocitek\/dekca\/donchina-dekca-patchwork-2-4\/","title":{"rendered":"DonChina dek&#8217;ca &#8220;Patchwork &#8220;2&#8221;"},"content":{"rendered":"<p>\u2666 <a href=\"https:\/\/www.doncha.si\/uporaba-nasih-izdelkov-za-zivali-pranje-in-vzdrzevanje\/\">Pranje in vzdr\u017eevanje<\/a><br \/>\n\u2666 <a href=\"https:\/\/doncha.si\/uporaba-donchinega-pohistva-varnost\/\">Uporaba DonChinega pohi\u0161tva \u2013 VARNOST<\/a><\/p>\n<p>&nbsp;<\/p>\n","protected":false},"excerpt":{"rendered":"<div dir=\"auto\"><strong>DonChina&nbsp; patchwork dek&#8217;ca, je pravi unikat<\/strong><\/div>\n<div dir=\"auto\"><strong>Nekaj za pod rito, za le\u017eat, carkljat ali spat<\/strong><\/div>\n<div dir=\"auto\"><strong>Vpojna.<\/strong><\/div>\n<div dir=\"auto\">&nbsp;<\/div>\n<div dir=\"auto\">\n<div class=\"xdj266r x11i5rnm xat24cr x1mh8g0r x1vvkbs x126k92a\">\n<div dir=\"auto\">DonChina patchwork dek\u2019ca je pravi unikat, ustvarjen z mislijo na va\u0161e ljubljen\u010dke! S svojo mehkobo je prav tako popolna izbira za ve\u010dje \u017eivalce, kot so muce, manj\u0161i ku\u017eki, kunci, dihur\u010dki in drugi kosmati prijatelji. Idealna je za udoben po\u010ditek, malo razvajanja ali kot popestritev njihovega koti\u010dka.<\/div>\n<\/div>\n<div class=\"x11i5rnm xat24cr x1mh8g0r x1vvkbs xtlvy1s x126k92a\">\n<div dir=\"auto\">Dek\u2019ca je rahlo vpojna, zato je prakti\u010dna za vsakodnevno uporabo, obenem pa doda kan\u010dek \u0161arma vsakemu prostoru \u2013 ali je to v bivalnem prostoru, kletki, na kav\u010du ali v koti\u010dku za po\u010ditek.<\/div>\n<\/div>\n<div class=\"x11i5rnm xat24cr x1mh8g0r x1vvkbs xtlvy1s x126k92a\">\n<div dir=\"auto\">Poi\u0161\u010dite svojo unikatno dek\u2019co v na\u0161i spletni trgovinici in razveselite svojega ljubljen\u010dka z mehkim objemom, ki je izdelan z ljubeznijo! <span class=\"html-span xexx8yu x4uap5 x18d9i69 xkhd6sd x1hl2dhg x16tdsg8 x1vvkbs x3nfvp2 x1j61x8r x1fcty0u xdj266r xat24cr xgzva0m xhhsvwb xxymvpz xlup9mm x1kky2od\"><img loading=\"lazy\" decoding=\"async\" class=\"xz74otr\" src=\"https:\/\/static.xx.fbcdn.net\/images\/emoji.php\/v9\/t17\/1\/16\/1f49d.png\" alt=\"\ud83d\udc9d\" width=\"16\" height=\"16\"><\/span><\/div>\n<\/div>\n<\/div>\n<p>Mere ca. : 32x32cm<br \/>\nMaterial : Flis (zunaj), polnilo, bomba\u017e<\/p>\n<p>Pranje: v pralnem stroju na 3o\/40 stopinj, ne\u017een program (po pranju jo ne\u017eno raztegnite, poravnate v prvotno obliko), su\u0161enje na zraku<\/p>\n<p><em>Ponudnik se trudi po najbolj\u0161ih mo\u010deh prikazati&nbsp;izdelke&nbsp;\u010dim bolj&nbsp;realno. Kljub temu pa so mo\u017ena manj\u0161a&nbsp;odstopanja barv.<\/em><\/p>\n","protected":false},"featured_media":4808,"template":"","meta":{"ngg_post_thumbnail":0},"product_brand":[],"product_cat":[48,25],"product_tag":[],"class_list":{"0":"post-4810","1":"product","2":"type-product","3":"status-publish","4":"has-post-thumbnail","6":"product_cat-dekca","7":"product_cat-carkljanje_pocitek","9":"first","10":"instock","11":"sale","12":"shipping-taxable","13":"purchasable","14":"product-type-simple"},"_links":{"self":[{"href":"https:\/\/doncha.si\/sl\/wp-json\/wp\/v2\/product\/4810","targetHints":{"allow":["GET"]}}],"collection":[{"href":"https:\/\/doncha.si\/sl\/wp-json\/wp\/v2\/product"}],"about":[{"href":"https:\/\/doncha.si\/sl\/wp-json\/wp\/v2\/types\/product"}],"wp:featuredmedia":[{"embeddable":true,"href":"https:\/\/doncha.si\/sl\/wp-json\/wp\/v2\/media\/4808"}],"wp:attachment":[{"href":"https:\/\/doncha.si\/sl\/wp-json\/wp\/v2\/media?parent=4810"}],"wp:term":[{"taxonomy":"product_brand","embeddable":true,"href":"https:\/\/doncha.si\/sl\/wp-json\/wp\/v2\/product_brand?post=4810"},{"taxonomy":"product_cat","embeddable":true,"href":"https:\/\/doncha.si\/sl\/wp-json\/wp\/v2\/product_cat?post=4810"},{"taxonomy":"product_tag","embeddable":true,"href":"https:\/\/doncha.si\/sl\/wp-json\/wp\/v2\/product_tag?post=4810"}],"curies":[{"name":"wp","href":"https:\/\/api.w.org\/{rel}","templated":true}]}}