{"id":4745,"date":"2025-08-25T12:30:18","date_gmt":"2025-08-25T10:30:18","guid":{"rendered":"https:\/\/www.doncha.si\/?post_type=product&#038;p=4745"},"modified":"2026-03-29T20:11:21","modified_gmt":"2026-03-29T18:11:21","slug":"donchino-dvojno-stojalo-z-viseco-mrezo-soncek","status":"publish","type":"product","link":"https:\/\/doncha.si\/sl\/shop\/mreze\/mrezezastojalo\/donchino-dvojno-stojalo-z-viseco-mrezo-soncek\/","title":{"rendered":"DonChino dvojno stojalo z vise\u010do mre\u017eo &#8220;Son\u010dek&#8221;"},"content":{"rendered":"<p>\u2666 <a href=\"https:\/\/www.doncha.si\/uporaba-visecih-mrez\/\">Uporaba vise\u010dih mre\u017e<\/a><br \/>\n\u2666 <a href=\"https:\/\/www.doncha.si\/uporaba-nasih-izdelkov-za-zivali-pranje-in-vzdrzevanje\/\">Pranje in vzdr\u017eevanje<\/a><br \/>\n\u2666 <a href=\"https:\/\/doncha.si\/uporaba-donchinega-pohistva-varnost\/\">Uporaba DonChinega pohi\u0161tva \u2013 VARNOST<\/a><\/p>\n<p>&nbsp;<\/p>\n","protected":false},"excerpt":{"rendered":"<p data-start=\"244\" data-end=\"560\">Popestrite bivali\u0161\u010de va\u0161ih \u017eivalic z estetsko in funkcionalno re\u0161itvijo \u2013 <strong data-start=\"318\" data-end=\"369\">DonChino dvojno stojalo z vise\u010do mre\u017eo \u201cSon\u010dek\u201d<\/strong>. Namenjeno je vsem, ki imajo ve\u010dja ali odprta bivali\u0161\u010da brez mo\u017enosti obe\u0161anja mre\u017ee. Stojalo omogo\u010da preprosto postavitev kjerkoli v prostoru, brez potrebe po dodatni opremi ali predelavah.<\/p>\n<h4 data-start=\"562\" data-end=\"587\">\u2705 Klju\u010dne prednosti:<\/h4>\n<ul data-start=\"588\" data-end=\"1036\">\n<li data-start=\"588\" data-end=\"673\">\n<p data-start=\"590\" data-end=\"673\"><strong data-start=\"590\" data-end=\"617\">Samostoje\u010de in prenosno<\/strong> \u2013 idealno za fleksibilno uporabo v razli\u010dnih prostorih.<\/p>\n<\/li>\n<li data-start=\"674\" data-end=\"782\">\n<p data-start=\"676\" data-end=\"782\"><strong data-start=\"676\" data-end=\"697\">Estetsko dovr\u0161eno<\/strong> \u2013 zaradi \u010distega lesenega videza se lepo poda v vsak ambient. Pravi dizajnerski kos!<\/p>\n<\/li>\n<li data-start=\"783\" data-end=\"886\">\n<p data-start=\"785\" data-end=\"886\"><strong data-start=\"785\" data-end=\"806\">Varno za glodalce<\/strong> \u2013 narejeno iz nebarvanega lesa, varen tudi \u010de se \u017eivalica loti bru\u0161enja zobkov.<\/p>\n<\/li>\n<li data-start=\"887\" data-end=\"953\">\n<p data-start=\"889\" data-end=\"953\"><strong data-start=\"889\" data-end=\"905\">Pralna mre\u017ea<\/strong> \u2013 za enostavno \u010di\u0161\u010denje in dolgotrajno uporabo.<\/p>\n<\/li>\n<li data-start=\"954\" data-end=\"1036\">\n<p data-start=\"956\" data-end=\"1036\"><strong data-start=\"956\" data-end=\"974\">Ro\u010dno izdelano<\/strong> \u2013 vsak kos je unikaten, narejen z mislijo na dobrobit \u017eivali.<\/p>\n<\/li>\n<\/ul>\n<h4 data-start=\"1038\" data-end=\"1056\">\ud83d\udccf Dimenzije:<\/h4>\n<ul data-start=\"1057\" data-end=\"1105\">\n<li data-start=\"1057\" data-end=\"1085\">\n<p data-start=\"1059\" data-end=\"1085\">Podno\u017eje: cca 30 x 60 cm<\/p>\n<\/li>\n<li data-start=\"1086\" data-end=\"1105\">\n<p data-start=\"1088\" data-end=\"1105\">Vi\u0161ina: cca 20 cm<\/p>\n<\/li>\n<\/ul>\n<h4 data-start=\"1107\" data-end=\"1125\">\ud83e\uddf5 Materiali:<\/h4>\n<ul data-start=\"1126\" data-end=\"1202\">\n<li data-start=\"1126\" data-end=\"1169\">\n<p data-start=\"1128\" data-end=\"1169\">Mre\u017ea: bomba\u017e + flis (s toplo medvlogo)<\/p>\n<\/li>\n<li data-start=\"1170\" data-end=\"1202\">\n<p data-start=\"1172\" data-end=\"1202\">Stojalo: naraven, nebarvan les<\/p>\n<\/li>\n<\/ul>\n<blockquote data-start=\"1204\" data-end=\"1293\">\n<p data-start=\"1206\" data-end=\"1293\">\u2757 Ni primerno kot igra\u010da za otroke.<\/p>\n<p data-start=\"1206\" data-end=\"1293\">**Leseni del je na fotografijah simboli\u010den.&nbsp;<\/p>\n<\/blockquote>\n<p>Mo\u017enost nakupa <a href=\"http:\/\/doncha.si\/?product=donchina-viseca-mreza-za-leseno-stojalo\">dodatne mre\u017ee<\/a>.<\/p>\n<p><strong>*OPOZORILO* Zaradi velikosti in te\u017ee paketa zna\u0161a po\u0161nina 9\u20ac*<\/strong><\/p>\n<p><em>Ponudnik se trudi po najbolj\u0161ih mo\u010deh prikazati&nbsp;izdelke&nbsp;\u010dim bolj&nbsp;realno. Kljub temu pa so mo\u017ena manj\u0161a&nbsp;odstopanja barv.<\/em><\/p>\n","protected":false},"featured_media":4742,"template":"","meta":{"ngg_post_thumbnail":0},"product_brand":[],"product_cat":[54,32],"product_tag":[],"class_list":{"0":"post-4745","1":"product","2":"type-product","3":"status-publish","4":"has-post-thumbnail","6":"product_cat-leseni_izdelki","7":"product_cat-mrezezastojalo","8":"product_shipping_class-vecji","10":"first","11":"instock","12":"shipping-taxable","13":"purchasable","14":"product-type-simple"},"_links":{"self":[{"href":"https:\/\/doncha.si\/sl\/wp-json\/wp\/v2\/product\/4745","targetHints":{"allow":["GET"]}}],"collection":[{"href":"https:\/\/doncha.si\/sl\/wp-json\/wp\/v2\/product"}],"about":[{"href":"https:\/\/doncha.si\/sl\/wp-json\/wp\/v2\/types\/product"}],"wp:featuredmedia":[{"embeddable":true,"href":"https:\/\/doncha.si\/sl\/wp-json\/wp\/v2\/media\/4742"}],"wp:attachment":[{"href":"https:\/\/doncha.si\/sl\/wp-json\/wp\/v2\/media?parent=4745"}],"wp:term":[{"taxonomy":"product_brand","embeddable":true,"href":"https:\/\/doncha.si\/sl\/wp-json\/wp\/v2\/product_brand?post=4745"},{"taxonomy":"product_cat","embeddable":true,"href":"https:\/\/doncha.si\/sl\/wp-json\/wp\/v2\/product_cat?post=4745"},{"taxonomy":"product_tag","embeddable":true,"href":"https:\/\/doncha.si\/sl\/wp-json\/wp\/v2\/product_tag?post=4745"}],"curies":[{"name":"wp","href":"https:\/\/api.w.org\/{rel}","templated":true}]}}