{"id":4735,"date":"2025-08-14T11:18:47","date_gmt":"2025-08-14T09:18:47","guid":{"rendered":"https:\/\/www.doncha.si\/?post_type=product&#038;p=4735"},"modified":"2026-03-29T20:37:55","modified_gmt":"2026-03-29T18:37:55","slug":"donchina-lesena-policka-2","status":"publish","type":"product","link":"https:\/\/doncha.si\/sl\/shop\/leseni_izdelki\/donchina-lesena-policka-2\/","title":{"rendered":"DonChina lesena poli\u010dka 2"},"content":{"rendered":"<p>\u2666 <a href=\"https:\/\/doncha.si\/uporaba-donchinega-pohistva-varnost\/\">Uporaba DonChinega pohi\u0161tva \u2013 VARNOST<\/a><\/p>\n<p>&nbsp;<\/p>\n","protected":false},"excerpt":{"rendered":"<p><span class=\"text_exposed_show\">DonChina poli\u010dka je enostavna za namestitev,&nbsp; na steno kletke (mre\u017ea)&nbsp;<\/span><\/p>\n<div class=\"x11i5rnm xat24cr x1mh8g0r x1vvkbs xtlvy1s x126k92a\">\n<div dir=\"auto\"><strong>Preberi!<\/strong> Poli\u010dke pritrdimo na &#8220;steno&#8221; kletke. Predstavljajo pomemben del opreme va\u0161e \u017eivalce in vsaka kletka bi naj imela nekaj poli\u010dk.<\/div>\n<\/div>\n<div class=\"x11i5rnm xat24cr x1mh8g0r x1vvkbs xtlvy1s x126k92a\">\n<div dir=\"auto\">\u010cin\u010dile rade ska\u010dejo med njimi. Morajo biti dovolj narazen, da lahko varno ska\u010dejo med poli\u010dkami. Pazite, da ju ne razmaknete preve\u010d drugo od druge, sicer se lahko va\u0161a \u010din\u010dila po\u0161koduje, ko ska\u010de z ene na drugo.<\/div>\n<div dir=\"auto\">Poleg tega, da va\u0161emu hi\u0161nemu ljubljen\u010dku nudijo vadbo, nudijo police tudi prostor za po\u010ditek. To je \u0161e posebej pomembno, \u010de ima va\u0161a kletka mre\u017easto dno, ki lahko po\u0161koduje noge va\u0161ega ljubljen\u010dka.<\/div>\n<\/div>\n<div class=\"x11i5rnm xat24cr x1mh8g0r x1vvkbs xtlvy1s x126k92a\">\n<div dir=\"auto\">\u010ce kletki dodate poli\u010dke, boste pove\u010dali tudi njen uporaben prostor, saj imajo kletke za npr.\u010din\u010dile ve\u010djo vi\u0161ino, da omogo\u010dajo plezanje. Poli\u010dke vam bodo pomagale izkoristiti dodaten navpi\u010dni prostor v kletki.<\/div>\n<div dir=\"auto\"><strong>Primerne tudi za druge \u017eivalce (podgana, \u010din\u010dila, ptice &#8211; golobi, papige, &#8230;.) Izdelam tudi po naro\u010dilu.<\/strong><\/div>\n<\/div>\n<p><strong><span class=\"text_exposed_show\">V kompletu dobite : <\/span><\/strong><\/p>\n<p><span class=\"text_exposed_show\">&#8211; lesena poli\u010dka<\/span><\/p>\n<p><span class=\"text_exposed_show\">&#8211; 4x leseni kvadratki (uporaba po \u017eelji &#8211; za bolj\u0161o pritrditev)<\/span><\/p>\n<p><span class=\"text_exposed_show\">&#8211;&nbsp; vijaki za namestitev so vstavljeni v poli\u010dko<\/span><\/p>\n<p><span class=\"text_exposed_show\">Namestitev po \u017eelji&nbsp;<\/span><\/p>\n<p><span class=\"text_exposed_show\">Namestimo sposobnostim va\u0161e \u017eivalce.&nbsp;<\/span><\/p>\n<p><span class=\"text_exposed_show\"><br \/>\nKer je les in \u010de to postavimo v uporabo glodalcu, pol vemo, da si bo le ta malo pobrusil zobke. Je&nbsp; smrekov les, ki je varen, saj se ga uporablja ravno za \u017eivalce.<\/span><\/p>\n<p>Velikosti: ca. 12 x 20cm<br \/>\nMaterial je les + vijaki<\/p>\n<p>DonCha logo je zalepljen z lepilom Mitol, ki je varen tudi za otroke. https:\/\/www.doncha.si\/uporaba-donchinega-pohistva-varnost\/<\/p>\n<div class=\"x11i5rnm xat24cr x1mh8g0r x1vvkbs xtlvy1s x126k92a\">&nbsp;<\/div>\n<div class=\"x11i5rnm xat24cr x1mh8g0r x1vvkbs xtlvy1s x126k92a\">\n<div dir=\"auto\">&nbsp;<\/div>\n<\/div>\n<p>&nbsp;<\/p>\n<p><em>Ponudnik se trudi po najbolj\u0161ih mo\u010deh prikazati izdelke \u010dim bolj realno. Kljub temu pa so mo\u017ena manj\u0161a odstopanja barv.<\/em><\/p>\n","protected":false},"featured_media":4737,"template":"","meta":{"ngg_post_thumbnail":0},"product_brand":[],"product_cat":[54],"product_tag":[],"class_list":{"0":"post-4735","1":"product","2":"type-product","3":"status-publish","4":"has-post-thumbnail","6":"product_cat-leseni_izdelki","8":"first","9":"instock","10":"shipping-taxable","11":"purchasable","12":"product-type-simple"},"_links":{"self":[{"href":"https:\/\/doncha.si\/sl\/wp-json\/wp\/v2\/product\/4735","targetHints":{"allow":["GET"]}}],"collection":[{"href":"https:\/\/doncha.si\/sl\/wp-json\/wp\/v2\/product"}],"about":[{"href":"https:\/\/doncha.si\/sl\/wp-json\/wp\/v2\/types\/product"}],"wp:featuredmedia":[{"embeddable":true,"href":"https:\/\/doncha.si\/sl\/wp-json\/wp\/v2\/media\/4737"}],"wp:attachment":[{"href":"https:\/\/doncha.si\/sl\/wp-json\/wp\/v2\/media?parent=4735"}],"wp:term":[{"taxonomy":"product_brand","embeddable":true,"href":"https:\/\/doncha.si\/sl\/wp-json\/wp\/v2\/product_brand?post=4735"},{"taxonomy":"product_cat","embeddable":true,"href":"https:\/\/doncha.si\/sl\/wp-json\/wp\/v2\/product_cat?post=4735"},{"taxonomy":"product_tag","embeddable":true,"href":"https:\/\/doncha.si\/sl\/wp-json\/wp\/v2\/product_tag?post=4735"}],"curies":[{"name":"wp","href":"https:\/\/api.w.org\/{rel}","templated":true}]}}