{"id":4720,"date":"2025-08-11T15:29:02","date_gmt":"2025-08-11T13:29:02","guid":{"rendered":"https:\/\/www.doncha.si\/?post_type=product&#038;p=4720"},"modified":"2026-03-29T18:56:54","modified_gmt":"2026-03-29T16:56:54","slug":"donchina-lesena-posteljica-pikapolonice","status":"publish","type":"product","link":"https:\/\/doncha.si\/sl\/shop\/lezisca\/lesenalezisca\/donchina-lesena-posteljica-pikapolonice\/","title":{"rendered":"DonChina lesena posteljica &#8220;Pikapolonice&#8221;"},"content":{"rendered":"<p>\u2666 <a href=\"https:\/\/www.doncha.si\/uporaba-nasih-izdelkov-za-zivali-pranje-in-vzdrzevanje\/\">Pranje in vzdr\u017eevanje<\/a><br \/>\n\u2666 <a href=\"https:\/\/doncha.si\/uporaba-donchinega-pohistva-varnost\/\">Uporaba DonChinega pohi\u0161tva \u2013 VARNOST<\/a><\/p>\n<p>&nbsp;<\/p>\n","protected":false},"excerpt":{"rendered":"<p data-start=\"150\" data-end=\"192\"><strong data-start=\"150\" data-end=\"190\">\ud83d\udecf\ufe0f Lesena posteljica za male \u017eivali<\/strong><\/p>\n<p data-start=\"194\" data-end=\"392\">Ta posteljica je idealna za vse, ki imate ve\u010dja bivali\u0161\u010da za svoje \u017eivalice \u2013 pa naj bo to v prostoru ali kar v kletki. Postavi\u0161 jo na \u017eeleno mesto in tvoj ljubljen\u010dek ima svoj koti\u010dek za po\u010ditek.<\/p>\n<p data-start=\"394\" data-end=\"426\">\u2728 <strong data-start=\"396\" data-end=\"424\">Zakaj jo bo \u017eivalca vzljubila:<\/strong><\/p>\n<ul data-start=\"427\" data-end=\"656\">\n<li data-start=\"427\" data-end=\"477\">\n<p data-start=\"429\" data-end=\"477\">Lep in naraven videz \u2013 pravi kos mini pohi\u0161tva<\/p>\n<\/li>\n<li data-start=\"478\" data-end=\"550\">\n<p data-start=\"480\" data-end=\"550\">Iz varnega, nebarvanega lesa \u2013 \u017eivalica si lahko varno pobrusi zobke<\/p>\n<\/li>\n<li data-start=\"551\" data-end=\"588\">\n<p data-start=\"553\" data-end=\"588\">Enostavno \u010di\u0161\u010denje in vzdr\u017eevanje<\/p>\n<\/li>\n<li data-start=\"589\" data-end=\"656\">\n<p data-start=\"591\" data-end=\"656\">Multifunkcionalna \u2013 obrni jo \u201cna glavo\u201d in dobi\u0161 prikupno hi\u0161ko<\/p>\n<\/li>\n<\/ul>\n<p data-start=\"658\" data-end=\"686\">\ud83d\udce6 <strong data-start=\"661\" data-end=\"684\">V kompletu prejme\u0161:<\/strong><\/p>\n<ul data-start=\"687\" data-end=\"779\">\n<li data-start=\"687\" data-end=\"714\">\n<p data-start=\"689\" data-end=\"714\">Leseno ogrodje (simboli\u010den kos na fotografijah)<\/p>\n<\/li>\n<li data-start=\"715\" data-end=\"740\">\n<p data-start=\"717\" data-end=\"740\">Nepremo\u010dljivo rjuhico<\/p>\n<\/li>\n<li data-start=\"741\" data-end=\"758\">\n<p data-start=\"743\" data-end=\"758\">Ve\u010djo blazino<\/p>\n<\/li>\n<li data-start=\"759\" data-end=\"779\">\n<p data-start=\"761\" data-end=\"779\">Manj\u0161o blazinico<\/p>\n<\/li>\n<\/ul>\n<p data-start=\"781\" data-end=\"820\">\ud83d\udccf <strong data-start=\"784\" data-end=\"793\">Mere:<\/strong> 20 \u00d7 30 cm, vi\u0161ina 13 cm<\/p>\n<p data-start=\"822\" data-end=\"917\">Ta posteljica ni le udoben koti\u010dek \u2013 je tudi okras, ki bo polep\u0161al prostor tvoje \u017eivalice. \ud83d\udc3e<\/p>\n<p>Materiali : Les, flis, bomba\u017e, nepremo\u010dljiva tkanina, polnila<br \/>\nBlazinice so pralne. Rjuhica vsebuje kvalitetno nepremo\u010dljivo blago (Oeko-Tex\u00ae Standard 100), bomba\u017ena vpojna tkanina). Njena zunanjost je tetra blago.&nbsp;<\/p>\n<p><strong>*OPOZORILO* Zaradi velikosti in te\u017ee paketa zna\u0161a po\u0161nina 9\u20ac*<\/strong><\/p>\n<p><em>Ponudnik se trudi po najbolj\u0161ih mo\u010deh prikazati izdelke \u010dim bolj realno. Kljub temu pa so mo\u017ena manj\u0161a odstopanja barv. (Barva je bolj turkiz ne\u017ena kot modra)<\/em><\/p>\n","protected":false},"featured_media":4721,"template":"","meta":{"ngg_post_thumbnail":0},"product_brand":[],"product_cat":[22,54,38],"product_tag":[],"class_list":{"0":"post-4720","1":"product","2":"type-product","3":"status-publish","4":"has-post-thumbnail","6":"product_cat-lezisca","7":"product_cat-leseni_izdelki","8":"product_cat-lesenalezisca","9":"product_shipping_class-vecji","11":"first","12":"instock","13":"shipping-taxable","14":"purchasable","15":"product-type-simple"},"_links":{"self":[{"href":"https:\/\/doncha.si\/sl\/wp-json\/wp\/v2\/product\/4720","targetHints":{"allow":["GET"]}}],"collection":[{"href":"https:\/\/doncha.si\/sl\/wp-json\/wp\/v2\/product"}],"about":[{"href":"https:\/\/doncha.si\/sl\/wp-json\/wp\/v2\/types\/product"}],"wp:featuredmedia":[{"embeddable":true,"href":"https:\/\/doncha.si\/sl\/wp-json\/wp\/v2\/media\/4721"}],"wp:attachment":[{"href":"https:\/\/doncha.si\/sl\/wp-json\/wp\/v2\/media?parent=4720"}],"wp:term":[{"taxonomy":"product_brand","embeddable":true,"href":"https:\/\/doncha.si\/sl\/wp-json\/wp\/v2\/product_brand?post=4720"},{"taxonomy":"product_cat","embeddable":true,"href":"https:\/\/doncha.si\/sl\/wp-json\/wp\/v2\/product_cat?post=4720"},{"taxonomy":"product_tag","embeddable":true,"href":"https:\/\/doncha.si\/sl\/wp-json\/wp\/v2\/product_tag?post=4720"}],"curies":[{"name":"wp","href":"https:\/\/api.w.org\/{rel}","templated":true}]}}