{"id":4674,"date":"2025-07-07T23:15:49","date_gmt":"2025-07-07T21:15:49","guid":{"rendered":"https:\/\/www.doncha.si\/?post_type=product&#038;p=4674"},"modified":"2026-03-29T20:34:04","modified_gmt":"2026-03-29T18:34:04","slug":"wc-papirko","status":"publish","type":"product","link":"https:\/\/doncha.si\/sl\/shop\/leseni_izdelki\/wc-papirko\/","title":{"rendered":"WC papirko"},"content":{"rendered":"<p>\u2666 <a href=\"https:\/\/doncha.si\/uporaba-donchinega-pohistva-varnost\/\">Uporaba DonChinega pohi\u0161tva \u2013 VARNOST<\/a><\/p>\n<p>&nbsp;<\/p>\n","protected":false},"excerpt":{"rendered":"<p><strong>WC papirko &#8211; DR\u017dALO!&nbsp;<\/strong><\/p>\n<p>Primerno za kletke.&nbsp; WC papirko bo va\u0161im podganam (oz. po \u017eelji)&nbsp; ponudil dodatno popestritev in zabavo.&nbsp;<\/p>\n<p>WC papir + leseno dr\u017ealo = sanje vsake podganice, deguja, &#8230;<br class=\"html-br\">Naj papir leti, dokler ne nastane najmehkej\u0161e gnezdece!&nbsp;<span class=\"html-span xexx8yu xyri2b x18d9i69 x1c1uobl x1hl2dhg x16tdsg8 x1vvkbs x3nfvp2 x1j61x8r x1fcty0u xdj266r xat24cr xm2jcoa x1mpyi22 xxymvpz xlup9mm x1kky2od\"><img loading=\"lazy\" decoding=\"async\" class=\"xz74otr x15mokao x1ga7v0g x16uus16 xbiv7yw\" src=\"https:\/\/static.xx.fbcdn.net\/images\/emoji.php\/v9\/t1e\/1\/16\/1f33f.png\" alt=\"\ud83c\udf3f\" width=\"16\" height=\"16\"><\/span><span class=\"html-span xexx8yu xyri2b x18d9i69 x1c1uobl x1hl2dhg x16tdsg8 x1vvkbs x3nfvp2 x1j61x8r x1fcty0u xdj266r xat24cr xm2jcoa x1mpyi22 xxymvpz xlup9mm x1kky2od\"><img loading=\"lazy\" decoding=\"async\" class=\"xz74otr x15mokao x1ga7v0g x16uus16 xbiv7yw\" src=\"https:\/\/static.xx.fbcdn.net\/images\/emoji.php\/v9\/tbf\/1\/16\/1f4a4.png\" alt=\"\ud83d\udca4\" width=\"16\" height=\"16\"><\/span><br class=\"html-br\"><br class=\"html-br\"><span class=\"html-span xexx8yu xyri2b x18d9i69 x1c1uobl x1hl2dhg x16tdsg8 x1vvkbs x3nfvp2 x1j61x8r x1fcty0u xdj266r xat24cr xm2jcoa x1mpyi22 xxymvpz xlup9mm x1kky2od\"><img loading=\"lazy\" decoding=\"async\" class=\"xz74otr x15mokao x1ga7v0g x16uus16 xbiv7yw\" src=\"https:\/\/static.xx.fbcdn.net\/images\/emoji.php\/v9\/t4c\/1\/16\/1fab5.png\" alt=\"\ud83e\udeb5\" width=\"16\" height=\"16\"><\/span><span class=\"html-span xexx8yu xyri2b x18d9i69 x1c1uobl x1hl2dhg x16tdsg8 x1vvkbs x3nfvp2 x1j61x8r x1fcty0u xdj266r xat24cr xm2jcoa x1mpyi22 xxymvpz xlup9mm x1kky2od\"><img loading=\"lazy\" decoding=\"async\" class=\"xz74otr x15mokao x1ga7v0g x16uus16 xbiv7yw\" src=\"https:\/\/static.xx.fbcdn.net\/images\/emoji.php\/v9\/t4d\/1\/16\/1f9fb.png\" alt=\"\ud83e\uddfb\" width=\"16\" height=\"16\"><\/span>&nbsp;Naravno. Zabavno. Nepogre\u0161ljivo.<br class=\"html-br\">Leseno dr\u017ealo za WC papir \u2013 ker vsak podganji brlog potrebuje nekaj mehkobe (in nereda).&nbsp;<\/p>\n<p><span class=\"text_exposed_show\">WC dr\u017ealko je enostaven za namestitev,&nbsp; na steno kletke (mre\u017ea).&nbsp;<\/span><\/p>\n<p><strong><span class=\"text_exposed_show\">V kompletu dobite : <\/span><\/strong><\/p>\n<p><span class=\"text_exposed_show\">&#8211;&nbsp; 3 x palica (2x 9cm&nbsp; 1x 13cm)<\/span><\/p>\n<p><span class=\"text_exposed_show\">&#8211; 4x leseni kvadratki (uporaba po \u017eelji &#8211; za bolj\u0161o pritrditev)<\/span><\/p>\n<p><span class=\"text_exposed_show\">&#8211;&nbsp; vijaki za namestitev<\/span><\/p>\n<p><span class=\"text_exposed_show\">Namestitev po \u017eelji<\/span><\/p>\n<p><span class=\"text_exposed_show\">V vi\u0161ino namestimo sposobnostim va\u0161e \u017eivalce<\/span><\/p>\n<p>&nbsp;<\/p>\n<p><span class=\"text_exposed_show\">Ker je les in \u010de to postavimo v uporabo glodalcu, pol vemo, da si bo le ta malo pobrusil zobke. Je popolnoma varno, saj&nbsp; les ni pobarvan.<\/span><\/p>\n<p><em>Ponudnik se trudi po najbolj\u0161ih mo\u010deh prikazati izdelke \u010dim bolj realno. Kljub temu pa so mo\u017ena manj\u0161a odstopanja barv.<\/em><\/p>\n","protected":false},"featured_media":4672,"template":"","meta":{"ngg_post_thumbnail":0},"product_brand":[],"product_cat":[54,62],"product_tag":[],"class_list":{"0":"post-4674","1":"product","2":"type-product","3":"status-publish","4":"has-post-thumbnail","6":"product_cat-leseni_izdelki","7":"product_cat-wc-papirko-drzalo","9":"first","10":"instock","11":"sale","12":"shipping-taxable","13":"purchasable","14":"product-type-simple"},"_links":{"self":[{"href":"https:\/\/doncha.si\/sl\/wp-json\/wp\/v2\/product\/4674","targetHints":{"allow":["GET"]}}],"collection":[{"href":"https:\/\/doncha.si\/sl\/wp-json\/wp\/v2\/product"}],"about":[{"href":"https:\/\/doncha.si\/sl\/wp-json\/wp\/v2\/types\/product"}],"wp:featuredmedia":[{"embeddable":true,"href":"https:\/\/doncha.si\/sl\/wp-json\/wp\/v2\/media\/4672"}],"wp:attachment":[{"href":"https:\/\/doncha.si\/sl\/wp-json\/wp\/v2\/media?parent=4674"}],"wp:term":[{"taxonomy":"product_brand","embeddable":true,"href":"https:\/\/doncha.si\/sl\/wp-json\/wp\/v2\/product_brand?post=4674"},{"taxonomy":"product_cat","embeddable":true,"href":"https:\/\/doncha.si\/sl\/wp-json\/wp\/v2\/product_cat?post=4674"},{"taxonomy":"product_tag","embeddable":true,"href":"https:\/\/doncha.si\/sl\/wp-json\/wp\/v2\/product_tag?post=4674"}],"curies":[{"name":"wp","href":"https:\/\/api.w.org\/{rel}","templated":true}]}}