{"id":4637,"date":"2025-03-27T15:21:58","date_gmt":"2025-03-27T14:21:58","guid":{"rendered":"https:\/\/www.doncha.si\/?post_type=product&#038;p=4637"},"modified":"2026-03-28T22:58:05","modified_gmt":"2026-03-28T21:58:05","slug":"donchina-viseca-mreza-3","status":"publish","type":"product","link":"https:\/\/doncha.si\/sl\/shop\/mreze\/dvojnamreza\/donchina-viseca-mreza-3\/","title":{"rendered":"DonChina vise\u010da mre\u017ea &#8220;4&#8221;"},"content":{"rendered":"<p>\u2666 <a href=\"https:\/\/www.doncha.si\/uporaba-visecih-mrez\/\">Uporaba vise\u010dih mre\u017e<\/a><br \/>\n\u2666 <a href=\"https:\/\/www.doncha.si\/uporaba-nasih-izdelkov-za-zivali-pranje-in-vzdrzevanje\/\">Pranje in vzdr\u017eevanje<\/a><br \/>\n\u2666 <a href=\"https:\/\/doncha.si\/uporaba-donchinega-pohistva-varnost\/\">Uporaba DonChinega pohi\u0161tva \u2013 VARNOST<\/a><\/p>\n<p>&nbsp;<\/p>\n","protected":false},"excerpt":{"rendered":"<p><strong>DonChina dvojna vise\u010da mre\u017ea za glodavce; extra &#8220;puhasta&#8221;, saj ima v obeh plasteh debelo polnilo<\/strong><\/p>\n<p>DonChina dvojna vise\u010da mre\u017ea je primerna za glodavce in je zasnovana za zagotavljanje udobnega prostora za po\u010ditek ali igro. Enostavno se obesi v kletko ali drug prostor, kjer glodavci pre\u017eivljajo svoj \u010das. Omogo\u010da, da se v njej sprostijo, hkrati pa jim ponuja mo\u017enost, da plezajo in raziskujejo vi\u0161je dele kletke.<\/p>\n<p>Vise\u010da mre\u017ea je tudi enostavna za \u010di\u0161\u010denje, kar je pomembno za ohranjanje \u010distega okolja za tvoje hi\u0161ne ljubljen\u010dke. Pomaga pri zagotavljanju varnega in stimulativnega okolja, kjer se \u017eivalce lahko sprostijo ali se igrajo. Idealna je za glodavce, ki u\u017eivajo v plezanju, visoki postavitvi in udobnem po\u010ditku.<\/p>\n<p>DonChino dvojna vise\u010da mre\u017ea za glodavce je obi\u010dajno na voljo v razli\u010dnih \u017eivahnih barvah, ki dodajo kan\u010dek zabave in barvitosti v prostor. \u010ceprav barve niso neposredno pomembne za funkcionalnost, pa omogo\u010dajo, da izbere\u0161 tisto, ki se najbolje ujema z notranjostjo kletke ali s tvojim osebnim slogom.<\/p>\n<p>Mo\u017een nakup s karabini *opcija izbire (4 kosi 2\u20ac)<br \/>\nVelikost: zgoraj ca. 28x28cm, spodaj ca. 28x28cm, vrvica za obesit meri 10cm<\/p>\n<p>Mre\u017ea je pre\u0161ita. Posebej kompaktna in mehka, saj je dodano polnilo<br \/>\nMaterial: Flis, polnilo,&nbsp; bomba\u017e vrvica&nbsp;<br \/>\nPralno!<\/p>\n<p><em>Ponudnik se trudi po najbolj\u0161ih mo\u010deh prikazati&nbsp;izdelke&nbsp;\u010dim bolj&nbsp;realno. Kljub temu pa so mo\u017ena manj\u0161a&nbsp;odstopanja barv.<\/em><\/p>\n","protected":false},"featured_media":4845,"template":"","meta":{"ngg_post_thumbnail":0},"product_brand":[],"product_cat":[23,34],"product_tag":[],"class_list":{"0":"post-4637","1":"product","2":"type-product","3":"status-publish","4":"has-post-thumbnail","6":"product_cat-mreze","7":"product_cat-dvojnamreza","9":"first","10":"outofstock","11":"shipping-taxable","12":"purchasable","13":"product-type-variable"},"_links":{"self":[{"href":"https:\/\/doncha.si\/sl\/wp-json\/wp\/v2\/product\/4637","targetHints":{"allow":["GET"]}}],"collection":[{"href":"https:\/\/doncha.si\/sl\/wp-json\/wp\/v2\/product"}],"about":[{"href":"https:\/\/doncha.si\/sl\/wp-json\/wp\/v2\/types\/product"}],"wp:featuredmedia":[{"embeddable":true,"href":"https:\/\/doncha.si\/sl\/wp-json\/wp\/v2\/media\/4845"}],"wp:attachment":[{"href":"https:\/\/doncha.si\/sl\/wp-json\/wp\/v2\/media?parent=4637"}],"wp:term":[{"taxonomy":"product_brand","embeddable":true,"href":"https:\/\/doncha.si\/sl\/wp-json\/wp\/v2\/product_brand?post=4637"},{"taxonomy":"product_cat","embeddable":true,"href":"https:\/\/doncha.si\/sl\/wp-json\/wp\/v2\/product_cat?post=4637"},{"taxonomy":"product_tag","embeddable":true,"href":"https:\/\/doncha.si\/sl\/wp-json\/wp\/v2\/product_tag?post=4637"}],"curies":[{"name":"wp","href":"https:\/\/api.w.org\/{rel}","templated":true}]}}