{"id":4486,"date":"2024-11-27T12:38:31","date_gmt":"2024-11-27T11:38:31","guid":{"rendered":"https:\/\/www.doncha.si\/?post_type=product&#038;p=4486"},"modified":"2026-03-29T20:29:31","modified_gmt":"2026-03-29T18:29:31","slug":"donchin-tipi-avokado","status":"publish","type":"product","link":"https:\/\/doncha.si\/sl\/shop\/donchin-tipi\/donchin-tipi-avokado\/","title":{"rendered":"DonChin Tipi &#8220;Avokado&#8221;"},"content":{"rendered":"<p>\u2666 <a href=\"https:\/\/www.doncha.si\/uporaba-nasih-izdelkov-za-zivali-pranje-in-vzdrzevanje\/\">Pranje in vzdr\u017eevanje<\/a><br \/>\n\u2666 <a href=\"https:\/\/doncha.si\/uporaba-donchinega-pohistva-varnost\/\">Uporaba DonChinega pohi\u0161tva \u2013 VARNOST<\/a><\/p>\n<p>&nbsp;<\/p>\n","protected":false},"excerpt":{"rendered":"<p><strong>DonChin Tipi&nbsp;<\/strong><\/p>\n<p><strong> Udobno skrivali\u0161\u010de za manj\u0161e \u017eivalice<\/strong><\/p>\n<p>Popoln koti\u010dek za manj\u0161e ljubljen\u010dke, kot so morski pra\u0161i\u010dki, podganice, je\u017eki ali druge \u017eivalice \u2013 po \u017eelji in potrebah va\u0161ih kosmatincev. Ta unikatna hi\u0161ica iz blaga bo hitro postala najljub\u0161e skrivali\u0161\u010de va\u0161ih kosmatincev \u2013 kot nala\u0161\u010d za spro\u0161\u010danje, spanje ali igranje.<\/p>\n<p><strong>Mere ca.&nbsp;<\/strong> &#8211; Vi\u0161ina: ca.34cm, \u0161irina ca.29cm, vhod 14x14cm<\/p>\n<p><strong>Material:<\/strong> Flis, pena, polnilo, nepremo\u010dljiv material&nbsp;<\/p>\n<p><strong>Lastnosti DonChinega tipija:<\/strong><\/p>\n<ul>\n<li><strong>Privla\u010dna oblika:<\/strong> Zasnova v obliki indijanskega \u0161otora ni le estetska, temve\u010d tudi prakti\u010dna, saj nudi ob\u010dutek zavetja in varnosti.<\/li>\n<li><strong>Izbrani materiali:<\/strong> Izdelan je iz kakovostnega in vzdr\u017eljivega blaga, ki zagotavlja udobje in dolgo \u017eivljenjsko dobo.<\/li>\n<li><strong>Lahka namestitev:<\/strong> Tipi se enostavno postavi na katerokoli mesto v kletki, na prostem ali v sobi<\/li>\n<\/ul>\n<p><strong>Zakaj izbrati DonChin tipi?<\/strong><br \/>\nTipi ni le ljubek dodatek, ampak tudi prostor, kjer se \u017eivalica lahko po\u010duti varno in spro\u0161\u010deno. S svojo unikatno izdelavo&nbsp; prina\u0161a udobje va\u0161im ljubljen\u010dkom in lep izgled njihovemu bivali\u0161\u010du.<\/p>\n<p>Odlikuje ga trdna in kompaktna zasnova. <strong>Dodana nepremo\u010dljiva podloga:<\/strong> Prilo\u017eena podloga omogo\u010da, da ni potrebno vedno prati celotnega tipija \u2013 prakti\u010dna re\u0161itev za la\u017eje vzdr\u017eevanje.<\/p>\n<p><strong>Vzdr\u017eevanje:<\/strong><br \/>\nTipi je popolnoma pralen. Da bi izdelek ohranil svojo prvotno obliko:<\/p>\n<ol>\n<li>Perite na ne\u017enem programu (30\u201340 \u00b0C), pri \u010demer naj boben ne bo prenapolnjen.<\/li>\n<li>Po pranju izdelek takoj vzemite iz pralnega stroja in ga ro\u010dno oblikujte nazaj v prvotno obliko.<\/li>\n<li>Su\u0161ite na zraku, ne uporabljajte su\u0161ilca.<\/li>\n<\/ol>\n<p>DonChin Tipi je popolno skrivali\u0161\u010de, ki zdru\u017euje prakti\u010dnost, udobje in \u010dudovit izgled za va\u0161e male prijatelje. \ud83d\udc3e\ud83d\udc9b<\/p>\n<p><em>Ponudnik se trudi po najbolj\u0161ih mo\u010deh prikazati&nbsp;izdelke&nbsp;\u010dim bolj&nbsp;realno. Kljub temu pa so mo\u017ena manj\u0161a&nbsp;odstopanja barv.<\/em><\/p>\n","protected":false},"featured_media":4484,"template":"","meta":{"ngg_post_thumbnail":0},"product_brand":[],"product_cat":[51],"product_tag":[],"class_list":{"0":"post-4486","1":"product","2":"type-product","3":"status-publish","4":"has-post-thumbnail","6":"product_cat-donchin-tipi","7":"product_shipping_class-tipi","9":"first","10":"instock","11":"shipping-taxable","12":"purchasable","13":"product-type-simple"},"_links":{"self":[{"href":"https:\/\/doncha.si\/sl\/wp-json\/wp\/v2\/product\/4486","targetHints":{"allow":["GET"]}}],"collection":[{"href":"https:\/\/doncha.si\/sl\/wp-json\/wp\/v2\/product"}],"about":[{"href":"https:\/\/doncha.si\/sl\/wp-json\/wp\/v2\/types\/product"}],"wp:featuredmedia":[{"embeddable":true,"href":"https:\/\/doncha.si\/sl\/wp-json\/wp\/v2\/media\/4484"}],"wp:attachment":[{"href":"https:\/\/doncha.si\/sl\/wp-json\/wp\/v2\/media?parent=4486"}],"wp:term":[{"taxonomy":"product_brand","embeddable":true,"href":"https:\/\/doncha.si\/sl\/wp-json\/wp\/v2\/product_brand?post=4486"},{"taxonomy":"product_cat","embeddable":true,"href":"https:\/\/doncha.si\/sl\/wp-json\/wp\/v2\/product_cat?post=4486"},{"taxonomy":"product_tag","embeddable":true,"href":"https:\/\/doncha.si\/sl\/wp-json\/wp\/v2\/product_tag?post=4486"}],"curies":[{"name":"wp","href":"https:\/\/api.w.org\/{rel}","templated":true}]}}