{"id":4403,"date":"2024-11-16T12:56:14","date_gmt":"2024-11-16T11:56:14","guid":{"rendered":"https:\/\/www.doncha.si\/?post_type=product&#038;p=4403"},"modified":"2026-04-13T13:59:00","modified_gmt":"2026-04-13T11:59:00","slug":"donchina-vreca-brisacka-cebelice2","status":"publish","type":"product","link":"https:\/\/doncha.si\/sl\/shop\/vrece\/vrece_vecje\/donchina-vreca-brisacka-cebelice2\/","title":{"rendered":"DonChina vre\u010da brisa\u010dka &#8220;\u010cebelice2&#8221;"},"content":{"rendered":"<p>\u2666 Zakaj in kdo uporablja DonChino vre\u010do? <a href=\"https:\/\/www.doncha.si\/uporaba-vrece\/\">Preberi<\/a>!<br \/>\n\u2666 <a href=\"https:\/\/www.doncha.si\/uporaba-nasih-izdelkov-za-zivali-pranje-in-vzdrzevanje\/\">Pranje in vzdr\u017eevanje<\/a><br \/>\n\u2666 <a href=\"https:\/\/doncha.si\/uporaba-donchinega-pohistva-varnost\/\">Uporaba DonChinega pohi\u0161tva \u2013 VARNOST<\/a><\/p>\n<p>&nbsp;<\/p>\n","protected":false},"excerpt":{"rendered":"<p><b>Zakaj izbrati DonChino Vre\u010do Brisa\u010dko?<\/b><\/p>\n<p>Z veseljem vam predstavljamo <b>DonChino Vre\u010do Brisa\u010dko<\/b> \u2013 inovativno re\u0161itev, ki nadome\u0161\u010da obi\u010dajne brisa\u010de. Po raziskavah smo ugotovili, da ve\u010dina skrbnikov po kopanju uporablja svoje stare brisa\u010de, zdaj pa lahko va\u0161 ljubljen\u010dek dobi <b>svojo posebej oblikovano brisa\u010dko.<\/b><\/p>\n<ul>\n<li>Omogo\u010da, da se va\u0161 ljubljen\u010dek po kopanju udobno zavije, skrije, posu\u0161i in ohranja toploto<\/li>\n<li>Enostavna za uporabo in dovolj elegantna, da jo lahko obesite kar v kopalnici<\/li>\n<li>Mehka in prijazna do ko\u017ee va\u0161ega ljubljen\u010dka \u2013 izdelana iz flisa in vpojnega frotirja<\/li>\n<li>Primerna tudi za carkljanje<\/li>\n<li>Lahko jo uporabljate kot vsako drugo DonChino vre\u010do<\/li>\n<\/ul>\n<p><strong>Vre\u010da<\/strong> nudi \u017eivalci varnost, toplino in zavetje. Nepogre\u0161ljiv dodatek v kolikor ste dobili novega \u010dlana! Navajanje na vas, na va\u0161e roke bo la\u017eje z vre\u010do. Prena\u0161anje iz kletke in nazaj je la\u017eje. Za \u017eivalco&nbsp; manj stresno. Morebitni obiski pri veterinarju bodo manj stresni. <em>Za gole morske pra\u0161i\u010dke, je\u017eke obvezen dodatek.<\/em><\/p>\n<p>Mere ca. : 22(\u0161)x30(d)cm<br \/>\nMaterial Flis, bomba\u017e\/frotir. Vre\u010da je pralna, skriti \u0161iv<\/p>\n<p><em>Ponudnik se trudi po najbolj\u0161ih mo\u010deh prikazati&nbsp;izdelke&nbsp;\u010dim bolj&nbsp;realno. Kljub temu pa so mo\u017ena manj\u0161a&nbsp;odstopanja barv.<\/em><\/p>\n","protected":false},"featured_media":4399,"template":"","meta":{"ngg_post_thumbnail":0},"product_brand":[],"product_cat":[17,36],"product_tag":[],"class_list":{"0":"post-4403","1":"product","2":"type-product","3":"status-publish","4":"has-post-thumbnail","6":"product_cat-vrece","7":"product_cat-vrece_vecje","9":"first","10":"instock","11":"sale","12":"shipping-taxable","13":"purchasable","14":"product-type-simple"},"_links":{"self":[{"href":"https:\/\/doncha.si\/sl\/wp-json\/wp\/v2\/product\/4403","targetHints":{"allow":["GET"]}}],"collection":[{"href":"https:\/\/doncha.si\/sl\/wp-json\/wp\/v2\/product"}],"about":[{"href":"https:\/\/doncha.si\/sl\/wp-json\/wp\/v2\/types\/product"}],"wp:featuredmedia":[{"embeddable":true,"href":"https:\/\/doncha.si\/sl\/wp-json\/wp\/v2\/media\/4399"}],"wp:attachment":[{"href":"https:\/\/doncha.si\/sl\/wp-json\/wp\/v2\/media?parent=4403"}],"wp:term":[{"taxonomy":"product_brand","embeddable":true,"href":"https:\/\/doncha.si\/sl\/wp-json\/wp\/v2\/product_brand?post=4403"},{"taxonomy":"product_cat","embeddable":true,"href":"https:\/\/doncha.si\/sl\/wp-json\/wp\/v2\/product_cat?post=4403"},{"taxonomy":"product_tag","embeddable":true,"href":"https:\/\/doncha.si\/sl\/wp-json\/wp\/v2\/product_tag?post=4403"}],"curies":[{"name":"wp","href":"https:\/\/api.w.org\/{rel}","templated":true}]}}