{"id":4321,"date":"2024-10-14T14:44:58","date_gmt":"2024-10-14T12:44:58","guid":{"rendered":"https:\/\/www.doncha.si\/?post_type=product&#038;p=4321"},"modified":"2026-03-29T20:30:23","modified_gmt":"2026-03-29T18:30:23","slug":"donchin-kunko-pike-s","status":"publish","type":"product","link":"https:\/\/doncha.si\/sl\/shop\/donchin-kunko-lezisce\/donchin-kunko-pike-s\/","title":{"rendered":"DonChin Kunko &#8220;Pike S&#8221;"},"content":{"rendered":"<p>\u2666 <a href=\"https:\/\/www.doncha.si\/uporaba-nasih-izdelkov-za-zivali-pranje-in-vzdrzevanje\/\">Pranje in vzdr\u017eevanje<\/a><br \/>\n\u2666 <a href=\"https:\/\/doncha.si\/uporaba-donchinega-pohistva-varnost\/\">Uporaba DonChinega pohi\u0161tva \u2013 VARNOST<\/a><\/p>\n<p>&nbsp;<\/p>\n","protected":false},"excerpt":{"rendered":"<div dir=\"auto\">\n<p data-start=\"134\" data-end=\"178\"><strong data-start=\"134\" data-end=\"176\">\ud83d\udc30 DonChino Kunko le\u017ei\u0161\u010de \u2013 velikost S<\/strong><\/p>\n<p data-start=\"180\" data-end=\"349\">To mehko in udobno le\u017ei\u0161\u010de obo\u017eujejo predvsem <strong data-start=\"226\" data-end=\"235\">kunci<\/strong>, a je primerno tudi za druge \u017eivalce \u2013 muce, manj\u0161e ku\u017eke, dihurje in razli\u010dne glodavce (v ustrezni velikosti).<\/p>\n<p data-start=\"351\" data-end=\"654\">\u2728 Izdelano iz <strong data-start=\"365\" data-end=\"383\">flisa in pli\u0161a<\/strong> \u2013 \u017eivalco ne\u017eno objame med dve mehki blazini, ki zagotavljata ob\u010dutek varnosti in popolno udobje med po\u010ditkom.<br data-start=\"494\" data-end=\"497\">\u2728 <strong data-start=\"499\" data-end=\"525\">Obojestransko uporabno<\/strong>.<br data-start=\"526\" data-end=\"529\">\u2728 <strong data-start=\"531\" data-end=\"541\">Pralno<\/strong> (ne\u017een program) \u2013 po pranju priporo\u010damo, da le\u017ei\u0161\u010de vzamete iz stroja in ga oblikujete nazaj v prvotno obliko.<\/p>\n<p data-start=\"656\" data-end=\"694\">\ud83d\udccf <strong data-start=\"659\" data-end=\"692\">Na voljo v \u0161tirih velikostih:<\/strong><\/p>\n<ul data-start=\"695\" data-end=\"791\">\n<li data-start=\"695\" data-end=\"719\">\n<p data-start=\"697\" data-end=\"719\">XS \u2013 cca. 33 \u00d7 39 cm<\/p>\n<\/li>\n<li data-start=\"720\" data-end=\"743\">\n<p data-start=\"722\" data-end=\"743\">S \u2013 cca. 38 \u00d7 45 cm<\/p>\n<\/li>\n<li data-start=\"744\" data-end=\"767\">\n<p data-start=\"746\" data-end=\"767\">M \u2013 cca. 42 \u00d7 50 cm<\/p>\n<\/li>\n<li data-start=\"768\" data-end=\"791\">\n<p data-start=\"770\" data-end=\"791\">L \u2013 cca. 48 \u00d7 60 cm<\/p>\n<\/li>\n<\/ul>\n<p data-start=\"793\" data-end=\"835\"><strong data-start=\"793\" data-end=\"833\">Kunko le\u017ei\u0161\u010de \u2013 ker udobje \u0161teje. \ud83d\udc3e<\/strong><\/p>\n<\/div>\n<p><em>Ponudnik se trudi po najbolj\u0161ih mo\u010deh prikazati&nbsp;izdelke&nbsp;\u010dim bolj&nbsp;realno. Kljub temu pa so mo\u017ena manj\u0161a&nbsp;odstopanja barv.<\/em><\/p>\n","protected":false},"featured_media":4317,"template":"","meta":{"ngg_post_thumbnail":0},"product_brand":[],"product_cat":[55],"product_tag":[],"class_list":{"0":"post-4321","1":"product","2":"type-product","3":"status-publish","4":"has-post-thumbnail","6":"product_cat-donchin-kunko-lezisce","7":"product_shipping_class-kunko","9":"first","10":"instock","11":"sale","12":"shipping-taxable","13":"purchasable","14":"product-type-simple"},"_links":{"self":[{"href":"https:\/\/doncha.si\/sl\/wp-json\/wp\/v2\/product\/4321","targetHints":{"allow":["GET"]}}],"collection":[{"href":"https:\/\/doncha.si\/sl\/wp-json\/wp\/v2\/product"}],"about":[{"href":"https:\/\/doncha.si\/sl\/wp-json\/wp\/v2\/types\/product"}],"wp:featuredmedia":[{"embeddable":true,"href":"https:\/\/doncha.si\/sl\/wp-json\/wp\/v2\/media\/4317"}],"wp:attachment":[{"href":"https:\/\/doncha.si\/sl\/wp-json\/wp\/v2\/media?parent=4321"}],"wp:term":[{"taxonomy":"product_brand","embeddable":true,"href":"https:\/\/doncha.si\/sl\/wp-json\/wp\/v2\/product_brand?post=4321"},{"taxonomy":"product_cat","embeddable":true,"href":"https:\/\/doncha.si\/sl\/wp-json\/wp\/v2\/product_cat?post=4321"},{"taxonomy":"product_tag","embeddable":true,"href":"https:\/\/doncha.si\/sl\/wp-json\/wp\/v2\/product_tag?post=4321"}],"curies":[{"name":"wp","href":"https:\/\/api.w.org\/{rel}","templated":true}]}}