{"id":4302,"date":"2024-10-04T12:45:41","date_gmt":"2024-10-04T10:45:41","guid":{"rendered":"https:\/\/www.doncha.si\/?post_type=product&#038;p=4302"},"modified":"2026-03-29T20:30:19","modified_gmt":"2026-03-29T18:30:19","slug":"donchin-kunko-avokado","status":"publish","type":"product","link":"https:\/\/doncha.si\/sl\/shop\/donchin-kunko-lezisce\/donchin-kunko-avokado\/","title":{"rendered":"DonChin Kunko &#8220;Avokado S&#8221;"},"content":{"rendered":"<p>\u2666 <a href=\"https:\/\/www.doncha.si\/uporaba-nasih-izdelkov-za-zivali-pranje-in-vzdrzevanje\/\">Pranje in vzdr\u017eevanje<\/a><br \/>\n\u2666 <a href=\"https:\/\/doncha.si\/uporaba-donchinega-pohistva-varnost\/\">Uporaba DonChinega pohi\u0161tva \u2013 VARNOST<\/a><\/p>\n<p>&nbsp;<\/p>\n","protected":false},"excerpt":{"rendered":"<p data-start=\"116\" data-end=\"181\"><strong data-start=\"116\" data-end=\"160\">\ud83c\udf3b DonChin Kunko \u201cAvokado\u201d \u2013 velikost S<\/strong><\/p>\n<p data-start=\"183\" data-end=\"352\">To mehko in udobno le\u017ei\u0161\u010de obo\u017eujejo predvsem <strong data-start=\"229\" data-end=\"238\">kunci<\/strong>, a je primerno tudi za druge \u017eivalce \u2013 muce, manj\u0161e ku\u017eke, dihurje in razli\u010dne glodavce (v ustrezni velikosti).<\/p>\n<p data-start=\"354\" data-end=\"654\">\u2728 Izdelano iz <strong data-start=\"368\" data-end=\"387\">flisa in \u017eameta<\/strong> \u2013 va\u0161o \u017eivalco ne\u017eno objame med dve mehki blazini, ki ji zagotavljata ob\u010dutek varnosti in spro\u0161\u010den spanec.<br data-start=\"494\" data-end=\"497\">\u2728 <strong data-start=\"499\" data-end=\"525\">Obojestransko uporabno<\/strong>.<br data-start=\"526\" data-end=\"529\">\u2728 <strong data-start=\"531\" data-end=\"541\">Pralno<\/strong> (ne\u017een program) \u2013 po pranju priporo\u010damo, da le\u017ei\u0161\u010de vzamete iz stroja in ga oblikujete nazaj v prvotno obliko.<\/p>\n<p data-start=\"656\" data-end=\"689\">\ud83d\udccf <strong data-start=\"659\" data-end=\"687\">Velikosti Kunko le\u017ei\u0161\u010da:<\/strong><\/p>\n<ul data-start=\"690\" data-end=\"786\">\n<li data-start=\"690\" data-end=\"714\">\n<p data-start=\"692\" data-end=\"714\">XS \u2013 cca. 33 \u00d7 39 cm<\/p>\n<\/li>\n<li data-start=\"715\" data-end=\"738\">\n<p data-start=\"717\" data-end=\"738\">S \u2013 cca. 38 \u00d7 45 cm<\/p>\n<\/li>\n<li data-start=\"739\" data-end=\"762\">\n<p data-start=\"741\" data-end=\"762\">M \u2013 cca. 42 \u00d7 50 cm<\/p>\n<\/li>\n<li data-start=\"763\" data-end=\"786\">\n<p data-start=\"765\" data-end=\"786\">L \u2013 cca. 48 \u00d7 60 cm<\/p>\n<\/li>\n<\/ul>\n<p data-start=\"788\" data-end=\"859\"><strong data-start=\"788\" data-end=\"857\">Kunko le\u017ei\u0161\u010de \u2013 za udobje in varnost va\u0161ega malega prijatelja. \ud83d\udc3e<\/strong><\/p>\n<p><em>Ponudnik se trudi po najbolj\u0161ih mo\u010deh prikazati&nbsp;izdelke&nbsp;\u010dim bolj&nbsp;realno. Kljub temu pa so mo\u017ena manj\u0161a&nbsp;odstopanja barv.<\/em><\/p>\n","protected":false},"featured_media":4301,"template":"","meta":{"ngg_post_thumbnail":0},"product_brand":[],"product_cat":[55],"product_tag":[],"class_list":{"0":"post-4302","1":"product","2":"type-product","3":"status-publish","4":"has-post-thumbnail","6":"product_cat-donchin-kunko-lezisce","7":"product_shipping_class-kunko","9":"first","10":"instock","11":"shipping-taxable","12":"purchasable","13":"product-type-simple"},"_links":{"self":[{"href":"https:\/\/doncha.si\/sl\/wp-json\/wp\/v2\/product\/4302","targetHints":{"allow":["GET"]}}],"collection":[{"href":"https:\/\/doncha.si\/sl\/wp-json\/wp\/v2\/product"}],"about":[{"href":"https:\/\/doncha.si\/sl\/wp-json\/wp\/v2\/types\/product"}],"wp:featuredmedia":[{"embeddable":true,"href":"https:\/\/doncha.si\/sl\/wp-json\/wp\/v2\/media\/4301"}],"wp:attachment":[{"href":"https:\/\/doncha.si\/sl\/wp-json\/wp\/v2\/media?parent=4302"}],"wp:term":[{"taxonomy":"product_brand","embeddable":true,"href":"https:\/\/doncha.si\/sl\/wp-json\/wp\/v2\/product_brand?post=4302"},{"taxonomy":"product_cat","embeddable":true,"href":"https:\/\/doncha.si\/sl\/wp-json\/wp\/v2\/product_cat?post=4302"},{"taxonomy":"product_tag","embeddable":true,"href":"https:\/\/doncha.si\/sl\/wp-json\/wp\/v2\/product_tag?post=4302"}],"curies":[{"name":"wp","href":"https:\/\/api.w.org\/{rel}","templated":true}]}}