{"id":4299,"date":"2024-10-04T12:40:43","date_gmt":"2024-10-04T10:40:43","guid":{"rendered":"https:\/\/www.doncha.si\/?post_type=product&#038;p=4299"},"modified":"2025-05-28T14:17:46","modified_gmt":"2025-05-28T12:17:46","slug":"donchin-kunko-tommy-s-kopija","status":"publish","type":"product","link":"https:\/\/doncha.si\/sl\/shop\/donchin-kunko-lezisce\/donchin-kunko-tommy-s-kopija\/","title":{"rendered":"DonChin Kunko &#8220;Pli\u0161 S&#8221;"},"content":{"rendered":"<p>\u2666 <a href=\"https:\/\/www.doncha.si\/uporaba-nasih-izdelkov-za-zivali-pranje-in-vzdrzevanje\/\">Pranje in vzdr\u017eevanje<\/a><br \/>\n\u2666 <a href=\"https:\/\/doncha.si\/uporaba-donchinega-pohistva-varnost\/\">Uporaba DonChinega pohi\u0161tva \u2013 VARNOST<\/a><\/p>\n<p>&nbsp;<\/p>\n","protected":false},"excerpt":{"rendered":"<div dir=\"auto\"><strong>DonChino Kunko le\u017ei\u0161\u010de velikost S<\/strong><\/div>\n<div dir=\"auto\">\n<div dir=\"auto\">To obliko le\u017ei\u0161\u010da obo\u017eujejo \u0161e posebej kunci <strong>(<\/strong> <strong>je primerno tudi za druge \u017eivalce; muce, manj\u0161e ku\u017eke, dihurje, glodavce; seveda v primerni velikosti ).<\/strong><\/div>\n<div dir=\"auto\">&nbsp;<\/div>\n<div dir=\"auto\">DonChin Kunko iz flisa in pli\u0161a.&nbsp; Stisne va\u0161o \u017eivalco med dve mehki blazini, ki zagotavljajo ob\u010dutek varnosti in udobja med spanjem.<\/div>\n<div dir=\"auto\">Obojestransko uporabno.&nbsp;<\/div>\n<\/div>\n<div dir=\"auto\">&nbsp;<\/div>\n<div dir=\"auto\">Kunko le\u017ei\u0161\u010de je izdelano iz flisa in pli\u0161a. Polnilo. Pralno &#8211; ne\u017een program!<\/div>\n<div dir=\"auto\">========================================================<\/div>\n<div dir=\"auto\">Zaenkrat so&nbsp; v \u0161tirih velikostih :<\/div>\n<div dir=\"auto\"><em>XS &#8211; ca. 33x39cm<\/em><\/div>\n<div dir=\"auto\"><strong>S &#8211; ca. 38x45cm<\/strong><\/div>\n<div dir=\"auto\"><em>M -ca. 42x50cm<\/em><\/div>\n<div dir=\"auto\"><em>L &#8211; ca. 48x60cm<\/em><\/div>\n<p><strong>Priporo\u010dam, <\/strong>da Kunko po pranju vzamete iz stroja in &#8220;postavite v njegovo obliko&#8221;.<\/p>\n<p><em>Ponudnik se trudi po najbolj\u0161ih mo\u010deh prikazati&nbsp;izdelke&nbsp;\u010dim bolj&nbsp;realno. Kljub temu pa so mo\u017ena manj\u0161a&nbsp;odstopanja barv.<\/em><\/p>\n","protected":false},"featured_media":4296,"template":"","meta":{"ngg_post_thumbnail":0},"product_brand":[],"product_cat":[55],"product_tag":[],"class_list":{"0":"post-4299","1":"product","2":"type-product","3":"status-publish","4":"has-post-thumbnail","6":"product_cat-donchin-kunko-lezisce","7":"product_shipping_class-kunko","9":"first","10":"outofstock","11":"shipping-taxable","12":"purchasable","13":"product-type-simple"},"_links":{"self":[{"href":"https:\/\/doncha.si\/sl\/wp-json\/wp\/v2\/product\/4299","targetHints":{"allow":["GET"]}}],"collection":[{"href":"https:\/\/doncha.si\/sl\/wp-json\/wp\/v2\/product"}],"about":[{"href":"https:\/\/doncha.si\/sl\/wp-json\/wp\/v2\/types\/product"}],"wp:featuredmedia":[{"embeddable":true,"href":"https:\/\/doncha.si\/sl\/wp-json\/wp\/v2\/media\/4296"}],"wp:attachment":[{"href":"https:\/\/doncha.si\/sl\/wp-json\/wp\/v2\/media?parent=4299"}],"wp:term":[{"taxonomy":"product_brand","embeddable":true,"href":"https:\/\/doncha.si\/sl\/wp-json\/wp\/v2\/product_brand?post=4299"},{"taxonomy":"product_cat","embeddable":true,"href":"https:\/\/doncha.si\/sl\/wp-json\/wp\/v2\/product_cat?post=4299"},{"taxonomy":"product_tag","embeddable":true,"href":"https:\/\/doncha.si\/sl\/wp-json\/wp\/v2\/product_tag?post=4299"}],"curies":[{"name":"wp","href":"https:\/\/api.w.org\/{rel}","templated":true}]}}