{"id":4024,"date":"2024-02-02T13:58:45","date_gmt":"2024-02-02T12:58:45","guid":{"rendered":"https:\/\/www.doncha.si\/?post_type=product&#038;p=4024"},"modified":"2026-04-07T20:15:56","modified_gmt":"2026-04-07T18:15:56","slug":"donchina-viseca-mreza-vojasko-rjava-umetno-krzno","status":"publish","type":"product","link":"https:\/\/doncha.si\/sl\/shop\/mreze\/visecamreza\/donchina-viseca-mreza-vojasko-rjava-umetno-krzno\/","title":{"rendered":"DonChina vise\u010da mre\u017ea &#8220;Voja\u0161ko rjava &#8211; umetno krzno&#8221;"},"content":{"rendered":"<p>\u2666 <a href=\"https:\/\/www.doncha.si\/uporaba-visecih-mrez\/\">Uporaba vise\u010dih mre\u017e<\/a><br \/>\n\u2666 <a href=\"https:\/\/www.doncha.si\/uporaba-nasih-izdelkov-za-zivali-pranje-in-vzdrzevanje\/\">Pranje in vzdr\u017eevanje<\/a><br \/>\n\u2666 <a href=\"https:\/\/doncha.si\/uporaba-donchinega-pohistva-varnost\/\">Uporaba DonChinega pohi\u0161tva \u2013 VARNOST<\/a><\/p>\n<p>&nbsp;<\/p>\n","protected":false},"excerpt":{"rendered":"<p><strong>DonChina vise\u010da mre\u017ea z dodanim v\u0161itim umetnim krzno<\/strong><\/p>\n<p>DonChina kosmata vise\u010dka za u\u017eivanje in carkljanje. Umetno krzno je po celotni eni ploskve vise\u010de mre\u017ee. Druga stran je flis.<br \/>\nNamestitev v kletko oz. po \u017eelji.<\/p>\n<p><strong>Velikost:<\/strong> ca. 30cm x 39cm + &#8220;uhice&#8221;za obesit ca.10 cm<br \/>\n<strong>Material:<\/strong> Flis, umetno krzno \/poliester, gurtna (uhice za obesit)<br \/>\nPralno!<\/p>\n<p><a href=\"https:\/\/doncha.si\/sl\/product-category\/dodatki\/\">Dodatna mo\u017enost pritrditve s karabini<\/a>.<\/p>\n<p><em>Ponudnik se trudi po najbolj\u0161ih mo\u010deh prikazati&nbsp;izdelke&nbsp;\u010dim bolj&nbsp;realno. Kljub temu pa so mo\u017ena manj\u0161a&nbsp;odstopanja barv.<\/em><\/p>\n","protected":false},"featured_media":4022,"template":"","meta":{"ngg_post_thumbnail":0},"product_brand":[],"product_cat":[23,33],"product_tag":[],"class_list":{"0":"post-4024","1":"product","2":"type-product","3":"status-publish","4":"has-post-thumbnail","6":"product_cat-mreze","7":"product_cat-visecamreza","9":"first","10":"instock","11":"sale","12":"shipping-taxable","13":"purchasable","14":"product-type-simple"},"_links":{"self":[{"href":"https:\/\/doncha.si\/sl\/wp-json\/wp\/v2\/product\/4024","targetHints":{"allow":["GET"]}}],"collection":[{"href":"https:\/\/doncha.si\/sl\/wp-json\/wp\/v2\/product"}],"about":[{"href":"https:\/\/doncha.si\/sl\/wp-json\/wp\/v2\/types\/product"}],"wp:featuredmedia":[{"embeddable":true,"href":"https:\/\/doncha.si\/sl\/wp-json\/wp\/v2\/media\/4022"}],"wp:attachment":[{"href":"https:\/\/doncha.si\/sl\/wp-json\/wp\/v2\/media?parent=4024"}],"wp:term":[{"taxonomy":"product_brand","embeddable":true,"href":"https:\/\/doncha.si\/sl\/wp-json\/wp\/v2\/product_brand?post=4024"},{"taxonomy":"product_cat","embeddable":true,"href":"https:\/\/doncha.si\/sl\/wp-json\/wp\/v2\/product_cat?post=4024"},{"taxonomy":"product_tag","embeddable":true,"href":"https:\/\/doncha.si\/sl\/wp-json\/wp\/v2\/product_tag?post=4024"}],"curies":[{"name":"wp","href":"https:\/\/api.w.org\/{rel}","templated":true}]}}