{"id":3875,"date":"2024-03-13T13:56:52","date_gmt":"2024-03-13T12:56:52","guid":{"rendered":"https:\/\/www.doncha.si\/?post_type=product&#038;p=3875"},"modified":"2026-03-29T20:38:38","modified_gmt":"2026-03-29T18:38:38","slug":"donchino-tekalno-kolo","status":"publish","type":"product","link":"https:\/\/doncha.si\/sl\/shop\/leseni_izdelki\/donchino-tekalno-kolo\/","title":{"rendered":"DonChino tekalno kolo"},"content":{"rendered":"<p>\u2666 <a href=\"https:\/\/doncha.si\/uporaba-donchinega-pohistva-varnost\/\">Uporaba DonChinega pohi\u0161tva \u2013 VARNOST<\/a><\/p>\n<p>&nbsp;<\/p>\n","protected":false},"excerpt":{"rendered":"<p><strong>DonChino leseno tekalno kolo &#8211; Ni na zalogi &#8211; Izdelam po naro\u010dilu!&nbsp;<\/strong><\/p>\n<p>Stojalo se enostavno postavi v prostor na \u017eeljeno mesto. Seveda pa stojalo lahko postavite tudi v kletko, v kolikor prostor dopu\u0161\u010da. Lepo izgleda, to moramo posebej poudariti. Pravi kos pohi\u0161<span class=\"text_exposed_show\">tva! Masiven.&nbsp;<br \/>\nKer pa je les in \u010de to postavimo v uporabo glodalcu, pol vemo, da si bo le ta malo pobrusil zobke.&nbsp;Je popolnoma varno, saj&nbsp; les ni pobarvan.<\/span><\/p>\n<p>Vsako kolo je unikat, narejeno ro\u010dno. Opomba: Ni nujno, da dobite to\u010dno to leseno kolo, ki je na fotografiji.&nbsp;<\/p>\n<p>Vi\u0161ina: 43 cm, premer kolesa je 40 cm<\/p>\n<p>Te\u017ea kolesa s stojalom je ca. 2,1kg<\/p>\n<p>DonChino leseno kolo s stojalom&nbsp;<br \/>\n<em>Ali so kolesa dobra za \u010din\u010dile?<\/em><br \/>\nVsaka kletka\/prostor bi morala vsebovati tudi vadbeno kolo, nekaj igra\u010d in dodatkov, dovolj prostora. Tekanje na kolesu \u017eivali nudi zdravstvene koristi, saj bi bila tudi v naravi aktivna.<br \/>\n<strong>VARNOST UPORABE<\/strong><br \/>\nPotrebna je pazljivost:<br \/>\n&#8211; v prostoru kjer biva \u010din\u010dila bi naj bilo max. okoli 21 stopinj, da ne pride do pregretja \u010din\u010dile<br \/>\n&#8211; nekatere \u010din\u010dile preve\u010d izgubijo te\u017eo, zato bodite pozorni na njeno prekomerno aktivnost in zdravstveno stanje (pregretje)<br \/>\n&#8211; pazljivo ob prvi uporabi (\u010de \u010din\u010dila koles ne pozna), saj se &#8220;za\u017eene&#8221; in jo lahko &#8220;vr\u017ee&#8221; iz kolesa<br \/>\n&#8211; bodite pozorni, da je izdelek brez po\u0161kodb (grizenje), takrat je potrebno za nadaljno uporabo izdelek sanirati. Posebna pozornost na mestu, kjer \u017eivalca te\u010de.&nbsp;<br \/>\n&#8211; vsak skrbnik se sam odlo\u010da o uporabi in namestitvi za svojo \u017eival<\/p>\n<p><strong>Ni namenjeno za igra\u010do otrokom.&nbsp;<\/strong><\/p>\n<p><strong>*OPOZORILO* Zaradi velikosti in te\u017ee paketa zna\u0161a po\u0161nina 9\u20ac*<\/strong><\/p>\n<p><em>Ponudnik se trudi po najbolj\u0161ih mo\u010deh prikazati&nbsp;izdelke&nbsp;\u010dim bolj&nbsp;realno. Kljub temu pa so mo\u017ena manj\u0161a&nbsp;odstopanja barv.<\/em><\/p>\n","protected":false},"featured_media":3872,"template":"","meta":{"ngg_post_thumbnail":0},"product_brand":[],"product_cat":[54],"product_tag":[],"class_list":{"0":"post-3875","1":"product","2":"type-product","3":"status-publish","4":"has-post-thumbnail","6":"product_cat-leseni_izdelki","7":"product_shipping_class-vecji","9":"first","10":"outofstock","11":"shipping-taxable","12":"purchasable","13":"product-type-simple"},"_links":{"self":[{"href":"https:\/\/doncha.si\/sl\/wp-json\/wp\/v2\/product\/3875","targetHints":{"allow":["GET"]}}],"collection":[{"href":"https:\/\/doncha.si\/sl\/wp-json\/wp\/v2\/product"}],"about":[{"href":"https:\/\/doncha.si\/sl\/wp-json\/wp\/v2\/types\/product"}],"wp:featuredmedia":[{"embeddable":true,"href":"https:\/\/doncha.si\/sl\/wp-json\/wp\/v2\/media\/3872"}],"wp:attachment":[{"href":"https:\/\/doncha.si\/sl\/wp-json\/wp\/v2\/media?parent=3875"}],"wp:term":[{"taxonomy":"product_brand","embeddable":true,"href":"https:\/\/doncha.si\/sl\/wp-json\/wp\/v2\/product_brand?post=3875"},{"taxonomy":"product_cat","embeddable":true,"href":"https:\/\/doncha.si\/sl\/wp-json\/wp\/v2\/product_cat?post=3875"},{"taxonomy":"product_tag","embeddable":true,"href":"https:\/\/doncha.si\/sl\/wp-json\/wp\/v2\/product_tag?post=3875"}],"curies":[{"name":"wp","href":"https:\/\/api.w.org\/{rel}","templated":true}]}}