{"id":3723,"date":"2023-06-29T13:34:06","date_gmt":"2023-06-29T11:34:06","guid":{"rendered":"https:\/\/www.doncha.si\/?post_type=product&#038;p=3723"},"modified":"2025-12-10T18:32:05","modified_gmt":"2025-12-10T17:32:05","slug":"donchina-stenska-viseca-mreza-sloncek","status":"publish","type":"product","link":"https:\/\/doncha.si\/sl\/shop\/mreze\/stenska-viseca-mreza\/donchina-stenska-viseca-mreza-sloncek\/","title":{"rendered":"DonChina stenska vise\u010da mre\u017ea &#8220;Slon\u010dek&#8221;"},"content":{"rendered":"<p>\u2666 <a href=\"https:\/\/www.doncha.si\/uporaba-visecih-mrez\/\">Uporaba vise\u010dih mre\u017e<\/a><br \/>\n\u2666 <a href=\"https:\/\/www.doncha.si\/uporaba-nasih-izdelkov-za-zivali-pranje-in-vzdrzevanje\/\">Pranje in vzdr\u017eevanje<\/a><br \/>\n\u2666 <a href=\"https:\/\/doncha.si\/uporaba-donchinega-pohistva-varnost\/\">Uporaba DonChinega pohi\u0161tva \u2013 VARNOST<\/a><\/p>\n<p>&nbsp;<\/p>\n","protected":false},"excerpt":{"rendered":"<p><span class=\"text_exposed_show\">Stenska vise\u010da mre\u017ea je enostavna za namestitev,&nbsp; na steno kletke (mre\u017ea)&nbsp;<\/span><\/p>\n<p><strong><span class=\"text_exposed_show\">V kompletu dobite : <\/span><\/strong><\/p>\n<p><span class=\"text_exposed_show\">&#8211; vise\u010da mre\u017ea iz blaga<\/span><\/p>\n<p><span class=\"text_exposed_show\">&#8211; 2x lesena palica (okrogla)<\/span><\/p>\n<p><span class=\"text_exposed_show\">&#8211; 4x leseni kvadratki (uporaba po \u017eelji &#8211; za bolj\u0161o pritrditev)<\/span><\/p>\n<p><span class=\"text_exposed_show\">&#8211;&nbsp; vijaki za namestitev<\/span><\/p>\n<p><span class=\"text_exposed_show\">Namestitev po \u017eelji v dol\u017eino<\/span><\/p>\n<p><span class=\"text_exposed_show\">V vi\u0161ino namestimo sposobnostim va\u0161e \u017eivalce.&nbsp;<\/span><\/p>\n<p><span class=\"text_exposed_show\"><br \/>\nKer je les in \u010de to postavimo v uporabo glodalcu, pol vemo, da si bo le ta malo pobrusil zobke, ampak pri tem izdelku pride te\u017eje poleg, saj so palice oble\u010deno tesno v flis. Je popolnoma varno, saj&nbsp; les ni pobarvan.<\/span><\/p>\n<p>Za pranje mre\u017ee jo enostavno potegnete dol iz palic.&nbsp;<\/p>\n<p>Velikosti: ca.&nbsp; 21 (dol\u017eina palic) x 43 cm (raztegnete\/namestite po \u017eelji)&nbsp;&nbsp;<br \/>\nMre\u017ea je pralna. Material je flis in les + vijaki<\/p>\n<p><em>Ponudnik se trudi po najbolj\u0161ih mo\u010deh prikazati izdelke \u010dim bolj realno. Kljub temu pa so mo\u017ena manj\u0161a odstopanja barv.<\/em><\/p>\n","protected":false},"featured_media":3721,"template":"","meta":{"ngg_post_thumbnail":0},"product_brand":[],"product_cat":[23,54,59],"product_tag":[],"class_list":{"0":"post-3723","1":"product","2":"type-product","3":"status-publish","4":"has-post-thumbnail","6":"product_cat-mreze","7":"product_cat-leseni_izdelki","8":"product_cat-stenska-viseca-mreza","10":"first","11":"outofstock","12":"sale","13":"shipping-taxable","14":"purchasable","15":"product-type-simple"},"_links":{"self":[{"href":"https:\/\/doncha.si\/sl\/wp-json\/wp\/v2\/product\/3723","targetHints":{"allow":["GET"]}}],"collection":[{"href":"https:\/\/doncha.si\/sl\/wp-json\/wp\/v2\/product"}],"about":[{"href":"https:\/\/doncha.si\/sl\/wp-json\/wp\/v2\/types\/product"}],"wp:featuredmedia":[{"embeddable":true,"href":"https:\/\/doncha.si\/sl\/wp-json\/wp\/v2\/media\/3721"}],"wp:attachment":[{"href":"https:\/\/doncha.si\/sl\/wp-json\/wp\/v2\/media?parent=3723"}],"wp:term":[{"taxonomy":"product_brand","embeddable":true,"href":"https:\/\/doncha.si\/sl\/wp-json\/wp\/v2\/product_brand?post=3723"},{"taxonomy":"product_cat","embeddable":true,"href":"https:\/\/doncha.si\/sl\/wp-json\/wp\/v2\/product_cat?post=3723"},{"taxonomy":"product_tag","embeddable":true,"href":"https:\/\/doncha.si\/sl\/wp-json\/wp\/v2\/product_tag?post=3723"}],"curies":[{"name":"wp","href":"https:\/\/api.w.org\/{rel}","templated":true}]}}