{"id":3645,"date":"2023-04-25T10:51:45","date_gmt":"2023-04-25T08:51:45","guid":{"rendered":"https:\/\/www.doncha.si\/?post_type=product&#038;p=3645"},"modified":"2025-01-05T20:41:29","modified_gmt":"2025-01-05T19:41:29","slug":"donchina-viseca-mreza-zeleno-rdeca-komplet-dveh","status":"publish","type":"product","link":"https:\/\/doncha.si\/sl\/shop\/mreze\/visecamreza\/donchina-viseca-mreza-zeleno-rdeca-komplet-dveh\/","title":{"rendered":"DonChina vise\u010da mre\u017ea &#8220;Zeleno &#8211; rde\u010da, komplet dveh&#8221;"},"content":{"rendered":"<p>\u2666 <a href=\"https:\/\/www.doncha.si\/uporaba-visecih-mrez\/\">Uporaba vise\u010dih mre\u017e<\/a><br \/>\n\u2666 <a href=\"https:\/\/www.doncha.si\/uporaba-nasih-izdelkov-za-zivali-pranje-in-vzdrzevanje\/\">Pranje in vzdr\u017eevanje<\/a><br \/>\n\u2666 <a href=\"https:\/\/doncha.si\/uporaba-donchinega-pohistva-varnost\/\">Uporaba DonChinega pohi\u0161tva \u2013 VARNOST<\/a><\/p>\n<p>&nbsp;<\/p>\n","protected":false},"excerpt":{"rendered":"<p>DonChina vise\u010da mre\u017ea, komplet dveh, za morske pra\u0161i\u010dke in druge glodavce.<\/p>\n<p>Mre\u017ei sta rahlo svetlikajo\u010di.<\/p>\n<p>Namestitev v kletko oz. po \u017eelji. Tudi za C&amp;C ogradice.<\/p>\n<p>Mo\u017een nakup s karabini *opcija izbire (8 kosi 4\u20ac)<\/p>\n<p>Velikost: <strong>rde\u010da<\/strong> ca. 27cm x 40cm + &#8220;uhice&#8221;za obesit ca.6cm, <strong>zelena<\/strong> ca. 28x32cm + &#8220;uhice&#8221; za obesit ca. 5 cm<\/p>\n<p>Flis, bomba\u017e, lurex nitka, (siv material je tapetni\u0161ka tkanina s svetle\u010do srebrno kovinsko lurex nitko) polnilo<br \/>\nPralno!<\/p>\n<p><em>Priporo\u010dilo: V kolikor bi va\u0161a \u017eivalca dobesedno jedla mre\u017eo, jo raje umaknite.&nbsp;<\/em><\/p>\n<p><em>Ponudnik se trudi po najbolj\u0161ih mo\u010deh prikazati&nbsp;izdelke&nbsp;\u010dim bolj&nbsp;realno. Kljub temu pa so mo\u017ena manj\u0161a&nbsp;odstopanja barv.<\/em><\/p>\n","protected":false},"featured_media":3643,"template":"","meta":{"ngg_post_thumbnail":0},"product_brand":[],"product_cat":[23,33],"product_tag":[],"class_list":{"0":"post-3645","1":"product","2":"type-product","3":"status-publish","4":"has-post-thumbnail","6":"product_cat-mreze","7":"product_cat-visecamreza","9":"first","10":"outofstock","11":"shipping-taxable","12":"purchasable","13":"product-type-variable"},"_links":{"self":[{"href":"https:\/\/doncha.si\/sl\/wp-json\/wp\/v2\/product\/3645","targetHints":{"allow":["GET"]}}],"collection":[{"href":"https:\/\/doncha.si\/sl\/wp-json\/wp\/v2\/product"}],"about":[{"href":"https:\/\/doncha.si\/sl\/wp-json\/wp\/v2\/types\/product"}],"wp:featuredmedia":[{"embeddable":true,"href":"https:\/\/doncha.si\/sl\/wp-json\/wp\/v2\/media\/3643"}],"wp:attachment":[{"href":"https:\/\/doncha.si\/sl\/wp-json\/wp\/v2\/media?parent=3645"}],"wp:term":[{"taxonomy":"product_brand","embeddable":true,"href":"https:\/\/doncha.si\/sl\/wp-json\/wp\/v2\/product_brand?post=3645"},{"taxonomy":"product_cat","embeddable":true,"href":"https:\/\/doncha.si\/sl\/wp-json\/wp\/v2\/product_cat?post=3645"},{"taxonomy":"product_tag","embeddable":true,"href":"https:\/\/doncha.si\/sl\/wp-json\/wp\/v2\/product_tag?post=3645"}],"curies":[{"name":"wp","href":"https:\/\/api.w.org\/{rel}","templated":true}]}}