{"id":3568,"date":"2023-03-24T13:42:49","date_gmt":"2023-03-24T12:42:49","guid":{"rendered":"https:\/\/www.doncha.si\/?post_type=product&#038;p=3568"},"modified":"2026-03-30T14:30:36","modified_gmt":"2026-03-30T12:30:36","slug":"donchino-tolo-stojalo-z-viseco-mrezo-pikice-2","status":"publish","type":"product","link":"https:\/\/doncha.si\/sl\/shop\/mreze\/tolo\/donchino-tolo-stojalo-z-viseco-mrezo-pikice-2\/","title":{"rendered":"DonChino Tolo stojalo z vise\u010do mre\u017eo &#8220;Pikice&#8221;"},"content":{"rendered":"<p>\u2666 <a href=\"https:\/\/www.doncha.si\/uporaba-visecih-mrez\/\">Uporaba vise\u010dih mre\u017e<\/a><br \/>\n\u2666 <a href=\"https:\/\/www.doncha.si\/uporaba-nasih-izdelkov-za-zivali-pranje-in-vzdrzevanje\/\">Pranje in vzdr\u017eevanje<\/a><br \/>\n\u2666 <a href=\"https:\/\/doncha.si\/uporaba-donchinega-pohistva-varnost\/\">Uporaba DonChinega pohi\u0161tva \u2013 VARNOST<\/a><\/p>\n<p>&nbsp;<\/p>\n","protected":false},"excerpt":{"rendered":"<p data-start=\"82\" data-end=\"111\"><strong data-start=\"82\" data-end=\"111\">Tolo stojalo&nbsp;<\/strong><\/p>\n<p data-start=\"113\" data-end=\"217\">DonChin lesen izdelek v kombinaciji z mehko vise\u010do mre\u017eo je pravi mali kos pohi\u0161tva za va\u0161e ljubljen\u010dke.<\/p>\n<p data-start=\"219\" data-end=\"369\">Masivno in stabilno stojalo nudi kar dvojno uporabo:<br \/>\n<img decoding=\"async\" class=\"emoji\" role=\"img\" draggable=\"false\" src=\"https:\/\/s.w.org\/images\/core\/emoji\/17.0.2\/svg\/2714.svg\" alt=\"\u2714\">&nbsp;zgoraj udoben prostor za po\u010ditek v vise\u010di mre\u017ei<br data-start=\"321\" data-end=\"324\"><img decoding=\"async\" class=\"emoji\" role=\"img\" draggable=\"false\" src=\"https:\/\/s.w.org\/images\/core\/emoji\/17.0.2\/svg\/2714.svg\" alt=\"\u2714\">&nbsp;spodaj varen koti\u010dek za skrivanje in umik<\/p>\n<p data-start=\"371\" data-end=\"461\">Va\u0161a \u017eivalca si lahko sama izbere, kje se po\u010duti najbolj udobno \u2013 na mehkem ali v zavetju.<\/p>\n<p data-start=\"371\" data-end=\"461\">Stojalo se enostavno postavi v prostor na \u017eeljeno mesto. Seveda pa stojalo lahko postavite tudi v kletko, v kolikor prostor dopu\u0161\u010da.<\/p>\n<p data-start=\"463\" data-end=\"603\">Izdelano iz kakovostnega lesa, z mislijo na varnost, udobje in dolgo \u017eivljenjsko dobo.<br data-start=\"549\" data-end=\"552\">Hkrati pa je tudi estetski dodatek va\u0161emu prostoru.<\/p>\n<p data-start=\"605\" data-end=\"686\"><img decoding=\"async\" class=\"emoji\" role=\"img\" draggable=\"false\" src=\"https:\/\/s.w.org\/images\/core\/emoji\/17.0.2\/svg\/1f9fa.svg\" alt=\"\ud83e\uddfa\">&nbsp;Vise\u010da mre\u017ea je snemljiva in pralna.<br data-start=\"644\" data-end=\"647\"><img decoding=\"async\" class=\"emoji\" role=\"img\" draggable=\"false\" src=\"https:\/\/s.w.org\/images\/core\/emoji\/17.0.2\/svg\/1fab5.svg\" alt=\"\ud83e\udeb5\">&nbsp;Konstrukcija je trdna in stabilna.<\/p>\n<p><span class=\"text_exposed_show\">Ker pa je les in \u010de to postavimo v uporabo glodalcu, pol vemo, da si bo le ta malo pobrusil zobke.&nbsp;Je popolnoma varno, saj&nbsp; les ni pobarvan.<\/span><\/p>\n<p>Velikosti: ca.&nbsp; 30\u00d727 Vi\u0161ina 20cm<br \/>\nMedvloga, bomba\u017e, flis<\/p>\n<p data-start=\"688\" data-end=\"729\">Primerno za \u010din\u010dile, morske pra\u0161i\u010dke in druge male \u017eivali.<\/p>\n<p><strong>Ni namenjeno za igra\u010do otrokom.&nbsp;<\/strong><\/p>\n<p><em>Ponudnik se trudi po najbolj\u0161ih mo\u010deh prikazati&nbsp;izdelke&nbsp;\u010dim bolj&nbsp;realno. Kljub temu pa so mo\u017ena manj\u0161a&nbsp;odstopanja barv.<\/em><\/p>\n","protected":false},"featured_media":2829,"template":"","meta":{"ngg_post_thumbnail":0},"product_brand":[],"product_cat":[23,54,50],"product_tag":[],"class_list":{"0":"post-3568","1":"product","2":"type-product","3":"status-publish","4":"has-post-thumbnail","6":"product_cat-mreze","7":"product_cat-leseni_izdelki","8":"product_cat-tolo","9":"product_shipping_class-vecji","11":"first","12":"instock","13":"shipping-taxable","14":"purchasable","15":"product-type-simple"},"_links":{"self":[{"href":"https:\/\/doncha.si\/sl\/wp-json\/wp\/v2\/product\/3568","targetHints":{"allow":["GET"]}}],"collection":[{"href":"https:\/\/doncha.si\/sl\/wp-json\/wp\/v2\/product"}],"about":[{"href":"https:\/\/doncha.si\/sl\/wp-json\/wp\/v2\/types\/product"}],"wp:featuredmedia":[{"embeddable":true,"href":"https:\/\/doncha.si\/sl\/wp-json\/wp\/v2\/media\/2829"}],"wp:attachment":[{"href":"https:\/\/doncha.si\/sl\/wp-json\/wp\/v2\/media?parent=3568"}],"wp:term":[{"taxonomy":"product_brand","embeddable":true,"href":"https:\/\/doncha.si\/sl\/wp-json\/wp\/v2\/product_brand?post=3568"},{"taxonomy":"product_cat","embeddable":true,"href":"https:\/\/doncha.si\/sl\/wp-json\/wp\/v2\/product_cat?post=3568"},{"taxonomy":"product_tag","embeddable":true,"href":"https:\/\/doncha.si\/sl\/wp-json\/wp\/v2\/product_tag?post=3568"}],"curies":[{"name":"wp","href":"https:\/\/api.w.org\/{rel}","templated":true}]}}