{"id":3546,"date":"2023-03-15T12:50:51","date_gmt":"2023-03-15T11:50:51","guid":{"rendered":"https:\/\/www.doncha.si\/?post_type=product&#038;p=3546"},"modified":"2026-03-29T20:36:01","modified_gmt":"2026-03-29T18:36:01","slug":"donchino-luxus-stojalo-cesnja","status":"publish","type":"product","link":"https:\/\/doncha.si\/sl\/shop\/leseni_izdelki\/donchino-luxus-stojalo-cesnja\/","title":{"rendered":"DonChino Luxus stojalo &#8220;Moder&#8221;"},"content":{"rendered":"<p>\u2666 <a href=\"https:\/\/www.doncha.si\/uporaba-visecih-mrez\/\">Uporaba vise\u010dih mre\u017e<\/a><br \/>\n\u2666 <a href=\"https:\/\/www.doncha.si\/uporaba-nasih-izdelkov-za-zivali-pranje-in-vzdrzevanje\/\">Pranje in vzdr\u017eevanje<\/a><br \/>\n\u2666 <a href=\"https:\/\/doncha.si\/uporaba-donchinega-pohistva-varnost\/\">Uporaba DonChinega pohi\u0161tva \u2013 VARNOST<\/a><\/p>\n<p>&nbsp;<\/p>\n","protected":false},"excerpt":{"rendered":"<p><strong>DonChino Luxus stojalo<\/strong> (leseno stojalo s spodnjim in zgornjim delom mo\u017enosti uporabe &#8211; brlog in vise\u010da mre\u017ea)<\/p>\n<p><strong>5 delni izdelek<\/strong> vsebuje: ogrodje za vise\u010do mre\u017eo in brlog, lestev, vise\u010da mre\u017ea, brlog in nepremo\u010dljiva obojestranska blazina<\/p>\n<p>Stojalo je idealno za vse, ki imate narejena ve\u010dja bivali\u0161\u010da za \u017eivalce. Stojalo se enostavno postavi v prostor na \u017eeljeno mesto. Seveda pa stojalo lahko postavite tudi v kletko, v kolikor prostor dopu\u0161\u010da. Lepo izgleda, to moramo posebej poudariti. Pravi kos pohi\u0161<span class=\"text_exposed_show\">tva!<br \/>\nKer pa je les in \u010de to postavimo v uporabo glodalcu, pol vemo, da si bo le ta malo pobrusil zobke. Je popolnoma varno, saj les ni pobarvan.<\/span><\/p>\n<p>Velikosti: ca.&nbsp; 25(\u0161)x30cm&nbsp; Vi\u0161ina &#8220;nogic&#8221; 20cm. Do\u017eina lestve 38cm. Skupna vi\u0161ina z zgornjim delom (rob) je 27cm.&nbsp;<\/p>\n<p>Izdelki iz blaga so pralni.&nbsp;<br \/>\nMedvloga, bomba\u017e, flis, PVC trak, nepremo\u010dljiv material. Izdelek je lepljen z varnim lepilom.&nbsp;<\/p>\n<p><strong>Ni namenjeno za igra\u010do otrokom.&nbsp;<\/strong><\/p>\n<p><strong>*OPOZORILO* Zaradi velikosti in te\u017ee paketa zna\u0161a po\u0161nina 9\u20ac*<\/strong><\/p>\n<p><em>Ponudnik se trudi po najbolj\u0161ih mo\u010deh prikazati&nbsp;izdelke&nbsp;\u010dim bolj&nbsp;realno. Kljub temu pa so mo\u017ena manj\u0161a&nbsp;odstopanja barv.<\/em><\/p>\n","protected":false},"featured_media":3815,"template":"","meta":{"ngg_post_thumbnail":0},"product_brand":[],"product_cat":[54],"product_tag":[],"class_list":{"0":"post-3546","1":"product","2":"type-product","3":"status-publish","4":"has-post-thumbnail","6":"product_cat-leseni_izdelki","7":"product_shipping_class-vecji","9":"first","10":"instock","11":"sale","12":"shipping-taxable","13":"purchasable","14":"product-type-simple"},"_links":{"self":[{"href":"https:\/\/doncha.si\/sl\/wp-json\/wp\/v2\/product\/3546","targetHints":{"allow":["GET"]}}],"collection":[{"href":"https:\/\/doncha.si\/sl\/wp-json\/wp\/v2\/product"}],"about":[{"href":"https:\/\/doncha.si\/sl\/wp-json\/wp\/v2\/types\/product"}],"wp:featuredmedia":[{"embeddable":true,"href":"https:\/\/doncha.si\/sl\/wp-json\/wp\/v2\/media\/3815"}],"wp:attachment":[{"href":"https:\/\/doncha.si\/sl\/wp-json\/wp\/v2\/media?parent=3546"}],"wp:term":[{"taxonomy":"product_brand","embeddable":true,"href":"https:\/\/doncha.si\/sl\/wp-json\/wp\/v2\/product_brand?post=3546"},{"taxonomy":"product_cat","embeddable":true,"href":"https:\/\/doncha.si\/sl\/wp-json\/wp\/v2\/product_cat?post=3546"},{"taxonomy":"product_tag","embeddable":true,"href":"https:\/\/doncha.si\/sl\/wp-json\/wp\/v2\/product_tag?post=3546"}],"curies":[{"name":"wp","href":"https:\/\/api.w.org\/{rel}","templated":true}]}}