{"id":3397,"date":"2023-02-01T13:01:58","date_gmt":"2023-02-01T12:01:58","guid":{"rendered":"https:\/\/www.doncha.si\/?post_type=product&#038;p=3397"},"modified":"2025-08-11T15:36:12","modified_gmt":"2025-08-11T13:36:12","slug":"donchina-lesena-posteljica-medo","status":"publish","type":"product","link":"https:\/\/doncha.si\/sl\/shop\/lezisca\/lesenalezisca\/donchina-lesena-posteljica-medo\/","title":{"rendered":"DonChina lesena posteljica &#8220;Medo&#8221;"},"content":{"rendered":"<p>\u2666 <a href=\"https:\/\/www.doncha.si\/uporaba-nasih-izdelkov-za-zivali-pranje-in-vzdrzevanje\/\">Pranje in vzdr\u017eevanje<\/a><br \/>\n\u2666 <a href=\"https:\/\/doncha.si\/uporaba-donchinega-pohistva-varnost\/\">Uporaba DonChinega pohi\u0161tva \u2013 VARNOST<\/a><\/p>\n<p>&nbsp;<\/p>\n","protected":false},"excerpt":{"rendered":"<p>Lesena posteljica je idealna za vse, ki imate narejena ve\u010dja bivali\u0161\u010da za \u017eivalce. Postelja se enostavno postavi v prostor na \u017eeljeno mesto.<\/p>\n<p>Seveda jo lahko postavite tudi v kletko. Priporo\u010dam redno \u010di\u0161\u010denje.&nbsp;<\/p>\n<p>Lepo izgleda, to moram posebej poudariti. Pravi kos pohi\u0161<span class=\"text_exposed_show\">tva!<\/span><\/p>\n<p><span class=\"text_exposed_show\"><br \/>\nKer pa je les in \u010de to postavimo v uporabo glodalcu, pol vemo, da si bo le ta malo pobrusil zobke.&nbsp;Je popolnoma varno, saj les ni pobarvan.<\/span><\/p>\n<p>Postelja je sestavljena iz 4ih kosov (lesen del-ogrodje (simboli\u010den na fotografiji), nepremo\u010dljiva rjuhica, ve\u010dja blazina in manj\u0161a blazinica).&nbsp;<\/p>\n<p>Ideja**\u010ce se naveli\u010date postelje, jo enostavno obrnete &#8220;na glavo&#8221; in dobite hi\u0161ko.&nbsp;&nbsp;<\/p>\n<p>Velikosti: 20&#215;30 Vi\u0161ina 13 cm<\/p>\n<p>Materiali : Les, flis, bomba\u017e, nepremo\u010dljiva tkanina, polnila<br \/>\nBlazinice so pralne. Rjuhica vsebuje kvalitetno nepremo\u010dljivo blago (Oeko-Tex\u00ae Standard 100), bomba\u017ena vpojna tkanina). Njena zunanjost je tetra blago.&nbsp;<\/p>\n<p><strong>*OPOZORILO* Zaradi velikosti in te\u017ee paketa zna\u0161a po\u0161nina 8\u20ac*<\/strong><\/p>\n<p><em>Ponudnik se trudi po najbolj\u0161ih mo\u010deh prikazati izdelke \u010dim bolj realno. Kljub temu pa so mo\u017ena manj\u0161a odstopanja barv. (Barva je bolj turkiz ne\u017ena kot modra)<\/em><\/p>\n","protected":false},"featured_media":3395,"template":"","meta":{"ngg_post_thumbnail":0},"product_brand":[],"product_cat":[22,54,38],"product_tag":[],"class_list":{"0":"post-3397","1":"product","2":"type-product","3":"status-publish","4":"has-post-thumbnail","6":"product_cat-lezisca","7":"product_cat-leseni_izdelki","8":"product_cat-lesenalezisca","9":"product_shipping_class-vecji","11":"first","12":"outofstock","13":"sale","14":"shipping-taxable","15":"purchasable","16":"product-type-simple"},"_links":{"self":[{"href":"https:\/\/doncha.si\/sl\/wp-json\/wp\/v2\/product\/3397","targetHints":{"allow":["GET"]}}],"collection":[{"href":"https:\/\/doncha.si\/sl\/wp-json\/wp\/v2\/product"}],"about":[{"href":"https:\/\/doncha.si\/sl\/wp-json\/wp\/v2\/types\/product"}],"wp:featuredmedia":[{"embeddable":true,"href":"https:\/\/doncha.si\/sl\/wp-json\/wp\/v2\/media\/3395"}],"wp:attachment":[{"href":"https:\/\/doncha.si\/sl\/wp-json\/wp\/v2\/media?parent=3397"}],"wp:term":[{"taxonomy":"product_brand","embeddable":true,"href":"https:\/\/doncha.si\/sl\/wp-json\/wp\/v2\/product_brand?post=3397"},{"taxonomy":"product_cat","embeddable":true,"href":"https:\/\/doncha.si\/sl\/wp-json\/wp\/v2\/product_cat?post=3397"},{"taxonomy":"product_tag","embeddable":true,"href":"https:\/\/doncha.si\/sl\/wp-json\/wp\/v2\/product_tag?post=3397"}],"curies":[{"name":"wp","href":"https:\/\/api.w.org\/{rel}","templated":true}]}}