{"id":3370,"date":"2023-01-17T14:56:26","date_gmt":"2023-01-17T13:56:26","guid":{"rendered":"https:\/\/www.doncha.si\/?post_type=product&#038;p=3370"},"modified":"2026-04-12T13:20:31","modified_gmt":"2026-04-12T11:20:31","slug":"donchin-kunko-mikimis-m","status":"publish","type":"product","link":"https:\/\/doncha.si\/sl\/shop\/donchin-kunko-lezisce\/donchin-kunko-mikimis-m\/","title":{"rendered":"DonChin Kunko &#8220;MikiMi\u0161 M&#8221;"},"content":{"rendered":"<p>\u2666 <a href=\"https:\/\/www.doncha.si\/uporaba-nasih-izdelkov-za-zivali-pranje-in-vzdrzevanje\/\">Pranje in vzdr\u017eevanje<\/a><br \/>\n\u2666 <a href=\"https:\/\/doncha.si\/uporaba-donchinega-pohistva-varnost\/\">Uporaba DonChinega pohi\u0161tva \u2013 VARNOST<\/a><\/p>\n<p>&nbsp;<\/p>\n","protected":false},"excerpt":{"rendered":"<div dir=\"auto\">\n<p data-start=\"117\" data-end=\"161\"><strong data-start=\"117\" data-end=\"159\">\ud83d\udc30 DonChino Kunko le\u017ei\u0161\u010de \u2013 velikost M<\/strong><\/p>\n<p data-start=\"163\" data-end=\"314\">To udobno le\u017ei\u0161\u010de obo\u017eujejo predvsem <strong data-start=\"200\" data-end=\"209\">kunci<\/strong>, a je primerno tudi za druge \u017eivalce \u2013 muce, manj\u0161e ku\u017eke, dihurje in glodavce (v ustrezni velikosti).<\/p>\n<p data-start=\"316\" data-end=\"642\">\u2728 Izdelano iz <strong data-start=\"330\" data-end=\"363\">mehkega flisa (obojestransko)<\/strong>, s polnilom, ki poskrbi za dodatno udobje.<br data-start=\"406\" data-end=\"409\">\u2728 Oblikovanje med <strong data-start=\"427\" data-end=\"454\">dvema mehkima blazinama<\/strong> daje va\u0161i \u017eivalci ob\u010dutek varnosti in topline med po\u010ditkom.<br data-start=\"514\" data-end=\"517\">\u2728 <strong data-start=\"519\" data-end=\"529\">Pralno<\/strong> (ne\u017een program) \u2013 po pranju priporo\u010damo, da le\u017ei\u0161\u010de vzamete iz stroja in ga oblikujete nazaj v prvotno obliko.<\/p>\n<p data-start=\"644\" data-end=\"682\">\ud83d\udccf <strong data-start=\"647\" data-end=\"680\">Na voljo v \u0161tirih velikostih:<\/strong><\/p>\n<ul data-start=\"683\" data-end=\"779\">\n<li data-start=\"683\" data-end=\"707\">\n<p data-start=\"685\" data-end=\"707\">XS \u2013 cca. 33 \u00d7 39 cm<\/p>\n<\/li>\n<li data-start=\"708\" data-end=\"731\">\n<p data-start=\"710\" data-end=\"731\">S \u2013 cca. 38 \u00d7 45 cm<\/p>\n<\/li>\n<li data-start=\"732\" data-end=\"755\">\n<p data-start=\"734\" data-end=\"755\">M \u2013 cca. 42 \u00d7 50 cm<\/p>\n<\/li>\n<li data-start=\"756\" data-end=\"779\">\n<p data-start=\"758\" data-end=\"779\">L \u2013 cca. 48 \u00d7 60 cm<\/p>\n<\/li>\n<\/ul>\n<p data-start=\"781\" data-end=\"869\"><strong data-start=\"781\" data-end=\"867\">Kunko le\u017ei\u0161\u010de \u2013 popolna kombinacija varnosti in udobja za va\u0161e male prijatelje. \ud83d\udc3e<\/strong><\/p>\n<\/div>\n<p><em>Ponudnik se trudi po najbolj\u0161ih mo\u010deh prikazati&nbsp;izdelke&nbsp;\u010dim bolj&nbsp;realno. Kljub temu pa so mo\u017ena manj\u0161a&nbsp;odstopanja barv.<\/em><\/p>\n","protected":false},"featured_media":3367,"template":"","meta":{"ngg_post_thumbnail":0},"product_brand":[],"product_cat":[55],"product_tag":[],"class_list":{"0":"post-3370","1":"product","2":"type-product","3":"status-publish","4":"has-post-thumbnail","6":"product_cat-donchin-kunko-lezisce","7":"product_shipping_class-kunko","9":"first","10":"outofstock","11":"sale","12":"shipping-taxable","13":"purchasable","14":"product-type-simple"},"_links":{"self":[{"href":"https:\/\/doncha.si\/sl\/wp-json\/wp\/v2\/product\/3370","targetHints":{"allow":["GET"]}}],"collection":[{"href":"https:\/\/doncha.si\/sl\/wp-json\/wp\/v2\/product"}],"about":[{"href":"https:\/\/doncha.si\/sl\/wp-json\/wp\/v2\/types\/product"}],"wp:featuredmedia":[{"embeddable":true,"href":"https:\/\/doncha.si\/sl\/wp-json\/wp\/v2\/media\/3367"}],"wp:attachment":[{"href":"https:\/\/doncha.si\/sl\/wp-json\/wp\/v2\/media?parent=3370"}],"wp:term":[{"taxonomy":"product_brand","embeddable":true,"href":"https:\/\/doncha.si\/sl\/wp-json\/wp\/v2\/product_brand?post=3370"},{"taxonomy":"product_cat","embeddable":true,"href":"https:\/\/doncha.si\/sl\/wp-json\/wp\/v2\/product_cat?post=3370"},{"taxonomy":"product_tag","embeddable":true,"href":"https:\/\/doncha.si\/sl\/wp-json\/wp\/v2\/product_tag?post=3370"}],"curies":[{"name":"wp","href":"https:\/\/api.w.org\/{rel}","templated":true}]}}