{"id":3257,"date":"2022-11-10T13:27:31","date_gmt":"2022-11-10T12:27:31","guid":{"rendered":"https:\/\/www.doncha.si\/?post_type=product&#038;p=3257"},"modified":"2026-03-29T20:09:20","modified_gmt":"2026-03-29T18:09:20","slug":"donchino-stojalo-z-viseco-mrezo-crna","status":"publish","type":"product","link":"https:\/\/doncha.si\/sl\/shop\/mreze\/mrezezastojalo\/donchino-stojalo-z-viseco-mrezo-crna\/","title":{"rendered":"DonChino stojalo z vise\u010do mre\u017eo &#8220;\u010crna&#8221;"},"content":{"rendered":"<p>\u2666 <a href=\"https:\/\/www.doncha.si\/uporaba-visecih-mrez\/\">Uporaba vise\u010dih mre\u017e<\/a><br \/>\n\u2666 <a href=\"https:\/\/www.doncha.si\/uporaba-nasih-izdelkov-za-zivali-pranje-in-vzdrzevanje\/\">Pranje in vzdr\u017eevanje<\/a><br \/>\n\u2666 <a href=\"https:\/\/doncha.si\/uporaba-donchinega-pohistva-varnost\/\">Uporaba DonChinega pohi\u0161tva \u2013 VARNOST<\/a><\/p>\n<p>&nbsp;<\/p>\n","protected":false},"excerpt":{"rendered":"<p><strong>Stojalo z vise\u010do mre\u017eo<\/strong> je idealna re\u0161itev za vsa ve\u010dja bivali\u0161\u010da, kjer ni re\u0161etk za obe\u0161anje mre\u017ee. Zasnovano je tako, da ga lahko enostavno postavite na poljubno mesto \u2013 bodisi v prostem prostoru ali znotraj kletke.<\/p>\n<p>Poleg prakti\u010dnosti navdu\u0161uje tudi s svojim videzom \u2013 eleganten in naraven kos, ki se brez te\u017eav zlije z okoljem va\u0161ega ljubljen\u010dka. Pravi <strong>kos pohi\u0161tva<\/strong>, ki doda pridih estetike vsakemu koti\u010dku! Te\u017eko si je predstavljati popolno bivali\u0161\u010de brez tega dovr\u0161enega dodatka.<\/p>\n<p>Ker je izdelano iz neobdelanega lesa, je popolnoma varno tudi za glodalce, ki si bodo ob njem morda malo pobrusili zobke. Brez skrbi \u2013 naravni les brez premazov zagotavlja varnost in trajnost.<\/p>\n<p>Zaradi nizke vi\u0161ine pa je stojalo posebej prakti\u010dno, saj omogo\u010da va\u0161im ljubljen\u010dkom, da hitro in preprosto splezajo na vise\u010do mre\u017eo.<\/p>\n<p><strong>Naj bo prostor va\u0161ih ljubljen\u010dkov ne le udoben, ampak tudi estetsko dovr\u0161en \u2013 s \u010dudovitim in funkcionalnim stojalom za vise\u010do mre\u017eo!<\/strong><\/p>\n<p>Velikosti: ca.&nbsp; 30&#215;30 Vi\u0161ina 20cm<br \/>\nMre\u017ea je pralna.<br \/>\nMedvloga, bomba\u017e, flis<\/p>\n<p><strong>Ni namenjeno za igra\u010do otrokom.&nbsp;<\/strong><\/p>\n<p>Mo\u017enost nakupa <a href=\"http:\/\/doncha.si\/?product=donchina-viseca-mreza-za-leseno-stojalo\">dodatne mre\u017ee<\/a>.<\/p>\n<p><strong>*OPOZORILO* Zaradi velikosti in te\u017ee paketa zna\u0161a po\u0161nina 9\u20ac*<\/strong><\/p>\n<p><em>Ponudnik se trudi po najbolj\u0161ih mo\u010deh prikazati&nbsp;izdelke&nbsp;\u010dim bolj&nbsp;realno. Kljub temu pa so mo\u017ena manj\u0161a&nbsp;odstopanja barv.<\/em><\/p>\n","protected":false},"featured_media":3258,"template":"","meta":{"ngg_post_thumbnail":0},"product_brand":[],"product_cat":[23,54,32],"product_tag":[],"class_list":{"0":"post-3257","1":"product","2":"type-product","3":"status-publish","4":"has-post-thumbnail","6":"product_cat-mreze","7":"product_cat-leseni_izdelki","8":"product_cat-mrezezastojalo","9":"product_shipping_class-vecji","11":"first","12":"instock","13":"shipping-taxable","14":"purchasable","15":"product-type-simple"},"_links":{"self":[{"href":"https:\/\/doncha.si\/sl\/wp-json\/wp\/v2\/product\/3257","targetHints":{"allow":["GET"]}}],"collection":[{"href":"https:\/\/doncha.si\/sl\/wp-json\/wp\/v2\/product"}],"about":[{"href":"https:\/\/doncha.si\/sl\/wp-json\/wp\/v2\/types\/product"}],"wp:featuredmedia":[{"embeddable":true,"href":"https:\/\/doncha.si\/sl\/wp-json\/wp\/v2\/media\/3258"}],"wp:attachment":[{"href":"https:\/\/doncha.si\/sl\/wp-json\/wp\/v2\/media?parent=3257"}],"wp:term":[{"taxonomy":"product_brand","embeddable":true,"href":"https:\/\/doncha.si\/sl\/wp-json\/wp\/v2\/product_brand?post=3257"},{"taxonomy":"product_cat","embeddable":true,"href":"https:\/\/doncha.si\/sl\/wp-json\/wp\/v2\/product_cat?post=3257"},{"taxonomy":"product_tag","embeddable":true,"href":"https:\/\/doncha.si\/sl\/wp-json\/wp\/v2\/product_tag?post=3257"}],"curies":[{"name":"wp","href":"https:\/\/api.w.org\/{rel}","templated":true}]}}