{"id":3189,"date":"2022-10-25T12:21:47","date_gmt":"2022-10-25T10:21:47","guid":{"rendered":"https:\/\/www.doncha.si\/?post_type=product&#038;p=3189"},"modified":"2024-06-12T22:53:44","modified_gmt":"2024-06-12T20:53:44","slug":"donchina-viseca-mreza-pike","status":"publish","type":"product","link":"https:\/\/doncha.si\/sl\/shop\/mreze\/visecamreza\/donchina-viseca-mreza-pike\/","title":{"rendered":"DonChina vise\u010da mre\u017ea &#8220;Pike&#8221;"},"content":{"rendered":"<p>\u2666 <a href=\"https:\/\/www.doncha.si\/uporaba-visecih-mrez\/\">Uporaba vise\u010dih mre\u017e<\/a><br \/>\n\u2666 <a href=\"https:\/\/www.doncha.si\/uporaba-nasih-izdelkov-za-zivali-pranje-in-vzdrzevanje\/\">Pranje in vzdr\u017eevanje<\/a><br \/>\n\u2666 <a href=\"https:\/\/doncha.si\/uporaba-donchinega-pohistva-varnost\/\">Uporaba DonChinega pohi\u0161tva \u2013 VARNOST<\/a><\/p>\n<p>&nbsp;<\/p>\n","protected":false},"excerpt":{"rendered":"<p>DonChina vise\u010da mre\u017ea za morske pra\u0161i\u010dke in druge glodavce. Pre\u0161ita!<\/p>\n<p>Namestitev v kletko oz. po \u017eelji. Tudi za C&amp;C ogradice.<\/p>\n<p>Mo\u017een nakup s karabini *opcija izbire (4 kosi 2\u20ac)<\/p>\n<p>Velikost: ca. 28cm x 39cm + &#8220;uhice&#8221;za obesit ca.6cm<br \/>\nFlis (zunaj), polnilo<br \/>\nPralno!<\/p>\n<p><em>Ponudnik se trudi po najbolj\u0161ih mo\u010deh prikazati&nbsp;izdelke&nbsp;\u010dim bolj&nbsp;realno. Kljub temu pa so mo\u017ena manj\u0161a&nbsp;odstopanja barv.<\/em><\/p>\n","protected":false},"featured_media":3181,"template":"","meta":{"ngg_post_thumbnail":0},"product_brand":[],"product_cat":[23,33],"product_tag":[],"class_list":{"0":"post-3189","1":"product","2":"type-product","3":"status-publish","4":"has-post-thumbnail","6":"product_cat-mreze","7":"product_cat-visecamreza","9":"first","10":"outofstock","11":"shipping-taxable","12":"purchasable","13":"product-type-variable"},"_links":{"self":[{"href":"https:\/\/doncha.si\/sl\/wp-json\/wp\/v2\/product\/3189","targetHints":{"allow":["GET"]}}],"collection":[{"href":"https:\/\/doncha.si\/sl\/wp-json\/wp\/v2\/product"}],"about":[{"href":"https:\/\/doncha.si\/sl\/wp-json\/wp\/v2\/types\/product"}],"wp:featuredmedia":[{"embeddable":true,"href":"https:\/\/doncha.si\/sl\/wp-json\/wp\/v2\/media\/3181"}],"wp:attachment":[{"href":"https:\/\/doncha.si\/sl\/wp-json\/wp\/v2\/media?parent=3189"}],"wp:term":[{"taxonomy":"product_brand","embeddable":true,"href":"https:\/\/doncha.si\/sl\/wp-json\/wp\/v2\/product_brand?post=3189"},{"taxonomy":"product_cat","embeddable":true,"href":"https:\/\/doncha.si\/sl\/wp-json\/wp\/v2\/product_cat?post=3189"},{"taxonomy":"product_tag","embeddable":true,"href":"https:\/\/doncha.si\/sl\/wp-json\/wp\/v2\/product_tag?post=3189"}],"curies":[{"name":"wp","href":"https:\/\/api.w.org\/{rel}","templated":true}]}}