{"id":3005,"date":"2022-05-19T10:26:01","date_gmt":"2022-05-19T08:26:01","guid":{"rendered":"https:\/\/www.doncha.si\/?post_type=product&#038;p=3005"},"modified":"2026-03-29T19:03:01","modified_gmt":"2026-03-29T17:03:01","slug":"karabini-manjsi","status":"publish","type":"product","link":"https:\/\/doncha.si\/sl\/shop\/dodatki\/karabini-manjsi\/","title":{"rendered":"Karabini manj\u0161i"},"content":{"rendered":"<p>Priporo\u010dilo:&nbsp; odstranite pred pranjem izdelka.<\/p>\n","protected":false},"excerpt":{"rendered":"<p><em>&nbsp;Dol\u017eina karabinov je 3,5cm<\/em><\/p>\n<p><em>Ponudnik se trudi po najbolj\u0161ih mo\u010deh prikazati izdelke \u010dim bolj realno. Kljub temu pa so mo\u017ena manj\u0161a odstopanja barv.<\/em><\/p>\n","protected":false},"featured_media":3004,"template":"","meta":{"ngg_post_thumbnail":0},"product_brand":[],"product_cat":[28],"product_tag":[],"class_list":{"0":"post-3005","1":"product","2":"type-product","3":"status-publish","4":"has-post-thumbnail","6":"product_cat-dodatki","8":"first","9":"instock","10":"shipping-taxable","11":"purchasable","12":"product-type-simple"},"_links":{"self":[{"href":"https:\/\/doncha.si\/sl\/wp-json\/wp\/v2\/product\/3005","targetHints":{"allow":["GET"]}}],"collection":[{"href":"https:\/\/doncha.si\/sl\/wp-json\/wp\/v2\/product"}],"about":[{"href":"https:\/\/doncha.si\/sl\/wp-json\/wp\/v2\/types\/product"}],"wp:featuredmedia":[{"embeddable":true,"href":"https:\/\/doncha.si\/sl\/wp-json\/wp\/v2\/media\/3004"}],"wp:attachment":[{"href":"https:\/\/doncha.si\/sl\/wp-json\/wp\/v2\/media?parent=3005"}],"wp:term":[{"taxonomy":"product_brand","embeddable":true,"href":"https:\/\/doncha.si\/sl\/wp-json\/wp\/v2\/product_brand?post=3005"},{"taxonomy":"product_cat","embeddable":true,"href":"https:\/\/doncha.si\/sl\/wp-json\/wp\/v2\/product_cat?post=3005"},{"taxonomy":"product_tag","embeddable":true,"href":"https:\/\/doncha.si\/sl\/wp-json\/wp\/v2\/product_tag?post=3005"}],"curies":[{"name":"wp","href":"https:\/\/api.w.org\/{rel}","templated":true}]}}