{"id":2833,"date":"2022-02-25T12:44:29","date_gmt":"2022-02-25T11:44:29","guid":{"rendered":"https:\/\/www.doncha.si\/?post_type=product&#038;p=2833"},"modified":"2026-03-30T14:17:16","modified_gmt":"2026-03-30T12:17:16","slug":"donchino-tolo-stojalo-z-viseco-mrezo-pikice","status":"publish","type":"product","link":"https:\/\/doncha.si\/sl\/shop\/mreze\/tolo\/donchino-tolo-stojalo-z-viseco-mrezo-pikice\/","title":{"rendered":"DonChino Tolo stojalo z vise\u010do mre\u017eo &#8220;Ov\u010dke&#8221; &#8211; vi\u0161je"},"content":{"rendered":"<p>\u2666 <a href=\"https:\/\/www.doncha.si\/uporaba-visecih-mrez\/\">Uporaba vise\u010dih mre\u017e<\/a><br \/>\n\u2666 <a href=\"https:\/\/www.doncha.si\/uporaba-nasih-izdelkov-za-zivali-pranje-in-vzdrzevanje\/\">Pranje in vzdr\u017eevanje<\/a><br \/>\n\u2666 <a href=\"https:\/\/doncha.si\/uporaba-donchinega-pohistva-varnost\/\">Uporaba DonChinega pohi\u0161tva \u2013 VARNOST<\/a><\/p>\n<p>&nbsp;<\/p>\n","protected":false},"excerpt":{"rendered":"<p>Stojalo je idealno za vse, ki imate narejena ve\u010dja bivali\u0161\u010da za \u017eivalce, kjer ni re\u0161etk za obesit mre\u017eo. Stojalo se enostavno postavi v prostor na \u017eeljeno mesto. Seveda pa stojalo lahko postavite tudi v kletko, v kolikor prostor dopu\u0161\u010da. Lepo izgleda, to moramo posebej poudariti. Pravi kos pohi\u0161<span class=\"text_exposed_show\">tva! Masiven.&nbsp;<br \/>\nKer pa je les in \u010de to postavimo v uporabo glodalcu, pol vemo, da si bo le ta malo pobrusil zobke.&nbsp;Je popolnoma varno, saj&nbsp; les ni pobarvan.<\/span><\/p>\n<p>Velikosti: ca.&nbsp; 30&#215;27 <strong>Vi\u0161ina 25cm<\/strong><br \/>\nMre\u017ea je pralna.<br \/>\nMedvloga, bomba\u017e, flis<\/p>\n<p><strong>Ni namenjeno za igra\u010do otrokom.&nbsp;<\/strong><\/p>\n<p><strong>*OPOZORILO* Zaradi velikosti in te\u017ee paketa zna\u0161a po\u0161nina 9\u20ac*<\/strong><\/p>\n<p><em>Ponudnik se trudi po najbolj\u0161ih mo\u010deh prikazati&nbsp;izdelke&nbsp;\u010dim bolj&nbsp;realno. Kljub temu pa so mo\u017ena manj\u0161a&nbsp;odstopanja barv.<\/em><\/p>\n","protected":false},"featured_media":3566,"template":"","meta":{"ngg_post_thumbnail":0},"product_brand":[],"product_cat":[23,54,50],"product_tag":[],"class_list":{"0":"post-2833","1":"product","2":"type-product","3":"status-publish","4":"has-post-thumbnail","6":"product_cat-mreze","7":"product_cat-leseni_izdelki","8":"product_cat-tolo","9":"product_shipping_class-vecji","11":"first","12":"outofstock","13":"shipping-taxable","14":"purchasable","15":"product-type-simple"},"_links":{"self":[{"href":"https:\/\/doncha.si\/sl\/wp-json\/wp\/v2\/product\/2833","targetHints":{"allow":["GET"]}}],"collection":[{"href":"https:\/\/doncha.si\/sl\/wp-json\/wp\/v2\/product"}],"about":[{"href":"https:\/\/doncha.si\/sl\/wp-json\/wp\/v2\/types\/product"}],"wp:featuredmedia":[{"embeddable":true,"href":"https:\/\/doncha.si\/sl\/wp-json\/wp\/v2\/media\/3566"}],"wp:attachment":[{"href":"https:\/\/doncha.si\/sl\/wp-json\/wp\/v2\/media?parent=2833"}],"wp:term":[{"taxonomy":"product_brand","embeddable":true,"href":"https:\/\/doncha.si\/sl\/wp-json\/wp\/v2\/product_brand?post=2833"},{"taxonomy":"product_cat","embeddable":true,"href":"https:\/\/doncha.si\/sl\/wp-json\/wp\/v2\/product_cat?post=2833"},{"taxonomy":"product_tag","embeddable":true,"href":"https:\/\/doncha.si\/sl\/wp-json\/wp\/v2\/product_tag?post=2833"}],"curies":[{"name":"wp","href":"https:\/\/api.w.org\/{rel}","templated":true}]}}