{"id":2463,"date":"2021-09-01T13:10:43","date_gmt":"2021-09-01T11:10:43","guid":{"rendered":"https:\/\/www.doncha.si\/?post_type=product&#038;p=2463"},"modified":"2026-03-29T20:21:56","modified_gmt":"2026-03-29T18:21:56","slug":"donchino-stojalo-s-tunelom-karo-rumen","status":"publish","type":"product","link":"https:\/\/doncha.si\/sl\/shop\/tuneli\/komplet\/donchino-stojalo-s-tunelom-karo-rumen\/","title":{"rendered":"DonChino stojalo s tunelom &#8220;Karo rumen&#8221;"},"content":{"rendered":"<p>\u2666 <a href=\"https:\/\/www.doncha.si\/uporaba-nasih-izdelkov-za-zivali-pranje-in-vzdrzevanje\/\">Pranje in vzdr\u017eevanje<\/a><br \/>\n\u2666 <a href=\"https:\/\/doncha.si\/uporaba-donchinega-pohistva-varnost\/\">Uporaba DonChinega pohi\u0161tva \u2013 VARNOST<\/a><\/p>\n<p>&nbsp;<\/p>\n","protected":false},"excerpt":{"rendered":"<p>Stojalo je idealno za vse, ki imate narejena ve\u010dja bivali\u0161\u010da za \u017eivalce. Stojalo se enostavno postavi v prostor na \u017eeljeno mesto. Seveda pa stojalo lahko postavite tudi v primerno veliko&nbsp; kletko. Najbolj pride do izraza, da je postavljen nekje na sredo, saj je tako omogo\u010deno \u017eivalcam tekanje skozenj.&nbsp; Lepo izgleda, to moramo posebej poudariti. Pravi kos pohi\u0161<span class=\"text_exposed_show\">tva!<br \/>\nKer pa je les in \u010de to postavimo v uporabo glodalcu, pol vemo, da si bo le ta malo pobrusil zobke.&nbsp;Je popolnoma varno, saj&nbsp; les ni pobarvan.<\/span><\/p>\n<p>Velikosti: ca. 28&#215;30 Vi\u0161ina 20cm<br \/>\nTunel je pralen. Po pranju ga vzamete iz stroja in postavite v njegovo prvotno obliko, su\u0161ite na zraku.&nbsp;<br \/>\nMedvloga, bomba\u017e, flis<\/p>\n<p><strong>Ni namenjeno za igra\u010do otrokom.&nbsp;<\/strong><\/p>\n<p><strong>*OPOZORILO* Zaradi velikosti in te\u017ee paketa zna\u0161a po\u0161nina 8\u20ac*<\/strong><\/p>\n<p><em>Ponudnik se trudi po najbolj\u0161ih mo\u010deh prikazati&nbsp;izdelke&nbsp;\u010dim bolj&nbsp;realno. Kljub temu pa so mo\u017ena manj\u0161a&nbsp;odstopanja barv.<\/em><\/p>\n","protected":false},"featured_media":2459,"template":"","meta":{"ngg_post_thumbnail":0},"product_brand":[],"product_cat":[20,54,49],"product_tag":[],"class_list":{"0":"post-2463","1":"product","2":"type-product","3":"status-publish","4":"has-post-thumbnail","6":"product_cat-tuneli","7":"product_cat-leseni_izdelki","8":"product_cat-komplet","9":"product_shipping_class-vecji","11":"first","12":"outofstock","13":"sale","14":"shipping-taxable","15":"purchasable","16":"product-type-simple"},"_links":{"self":[{"href":"https:\/\/doncha.si\/sl\/wp-json\/wp\/v2\/product\/2463","targetHints":{"allow":["GET"]}}],"collection":[{"href":"https:\/\/doncha.si\/sl\/wp-json\/wp\/v2\/product"}],"about":[{"href":"https:\/\/doncha.si\/sl\/wp-json\/wp\/v2\/types\/product"}],"wp:featuredmedia":[{"embeddable":true,"href":"https:\/\/doncha.si\/sl\/wp-json\/wp\/v2\/media\/2459"}],"wp:attachment":[{"href":"https:\/\/doncha.si\/sl\/wp-json\/wp\/v2\/media?parent=2463"}],"wp:term":[{"taxonomy":"product_brand","embeddable":true,"href":"https:\/\/doncha.si\/sl\/wp-json\/wp\/v2\/product_brand?post=2463"},{"taxonomy":"product_cat","embeddable":true,"href":"https:\/\/doncha.si\/sl\/wp-json\/wp\/v2\/product_cat?post=2463"},{"taxonomy":"product_tag","embeddable":true,"href":"https:\/\/doncha.si\/sl\/wp-json\/wp\/v2\/product_tag?post=2463"}],"curies":[{"name":"wp","href":"https:\/\/api.w.org\/{rel}","templated":true}]}}