{"id":2176,"date":"2021-04-02T18:16:29","date_gmt":"2021-04-02T16:16:29","guid":{"rendered":"https:\/\/www.doncha.si\/?post_type=product&#038;p=2176"},"modified":"2026-03-29T19:05:29","modified_gmt":"2026-03-29T17:05:29","slug":"pocivalka-zvezde","status":"publish","type":"product","link":"https:\/\/doncha.si\/sl\/shop\/carkljanje_pocitek\/blazinapocivalka\/pocivalka-zvezde\/","title":{"rendered":"Po\u010divalka Zvezde"},"content":{"rendered":"<p>\u2666 <a href=\"https:\/\/www.doncha.si\/uporaba-nasih-izdelkov-za-zivali-pranje-in-vzdrzevanje\/\">Pranje in vzdr\u017eevanje<\/a><br \/>\n\u2666 <a href=\"https:\/\/doncha.si\/uporaba-donchinega-pohistva-varnost\/\">Uporaba DonChinega pohi\u0161tva \u2013 VARNOST<\/a><\/p>\n<p>&nbsp;<\/p>\n","protected":false},"excerpt":{"rendered":"<div dir=\"auto\">DonChina blazina &#8220;Po\u010divalka&#8221;<\/div>\n<div dir=\"auto\">Mehka, debelej\u0161a blazina. Poj\u0161ter\u010dek, po \u0161tajersko. \ud83d\ude42&nbsp;<\/div>\n<p>Mere ca. : 30x30cm<br \/>\nMaterial Flis, polnilo<\/p>\n<p>Pranje: v pralnem stroju na 40 stopinj (po pranju jo ne\u017eno raztegnite, poravnate v prvotno obliko), su\u0161enje na zraku<\/p>\n<p><em>Ponudnik se trudi po najbolj\u0161ih mo\u010deh prikazati&nbsp;izdelke&nbsp;\u010dim bolj&nbsp;realno. Kljub temu pa so mo\u017ena manj\u0161a&nbsp;odstopanja barv.<\/em><\/p>\n","protected":false},"featured_media":2175,"template":"","meta":{"ngg_post_thumbnail":0},"product_brand":[],"product_cat":[47,25],"product_tag":[],"class_list":{"0":"post-2176","1":"product","2":"type-product","3":"status-publish","4":"has-post-thumbnail","6":"product_cat-blazinapocivalka","7":"product_cat-carkljanje_pocitek","9":"first","10":"outofstock","11":"shipping-taxable","12":"purchasable","13":"product-type-simple"},"_links":{"self":[{"href":"https:\/\/doncha.si\/sl\/wp-json\/wp\/v2\/product\/2176","targetHints":{"allow":["GET"]}}],"collection":[{"href":"https:\/\/doncha.si\/sl\/wp-json\/wp\/v2\/product"}],"about":[{"href":"https:\/\/doncha.si\/sl\/wp-json\/wp\/v2\/types\/product"}],"wp:featuredmedia":[{"embeddable":true,"href":"https:\/\/doncha.si\/sl\/wp-json\/wp\/v2\/media\/2175"}],"wp:attachment":[{"href":"https:\/\/doncha.si\/sl\/wp-json\/wp\/v2\/media?parent=2176"}],"wp:term":[{"taxonomy":"product_brand","embeddable":true,"href":"https:\/\/doncha.si\/sl\/wp-json\/wp\/v2\/product_brand?post=2176"},{"taxonomy":"product_cat","embeddable":true,"href":"https:\/\/doncha.si\/sl\/wp-json\/wp\/v2\/product_cat?post=2176"},{"taxonomy":"product_tag","embeddable":true,"href":"https:\/\/doncha.si\/sl\/wp-json\/wp\/v2\/product_tag?post=2176"}],"curies":[{"name":"wp","href":"https:\/\/api.w.org\/{rel}","templated":true}]}}