{"id":20764,"date":"2026-04-15T13:18:56","date_gmt":"2026-04-15T11:18:56","guid":{"rendered":"https:\/\/doncha.si\/en\/?post_type=product&#038;p=20764"},"modified":"2026-04-16T20:47:38","modified_gmt":"2026-04-16T18:47:38","slug":"donchina-lesena-policka-z-robom-1-2","status":"publish","type":"product","link":"https:\/\/doncha.si\/sl\/shop\/leseni_izdelki\/donchina-lesena-policka-z-robom-1-2\/","title":{"rendered":"DonChina lesena poli\u010dka z robom 4"},"content":{"rendered":"<p>\u2666 <a href=\"https:\/\/doncha.si\/uporaba-donchinega-pohistva-varnost\/\">Uporaba DonChinega pohi\u0161tva \u2013 VARNOST<\/a><\/p>\n<p>&nbsp;<\/p>\n","protected":false},"excerpt":{"rendered":"<p>DonChina poli\u010dka je enostavna za namestitev, na steno kletke (mre\u017ea).<\/p>\n<p>Tole je druga verzija poli\u010dk. <strong>Z robom<\/strong> odzadaj, kot varovalo za iztrebke. To je samo dodaten kos lesa, ki se razteza nad robom in prepre\u010duje, da bi se kakci odkotalili iz kletke.<br \/>\nTa dodaten kos lesa vam bo prihranil veliko \u010dasa pri \u010di\u0161\u010denju za va\u0161o \u017eivalco.&nbsp;<br \/>\nLahko jih seveda kombinirate s DonChinimi poli\u010dkami brez roba.<\/p>\n<p><strong>Preberi!<\/strong> Poli\u010dke pritrdimo na &#8220;steno&#8221; kletke. Predstavljajo pomemben del opreme va\u0161e \u017eivalce in vsaka kletka bi naj imela nekaj poli\u010dk.<br \/>\n\u010cin\u010dile rade ska\u010dejo med njimi. Morajo biti dovolj narazen, da lahko varno ska\u010dejo med poli\u010dkami. Pazite, da ju ne razmaknete preve\u010d drugo od druge, sicer se lahko va\u0161a \u010din\u010dila po\u0161koduje, ko ska\u010de z ene na drugo.<br \/>\nPoleg tega, da va\u0161emu hi\u0161nemu ljubljen\u010dku nudijo vadbo, nudijo police tudi prostor za po\u010ditek. To je \u0161e posebej pomembno, \u010de ima va\u0161a kletka mre\u017easto dno, ki lahko po\u0161koduje noge va\u0161ega ljubljen\u010dka.<br \/>\n\u010ce kletki dodate poli\u010dke, boste pove\u010dali tudi njen uporaben prostor, saj imajo kletke za npr.\u010din\u010dile ve\u010djo vi\u0161ino, da omogo\u010dajo plezanje. Poli\u010dke vam bodo pomagale izkoristiti dodaten navpi\u010dni prostor v kletki.<br \/>\n<strong>Primerne tudi za druge \u017eivalce (podgana, \u010din\u010dila, ptice &#8211; golobi, papige, &#8230;.) Izdelam tudi po naro\u010dilu.<\/strong><\/p>\n<p><strong>V kompletu dobite : <\/strong><br \/>\n&#8211; lesena poli\u010dka<br \/>\n&#8211; 2x leseni kvadratki (uporaba po \u017eelji &#8211; za bolj\u0161o pritrditev)<br \/>\n&#8211; vijaki za namestitev so vstavljeni v poli\u010dko<\/p>\n<p>Namestitev po \u017eelji<br \/>\nNamestimo sposobnostim va\u0161e \u017eivalce.<\/p>\n<p>Ker je les in \u010de to postavimo v uporabo glodalcu, pol vemo, da si bo le ta malo pobrusil zobke. Je smrekov les, ki je varen, saj se ga uporablja ravno za \u017eivalce.<\/p>\n<p>Velikost: 20 x 15 cm + rob 2 cm<br \/>\nMaterial je les + vijaki<\/p>\n<p>DonCha logo je zalepljen z lepilom Mitol, ki je varen tudi za otroke. <a href=\"https:\/\/www.doncha.si\/si\/uporaba-donchinega-pohistva-varnost\/\">https:\/\/www.doncha.si\/si\/uporaba-donchinega-pohistva-varnost\/<\/a><\/p>\n<p><em>Ponudnik se trudi po najbolj\u0161ih mo\u010deh prikazati izdelke \u010dim bolj realno. Kljub temu pa so mo\u017ena manj\u0161a odstopanja barv.<\/em><\/p>\n","protected":false},"featured_media":15076,"template":"","meta":{"ngg_post_thumbnail":0},"product_brand":[],"product_cat":[54],"product_tag":[],"class_list":{"0":"post-20764","1":"product","2":"type-product","3":"status-publish","4":"has-post-thumbnail","6":"product_cat-leseni_izdelki","8":"first","9":"instock","10":"shipping-taxable","11":"purchasable","12":"product-type-simple"},"_links":{"self":[{"href":"https:\/\/doncha.si\/sl\/wp-json\/wp\/v2\/product\/20764","targetHints":{"allow":["GET"]}}],"collection":[{"href":"https:\/\/doncha.si\/sl\/wp-json\/wp\/v2\/product"}],"about":[{"href":"https:\/\/doncha.si\/sl\/wp-json\/wp\/v2\/types\/product"}],"wp:featuredmedia":[{"embeddable":true,"href":"https:\/\/doncha.si\/sl\/wp-json\/wp\/v2\/media\/15076"}],"wp:attachment":[{"href":"https:\/\/doncha.si\/sl\/wp-json\/wp\/v2\/media?parent=20764"}],"wp:term":[{"taxonomy":"product_brand","embeddable":true,"href":"https:\/\/doncha.si\/sl\/wp-json\/wp\/v2\/product_brand?post=20764"},{"taxonomy":"product_cat","embeddable":true,"href":"https:\/\/doncha.si\/sl\/wp-json\/wp\/v2\/product_cat?post=20764"},{"taxonomy":"product_tag","embeddable":true,"href":"https:\/\/doncha.si\/sl\/wp-json\/wp\/v2\/product_tag?post=20764"}],"curies":[{"name":"wp","href":"https:\/\/api.w.org\/{rel}","templated":true}]}}