{"id":20719,"date":"2026-04-07T20:51:18","date_gmt":"2026-04-07T18:51:18","guid":{"rendered":"https:\/\/doncha.si\/sl\/?post_type=product&#038;p=20719"},"modified":"2026-04-07T20:56:54","modified_gmt":"2026-04-07T18:56:54","slug":"podloga-rosa-mint-2","status":"publish","type":"product","link":"https:\/\/doncha.si\/sl\/shop\/carkljanje_pocitek\/podloge\/podloga-rosa-mint-2\/","title":{"rendered":"Podloga violet siva"},"content":{"rendered":"<p>\u2666 <a href=\"https:\/\/www.doncha.si\/uporaba-nasih-izdelkov-za-zivali-pranje-in-vzdrzevanje\/\">Pranje in vzdr\u017eevanje<\/a><br \/>\n\u2666 <a href=\"https:\/\/doncha.si\/uporaba-donchinega-pohistva-varnost\/\">Uporaba DonChinega pohi\u0161tva \u2013 VARNOST<\/a><\/p>\n<p>&nbsp;<\/p>\n","protected":false},"excerpt":{"rendered":"<div dir=\"auto\">\n<div dir=\"auto\">\n<div dir=\"auto\">DonChina Lu-lu podloga &#8211;&nbsp; <strong>vpojna&nbsp;<\/strong><\/div>\n<div dir=\"auto\">Idealne za mesta, kjer se va\u0161a \u017eivalca rada zadr\u017euje in opravlja potrebo (za kote, pod hi\u0161ke, pod seno, za DonChino pohi\u0161tvo, za na police, nadstropja,&nbsp; &#8230;).&nbsp;<\/div>\n<div dir=\"auto\">&nbsp;<\/div>\n<div dir=\"auto\">Zamenjate pogosteje (priporo\u010dam na 2\/3 dni oz.odvisno od uporabe, kakce otresete dnevno) in se potreba po pranju ve\u010dje podloge in \u010di\u0161\u010denja bivali\u0161\u010da zelo zmanj\u0161a.<\/div>\n<div dir=\"auto\">&nbsp;<\/div>\n<div dir=\"auto\">Primerna za morske pra\u0161i\u010dke, kunce, \u010din\u010dile, podganice, afri\u0161ke beloprse je\u017eke, &#8230;.<\/div>\n<p>Mere ca. : 40&#215;24 cm<br \/>\nMaterial : Flis, bomba\u017ena vpojna tkanina<\/p>\n<p><strong>Pred uporabo obvezno oprati, da se omogo\u010di prepustnost flisa. Meh\u010dalca ne dodajamo. Z gotovostjo trdimo, da so podloge za ve\u010dletno uporabo.&nbsp;<\/strong><\/p>\n<p>Pranje: v pralnem stroju na 30-40 stopinj (po pranju jo ne\u017eno raztegnite, poravnate v prvotno obliko), su\u0161enje na zraku<\/p>\n<p><em>Ponudnik se trudi po najbolj\u0161ih mo\u010deh prikazati&nbsp;izdelke&nbsp;\u010dim bolj&nbsp;realno. Kljub temu pa so mo\u017ena manj\u0161a&nbsp;odstopanja barv.<\/em><\/p>\n<\/div>\n<\/div>\n","protected":false},"featured_media":20718,"template":"","meta":{"ngg_post_thumbnail":0},"product_brand":[],"product_cat":[25,46],"product_tag":[],"class_list":{"0":"post-20719","1":"product","2":"type-product","3":"status-publish","4":"has-post-thumbnail","6":"product_cat-carkljanje_pocitek","7":"product_cat-podloge","9":"first","10":"instock","11":"shipping-taxable","12":"purchasable","13":"product-type-simple"},"_links":{"self":[{"href":"https:\/\/doncha.si\/sl\/wp-json\/wp\/v2\/product\/20719","targetHints":{"allow":["GET"]}}],"collection":[{"href":"https:\/\/doncha.si\/sl\/wp-json\/wp\/v2\/product"}],"about":[{"href":"https:\/\/doncha.si\/sl\/wp-json\/wp\/v2\/types\/product"}],"wp:featuredmedia":[{"embeddable":true,"href":"https:\/\/doncha.si\/sl\/wp-json\/wp\/v2\/media\/20718"}],"wp:attachment":[{"href":"https:\/\/doncha.si\/sl\/wp-json\/wp\/v2\/media?parent=20719"}],"wp:term":[{"taxonomy":"product_brand","embeddable":true,"href":"https:\/\/doncha.si\/sl\/wp-json\/wp\/v2\/product_brand?post=20719"},{"taxonomy":"product_cat","embeddable":true,"href":"https:\/\/doncha.si\/sl\/wp-json\/wp\/v2\/product_cat?post=20719"},{"taxonomy":"product_tag","embeddable":true,"href":"https:\/\/doncha.si\/sl\/wp-json\/wp\/v2\/product_tag?post=20719"}],"curies":[{"name":"wp","href":"https:\/\/api.w.org\/{rel}","templated":true}]}}