{"id":20686,"date":"2026-04-02T21:16:56","date_gmt":"2026-04-02T19:16:56","guid":{"rendered":"https:\/\/doncha.si\/sl\/?post_type=product&#038;p=20686"},"modified":"2026-04-02T21:43:02","modified_gmt":"2026-04-02T19:43:02","slug":"donchino-cosy-lezisce-krogci-2","status":"publish","type":"product","link":"https:\/\/doncha.si\/sl\/shop\/lezisca\/mehkalezisca\/donchino-cosy-lezisce-krogci-2\/","title":{"rendered":"DonChino Cosy le\u017ei\u0161\u010de &#8220;Jeans&#8221;"},"content":{"rendered":"<p>\u2666 <a href=\"https:\/\/www.doncha.si\/uporaba-nasih-izdelkov-za-zivali-pranje-in-vzdrzevanje\/\">Pranje in vzdr\u017eevanje<\/a><br \/>\n\u2666 <a href=\"https:\/\/doncha.si\/uporaba-donchinega-pohistva-varnost\/\">Uporaba DonChinega pohi\u0161tva \u2013 VARNOST<\/a><\/p>\n<p>&nbsp;<\/p>\n","protected":false},"excerpt":{"rendered":"<p>&nbsp;Tole je malo druga\u010dna oblika in videz mehkih le\u017ei\u0161\u010d. <strong>DonChin \u201cCuddle Cup\u201d<\/strong> oz. crkljalna ko\u0161arica, bi ga lahko poimenovali. DonChino Cosy le\u017ei\u0161\u010de je \u201cobjemajo\u010de\u201d mehko le\u017ei\u0161\u010de, ki \u017eivalci daje ob\u010dutek varnosti, topline in zavetja.<\/p>\n<p>Gre za le\u017ei\u0161\u010de, ki: je mehko;<\/p>\n<ul>\n<li>iz jeansa, kar mu daje poseben izgled<\/li>\n<li>pride<strong> z nepremo\u010dljivo obojestransko pologo<\/strong><\/li>\n<li>rahlo objame \u017eivalco (ni samo ravna podloga)<\/li>\n<li>ustvarja ob\u010dutek skrivali\u0161\u010da \/ varnega prostora<\/li>\n<\/ul>\n<p>\ud83d\udc3e Zakaj ga \u017eivalce obo\u017eujejo?<\/p>\n<p>To ni samo \u201cposteljica\u201d, ampak:<\/p>\n<p>\ud83d\udc9b varen koti\u010dek<\/p>\n<p>\ud83d\udca4idealno za spanje in dremanje<\/p>\n<p>\ud83e\udd0d toplina (super za \u010din\u010dile, podganice, morske pra\u0161i\u010dke, je\u017eke,\u2026)<\/p>\n<p>\ud83d\udc2d zmanj\u0161uje stres DonChino Cosy le\u017ei\u0161\u010de je ve\u010d kot le podloga \u2013 je mehak, topel objem, kjer se va\u0161a \u017eivalca po\u010duti varno, spro\u0161\u010deno in doma.<\/p>\n<p>Veliko malih \u017eivali naravno i\u0161\u010de: \ud83d\udc49 mehko + rahlo zaprto + toplo in to\u010dno to Cosy le\u017ei\u0161\u010de daje.<\/p>\n<p>Mere: ca. premer 26 cm, vi\u0161ina 12 cm<\/p>\n<p>Materiali: Jeans blago, flis, polnilo, podloga &#8211; bomba\u017e, nepremo\u010dljiva tkanina<\/p>\n<p>Pralno. Priporo\u010dam, da po pranju le\u017ei\u0161\u010de takoj vzamete iz pralnega stroja in ga &#8220;poravnate&#8221; na njegovo obliko.<\/p>\n<p><em>Su\u0161enje na zraku. Ponudnik se trudi po najbolj\u0161ih mo\u010deh prikazati izdelke \u010dim bolj realno. Kljub temu pa so mo\u017ena manj\u0161a odstopanja barv.<\/em><\/p>\n","protected":false},"featured_media":20687,"template":"","meta":{"ngg_post_thumbnail":0},"product_brand":[],"product_cat":[22,37],"product_tag":[],"class_list":{"0":"post-20686","1":"product","2":"type-product","3":"status-publish","4":"has-post-thumbnail","6":"product_cat-lezisca","7":"product_cat-mehkalezisca","8":"product_shipping_class-cosy","10":"first","11":"instock","12":"shipping-taxable","13":"purchasable","14":"product-type-simple"},"_links":{"self":[{"href":"https:\/\/doncha.si\/sl\/wp-json\/wp\/v2\/product\/20686","targetHints":{"allow":["GET"]}}],"collection":[{"href":"https:\/\/doncha.si\/sl\/wp-json\/wp\/v2\/product"}],"about":[{"href":"https:\/\/doncha.si\/sl\/wp-json\/wp\/v2\/types\/product"}],"wp:featuredmedia":[{"embeddable":true,"href":"https:\/\/doncha.si\/sl\/wp-json\/wp\/v2\/media\/20687"}],"wp:attachment":[{"href":"https:\/\/doncha.si\/sl\/wp-json\/wp\/v2\/media?parent=20686"}],"wp:term":[{"taxonomy":"product_brand","embeddable":true,"href":"https:\/\/doncha.si\/sl\/wp-json\/wp\/v2\/product_brand?post=20686"},{"taxonomy":"product_cat","embeddable":true,"href":"https:\/\/doncha.si\/sl\/wp-json\/wp\/v2\/product_cat?post=20686"},{"taxonomy":"product_tag","embeddable":true,"href":"https:\/\/doncha.si\/sl\/wp-json\/wp\/v2\/product_tag?post=20686"}],"curies":[{"name":"wp","href":"https:\/\/api.w.org\/{rel}","templated":true}]}}