{"id":20661,"date":"2026-04-01T13:01:11","date_gmt":"2026-04-01T11:01:11","guid":{"rendered":"https:\/\/doncha.si\/sl\/?post_type=product&#038;p=20661"},"modified":"2026-04-01T13:06:11","modified_gmt":"2026-04-01T11:06:11","slug":"donchino-cosy-lezisce-rozice","status":"publish","type":"product","link":"https:\/\/doncha.si\/sl\/shop\/lezisca\/mehkalezisca\/donchino-cosy-lezisce-rozice\/","title":{"rendered":"DonChino Cosy le\u017ei\u0161\u010de &#8220;Modra&#8221;"},"content":{"rendered":"<p>\u2666 <a href=\"https:\/\/www.doncha.si\/uporaba-nasih-izdelkov-za-zivali-pranje-in-vzdrzevanje\/\">Pranje in vzdr\u017eevanje<\/a><br \/>\n\u2666 <a href=\"https:\/\/doncha.si\/uporaba-donchinega-pohistva-varnost\/\">Uporaba DonChinega pohi\u0161tva \u2013 VARNOST<\/a><\/p>\n<p>&nbsp;<\/p>\n","protected":false},"excerpt":{"rendered":"<p data-start=\"0\" data-end=\"55\"><strong data-start=\"238\" data-end=\"293\">DonChino Cosy le\u017ei\u0161\u010de je \u201cobjemajo\u010de\u201d mehko le\u017ei\u0161\u010de<\/strong>, ki \u017eivalci daje ob\u010dutek varnosti, topline in zavetja.<\/p>\n<p data-start=\"393\" data-end=\"412\">Gre za le\u017ei\u0161\u010de, ki:<\/p>\n<ul data-start=\"413\" data-end=\"559\">\n<li data-section-id=\"ev2xw5\" data-start=\"413\" data-end=\"450\">je <strong data-start=\"418\" data-end=\"448\">zelo mehko (flis, debelej\u0161e polnilo)<\/strong><\/li>\n<li data-section-id=\"ev2xw5\" data-start=\"413\" data-end=\"450\">pride z <strong>nepremo\u010dljivo<\/strong>, obojestransko pologo<\/li>\n<li data-section-id=\"14o62qk\" data-start=\"451\" data-end=\"503\"><strong data-start=\"453\" data-end=\"477\">rahlo objame \u017eivalco<\/strong> (ni samo ravna podloga)<\/li>\n<li data-section-id=\"fbw9hy\" data-start=\"504\" data-end=\"559\">ustvarja <strong data-start=\"515\" data-end=\"557\">ob\u010dutek skrivali\u0161\u010da \/ varnega prostora<\/strong><\/li>\n<\/ul>\n<h3 data-section-id=\"1cei9da\" data-start=\"737\" data-end=\"771\">\ud83d\udc3e Zakaj ga \u017eivalce obo\u017eujejo?<\/h3>\n<p data-start=\"773\" data-end=\"804\">To ni samo \u201cposteljica\u201d, ampak:<\/p>\n<ul data-start=\"805\" data-end=\"1002\">\n<li data-section-id=\"177i13m\" data-start=\"805\" data-end=\"850\">\ud83d\udc9b varen koti\u010dek&nbsp;<\/li>\n<li data-section-id=\"1h6hfys\" data-start=\"851\" data-end=\"891\">\ud83d\udca4 idealno za spanje in dremanje<\/li>\n<li data-section-id=\"1eme9ka\" data-start=\"892\" data-end=\"948\">\ud83e\udd0d toplina (super za \u010din\u010dile, podganice, morske pra\u0161i\u010dke, je\u017eke,\u2026)<\/li>\n<li data-section-id=\"429x34\" data-start=\"949\" data-end=\"1002\">\ud83d\udc2d zmanj\u0161uje stres&nbsp;<\/li>\n<li data-section-id=\"429x34\" data-start=\"949\" data-end=\"1002\">DonChino Cosy le\u017ei\u0161\u010de je ve\u010d kot le podloga \u2013 je mehak, topel objem, kjer se va\u0161a \u017eivalca po\u010duti varno, spro\u0161\u010deno in doma.<\/li>\n<\/ul>\n<p data-start=\"1004\" data-end=\"1102\">Veliko malih \u017eivali naravno i\u0161\u010de:<br \/>\n\ud83d\udc49 mehko + rahlo zaprto + toplo<br data-start=\"1069\" data-end=\"1072\">in to\u010dno to Cosy le\u017ei\u0161\u010de daje.<\/p>\n<p data-start=\"1004\" data-end=\"1102\">Mere: ca. premer 26 cm, vi\u0161ina 11 cm<\/p>\n<p data-start=\"1004\" data-end=\"1102\">Material: Flis, polnilo, podloga &#8211; bomba\u017e, nepremo\u010dljiva tkanina<\/p>\n<p>Pralno. <strong>Priporo\u010dam<\/strong>, da po pranju le\u017ei\u0161\u010de takoj vzamete iz pralnega stroja in ga &#8220;poravnate&#8221; na njegovo obliko. Su\u0161enje na zraku.&nbsp;<\/p>\n<p><em>Ponudnik se trudi po najbolj\u0161ih mo\u010deh prikazati&nbsp;izdelke&nbsp;\u010dim bolj&nbsp;realno. Kljub temu pa so mo\u017ena manj\u0161a&nbsp;odstopanja barv.<\/em><\/p>\n","protected":false},"featured_media":20657,"template":"","meta":{"ngg_post_thumbnail":0},"product_brand":[],"product_cat":[22,37],"product_tag":[],"class_list":{"0":"post-20661","1":"product","2":"type-product","3":"status-publish","4":"has-post-thumbnail","6":"product_cat-lezisca","7":"product_cat-mehkalezisca","8":"product_shipping_class-cosy","10":"first","11":"instock","12":"shipping-taxable","13":"purchasable","14":"product-type-simple"},"_links":{"self":[{"href":"https:\/\/doncha.si\/sl\/wp-json\/wp\/v2\/product\/20661","targetHints":{"allow":["GET"]}}],"collection":[{"href":"https:\/\/doncha.si\/sl\/wp-json\/wp\/v2\/product"}],"about":[{"href":"https:\/\/doncha.si\/sl\/wp-json\/wp\/v2\/types\/product"}],"wp:featuredmedia":[{"embeddable":true,"href":"https:\/\/doncha.si\/sl\/wp-json\/wp\/v2\/media\/20657"}],"wp:attachment":[{"href":"https:\/\/doncha.si\/sl\/wp-json\/wp\/v2\/media?parent=20661"}],"wp:term":[{"taxonomy":"product_brand","embeddable":true,"href":"https:\/\/doncha.si\/sl\/wp-json\/wp\/v2\/product_brand?post=20661"},{"taxonomy":"product_cat","embeddable":true,"href":"https:\/\/doncha.si\/sl\/wp-json\/wp\/v2\/product_cat?post=20661"},{"taxonomy":"product_tag","embeddable":true,"href":"https:\/\/doncha.si\/sl\/wp-json\/wp\/v2\/product_tag?post=20661"}],"curies":[{"name":"wp","href":"https:\/\/api.w.org\/{rel}","templated":true}]}}