{"id":2054,"date":"2021-02-26T11:56:32","date_gmt":"2021-02-26T10:56:32","guid":{"rendered":"https:\/\/www.doncha.si\/?post_type=product&#038;p=2054"},"modified":"2021-07-20T20:18:08","modified_gmt":"2021-07-20T18:18:08","slug":"podloga-5","status":"publish","type":"product","link":"https:\/\/doncha.si\/sl\/shop\/carkljanje_pocitek\/podloge\/podloga-5\/","title":{"rendered":"Podloga (5)"},"content":{"rendered":"<p>\u2666 <a href=\"https:\/\/www.doncha.si\/uporaba-nasih-izdelkov-za-zivali-pranje-in-vzdrzevanje\/\">Pranje in vzdr\u017eevanje<\/a><br \/>\n\u2666 <a href=\"https:\/\/doncha.si\/uporaba-donchinega-pohistva-varnost\/\">Uporaba DonChinega pohi\u0161tva \u2013 VARNOST<\/a><\/p>\n<p>&nbsp;<\/p>\n","protected":false},"excerpt":{"rendered":"<div dir=\"auto\">DonChina mini Lu-lu podloga &#8211; vpojna<\/div>\n<div dir=\"auto\">Idealne za kote, kjer se va\u0161a \u017eivalca rada zadr\u017euje in opravlja potrebo (pod hi\u0161ke, pod seno, &#8230;). <strong>Ker imajo tudi polnilo\/so mehke, so super tudi za po\u010divanje.<\/strong><\/div>\n<div dir=\"auto\">Zamenjate pogosteje (priporo\u010dam na 2\/3 dni oz.odvisno od uporabe, kakce otresete dnevno) in se potreba po pranju ve\u010dje podloge in \u010di\u0161\u010denja bivali\u0161\u010da zelo zmanj\u0161a.<\/div>\n<div dir=\"auto\">Primerna za morske pra\u0161i\u010dke, kunce, \u010din\u010dile, podganice, afri\u0161ke beloprse je\u017eke, &#8230;.Tudi na\u0161a \u010divava le\u017ei na njej.&nbsp;<\/div>\n<p>Mere ca. : 30x40cm<br \/>\nMaterial Flis, medvloga, bomba\u017ena vpojna tkanina<\/p>\n<p><strong>Pred uporabo obvezno oprati, da se omogo\u010di prepustnost flisa. Meh\u010dalca ne dodajamo.&nbsp;<\/strong><\/p>\n<p>Pranje: v pralnem stroju na 40 stopinj (po pranju jo ne\u017eno raztegnite, poravnate v prvotno obliko), su\u0161enje na zraku<\/p>\n<p><em>Ponudnik se trudi po najbolj\u0161ih mo\u010deh prikazati&nbsp;izdelke&nbsp;\u010dim bolj&nbsp;realno. Kljub temu pa so mo\u017ena manj\u0161a&nbsp;odstopanja barv.<\/em><\/p>\n","protected":false},"featured_media":2053,"template":"","meta":{"ngg_post_thumbnail":0},"product_brand":[],"product_cat":[25,46],"product_tag":[],"class_list":{"0":"post-2054","1":"product","2":"type-product","3":"status-publish","4":"has-post-thumbnail","6":"product_cat-carkljanje_pocitek","7":"product_cat-podloge","9":"first","10":"outofstock","11":"shipping-taxable","12":"purchasable","13":"product-type-simple"},"_links":{"self":[{"href":"https:\/\/doncha.si\/sl\/wp-json\/wp\/v2\/product\/2054","targetHints":{"allow":["GET"]}}],"collection":[{"href":"https:\/\/doncha.si\/sl\/wp-json\/wp\/v2\/product"}],"about":[{"href":"https:\/\/doncha.si\/sl\/wp-json\/wp\/v2\/types\/product"}],"wp:featuredmedia":[{"embeddable":true,"href":"https:\/\/doncha.si\/sl\/wp-json\/wp\/v2\/media\/2053"}],"wp:attachment":[{"href":"https:\/\/doncha.si\/sl\/wp-json\/wp\/v2\/media?parent=2054"}],"wp:term":[{"taxonomy":"product_brand","embeddable":true,"href":"https:\/\/doncha.si\/sl\/wp-json\/wp\/v2\/product_brand?post=2054"},{"taxonomy":"product_cat","embeddable":true,"href":"https:\/\/doncha.si\/sl\/wp-json\/wp\/v2\/product_cat?post=2054"},{"taxonomy":"product_tag","embeddable":true,"href":"https:\/\/doncha.si\/sl\/wp-json\/wp\/v2\/product_tag?post=2054"}],"curies":[{"name":"wp","href":"https:\/\/api.w.org\/{rel}","templated":true}]}}