{"id":20529,"date":"2026-03-28T22:32:44","date_gmt":"2026-03-28T21:32:44","guid":{"rendered":"http:\/\/doncha.local\/sl\/?post_type=product&#038;p=20529"},"modified":"2026-03-29T20:20:35","modified_gmt":"2026-03-29T18:20:35","slug":"donchin-tunel-sadje","status":"publish","type":"product","link":"https:\/\/doncha.si\/sl\/shop\/tuneli\/navadnituneli\/donchin-tunel-sadje\/","title":{"rendered":"DonChin tunel  &#8220;Sadje&#8221;"},"content":{"rendered":"<p>\u2666 Zakaj in kdo uporablja DonChin tunel? <a href=\"https:\/\/www.doncha.si\/uporabnost-tunela\/\">Preberi<\/a>!<br \/>\n\u2666 <a href=\"https:\/\/www.doncha.si\/uporaba-nasih-izdelkov-za-zivali-pranje-in-vzdrzevanje\/\">Pranje in vzdr\u017eevanje<\/a><br \/>\n\u2666 <a href=\"https:\/\/doncha.si\/uporaba-donchinega-pohistva-varnost\/\">Uporaba DonChinega pohi\u0161tva \u2013 VARNOST<\/a><\/p>\n<p>&nbsp;<\/p>\n","protected":false},"excerpt":{"rendered":"<h2 data-start=\"123\" data-end=\"196\">DonChin tunel \u2013 varen, topel in mehak koti\u010dek za va\u0161ega ljubljen\u010dka \ud83e\udd0d<\/h2>\n<p data-start=\"198\" data-end=\"347\">Vsak ljubljen\u010dek potrebuje svoj mali svet. DonChin tunel je ustvarjen prav za te posebne trenutke \u2013 za skrivanje, dremanje, igro in ob\u010dutek varnosti.<\/p>\n<p data-start=\"349\" data-end=\"588\">Izdelan je iz mehkega flisa. Diskretno v\u0161iti skriti \u0161ivi zagotavljajo lep videz in dolgo obstojnost, v\u0161iti PVC trak pa omogo\u010da hitro in enostavno namestitev. Ta tunel ima PVC trak samo na eni strani, tako ima \u017eivalca vseeno malo zasebnosti, pravtako pa se ne po\u010duti ujeta v tunelu.&nbsp;<\/p>\n<h3 data-start=\"712\" data-end=\"746\">\u2728 Zakaj izbrati DonChin tunel?<\/h3>\n<p data-start=\"747\" data-end=\"978\">\u2022 Mehak in prijeten na dotik<br data-start=\"837\" data-end=\"840\">\u2022 Skriti \u0161ivi za ve\u010djo trpe\u017enost<br data-start=\"872\" data-end=\"875\">\u2022 Pralen in enostaven za vzdr\u017eevanje<br data-start=\"911\" data-end=\"914\">\u2022 Mo\u017enost dodatne namestitve s \u0161\u010dipalkami (na voljo med Dodatki)<\/p>\n<h3 data-start=\"980\" data-end=\"995\">\ud83d\udccf Velikost<\/h3>\n<p data-start=\"996\" data-end=\"1036\">Dol\u017eina: cca 32 cm<br data-start=\"1014\" data-end=\"1017\">Premer: cca 15 cm<\/p>\n<h3 data-start=\"1038\" data-end=\"1049\">\ud83e\uddfa Nega<\/h3>\n<p data-start=\"1050\" data-end=\"1216\">Po pranju tunel vzemite iz pralnega stroja, ga ne\u017eno raztegnite in oblikujte nazaj v prvotno obliko ter posu\u0161ite na zraku. Tako bo ohranil svojo mehkobo in lep videz.<\/p>\n<p data-start=\"1218\" data-end=\"1318\">DonChin tunel ni le dodatek \u2013 je majhen, topel objem, kamor se va\u0161 ljubljen\u010dek vedno znova rad vrne.<\/p>\n<p><em><strong>V kolikor \u017eelite dodatno podlogico za v tunel, jo lahko naro\u010dite posebej.<\/strong> Ponudnik se trudi po najbolj\u0161ih mo\u010deh prikazati izdelke \u010dim bolj realno. Kljub temu pa so mo\u017ena manj\u0161a odstopanja barv.<\/em><\/p>\n","protected":false},"featured_media":20449,"template":"","meta":{"ngg_post_thumbnail":0},"product_brand":[],"product_cat":[44],"product_tag":[],"class_list":{"0":"post-20529","1":"product","2":"type-product","3":"status-publish","4":"has-post-thumbnail","6":"product_cat-navadnituneli","7":"product_shipping_class-tunel","9":"first","10":"instock","11":"shipping-taxable","12":"purchasable","13":"product-type-simple"},"_links":{"self":[{"href":"https:\/\/doncha.si\/sl\/wp-json\/wp\/v2\/product\/20529","targetHints":{"allow":["GET"]}}],"collection":[{"href":"https:\/\/doncha.si\/sl\/wp-json\/wp\/v2\/product"}],"about":[{"href":"https:\/\/doncha.si\/sl\/wp-json\/wp\/v2\/types\/product"}],"wp:featuredmedia":[{"embeddable":true,"href":"https:\/\/doncha.si\/sl\/wp-json\/wp\/v2\/media\/20449"}],"wp:attachment":[{"href":"https:\/\/doncha.si\/sl\/wp-json\/wp\/v2\/media?parent=20529"}],"wp:term":[{"taxonomy":"product_brand","embeddable":true,"href":"https:\/\/doncha.si\/sl\/wp-json\/wp\/v2\/product_brand?post=20529"},{"taxonomy":"product_cat","embeddable":true,"href":"https:\/\/doncha.si\/sl\/wp-json\/wp\/v2\/product_cat?post=20529"},{"taxonomy":"product_tag","embeddable":true,"href":"https:\/\/doncha.si\/sl\/wp-json\/wp\/v2\/product_tag?post=20529"}],"curies":[{"name":"wp","href":"https:\/\/api.w.org\/{rel}","templated":true}]}}