{"id":20519,"date":"2026-03-28T22:01:46","date_gmt":"2026-03-28T21:01:46","guid":{"rendered":"http:\/\/doncha.local\/sl\/?post_type=product&#038;p=20519"},"modified":"2026-03-29T20:28:27","modified_gmt":"2026-03-29T18:28:27","slug":"donchin-brlog-medo-2","status":"publish","type":"product","link":"https:\/\/doncha.si\/sl\/shop\/brlogi\/donchin-brlog-medo-2\/","title":{"rendered":"DonChin brlog &#8220;Medo&#8221;"},"content":{"rendered":"<p>\u2666 <a href=\"https:\/\/www.doncha.si\/uporaba-nasih-izdelkov-za-zivali-pranje-in-vzdrzevanje\/\">Pranje in vzdr\u017eevanje<\/a><br \/>\n\u2666 <a href=\"https:\/\/doncha.si\/uporaba-donchinega-pohistva-varnost\/\">Uporaba DonChinega pohi\u0161tva \u2013 VARNOST<\/a><\/p>\n<p>&nbsp;<\/p>\n","protected":false},"excerpt":{"rendered":"<div dir=\"auto\"><strong>DonChin brlog<\/strong>&nbsp;<\/div>\n<div dir=\"auto\">Za manj\u0161e \u017eivalce, oz.po \u017eelji.&nbsp;<\/div>\n<div dir=\"auto\">Poleg je dodana podloga, nepremo\u010djiva, obojestranska, ki se prilega brlogu.<\/div>\n<p><strong>(ostane odprt)<\/strong><\/p>\n<p>Mere ca. : 24(\u0161 zadaj) x 19(v) x 29(d) cm, \u0161irina vhoda je 22cm<\/p>\n<p>Materiali :&nbsp; Flis (celoten zunanji material), polnilo, bomba\u017e, nepremo\u010dljiva tkanina, PVC trak<\/p>\n<p><strong>Podloga je obojestranska; nepremo\u010dljiva in vpojna.<\/strong><\/p>\n<p>Pralno. Ne prenapolnite pralnega stroja ob pranju. Izdelka ne me\u010dkat.<\/p>\n<p>Po pranju obvezno postaviti v prvotno obliko.&nbsp;<\/p>\n<p><em>Lahko ga tudi obesite za tiste bolj spretne \u017eivalce. Prikazano na fotografiji. \u0160\u010dipalke dobite pod &#8220;dodatki&#8221;.&nbsp;<\/em><\/p>\n<p><em>Ponudnik se trudi po najbolj\u0161ih mo\u010deh prikazati&nbsp;izdelke&nbsp;\u010dim bolj&nbsp;realno. Kljub temu pa so mo\u017ena manj\u0161a&nbsp;odstopanja barv.<\/em><\/p>\n","protected":false},"featured_media":20369,"template":"","meta":{"ngg_post_thumbnail":0},"product_brand":[],"product_cat":[27],"product_tag":[],"class_list":{"0":"post-20519","1":"product","2":"type-product","3":"status-publish","4":"has-post-thumbnail","6":"product_cat-brlogi","7":"product_shipping_class-vecji_brlog","9":"first","10":"instock","11":"shipping-taxable","12":"purchasable","13":"product-type-simple"},"_links":{"self":[{"href":"https:\/\/doncha.si\/sl\/wp-json\/wp\/v2\/product\/20519","targetHints":{"allow":["GET"]}}],"collection":[{"href":"https:\/\/doncha.si\/sl\/wp-json\/wp\/v2\/product"}],"about":[{"href":"https:\/\/doncha.si\/sl\/wp-json\/wp\/v2\/types\/product"}],"wp:featuredmedia":[{"embeddable":true,"href":"https:\/\/doncha.si\/sl\/wp-json\/wp\/v2\/media\/20369"}],"wp:attachment":[{"href":"https:\/\/doncha.si\/sl\/wp-json\/wp\/v2\/media?parent=20519"}],"wp:term":[{"taxonomy":"product_brand","embeddable":true,"href":"https:\/\/doncha.si\/sl\/wp-json\/wp\/v2\/product_brand?post=20519"},{"taxonomy":"product_cat","embeddable":true,"href":"https:\/\/doncha.si\/sl\/wp-json\/wp\/v2\/product_cat?post=20519"},{"taxonomy":"product_tag","embeddable":true,"href":"https:\/\/doncha.si\/sl\/wp-json\/wp\/v2\/product_tag?post=20519"}],"curies":[{"name":"wp","href":"https:\/\/api.w.org\/{rel}","templated":true}]}}