{"id":20517,"date":"2026-03-28T21:55:45","date_gmt":"2026-03-28T20:55:45","guid":{"rendered":"http:\/\/doncha.local\/sl\/?post_type=product&#038;p=20517"},"modified":"2026-03-29T20:27:51","modified_gmt":"2026-03-29T18:27:51","slug":"donchin-brlog-cebelice","status":"publish","type":"product","link":"https:\/\/doncha.si\/sl\/shop\/brlogi\/donchin-brlog-cebelice\/","title":{"rendered":"DonChin brlog &#8220;\u010cebelice&#8221;"},"content":{"rendered":"<p>\u2666 <a href=\"https:\/\/www.doncha.si\/uporaba-nasih-izdelkov-za-zivali-pranje-in-vzdrzevanje\/\">Pranje in vzdr\u017eevanje<\/a><br \/>\n\u2666 <a href=\"https:\/\/doncha.si\/uporaba-donchinega-pohistva-varnost\/\">Uporaba DonChinega pohi\u0161tva \u2013 VARNOST<\/a><\/p>\n<p>&nbsp;<\/p>\n","protected":false},"excerpt":{"rendered":"<div dir=\"auto\">Malo druga\u010de oblikovan <strong>DonChin brlog<\/strong>&nbsp;<\/div>\n<div dir=\"auto\">Vhod o\u017eji, zadaj \u0161ir\u0161e.<\/div>\n<div dir=\"auto\">Predvsem za npr. afri\u0161ke beloprse je\u017eke, podganice, deguje, manj\u0161e morske pra\u0161i\u010dke,&#8230;<\/div>\n<div dir=\"auto\">Za manj\u0161e \u017eivalce, oz.po \u017eelji.&nbsp;<\/div>\n<div dir=\"auto\">Poleg je dodana podloga, nepremo\u010djiva, obojestranska, ki se prilega brlogu.<\/div>\n<p><strong>(ostane odprt)<\/strong><\/p>\n<p>Mere ca. : 24(\u0161 zadaj) x 15(v) x 30(d) cm, \u0161irina vhoda je 14cm<\/p>\n<p>Materiali :&nbsp; Flis (celoten zunanji material), polnilo, bomba\u017e, nepremo\u010dljiva tkanina, PVC trak<\/p>\n<p><strong>Podloga je obojestranska; nepremo\u010dljiva in vpojna.<\/strong><\/p>\n<p>Pralno. Ne prenapolnite pralnega stroja ob pranju. Izdelka ne me\u010dkat.<\/p>\n<p>Po pranju obvezno postaviti v prvotno obliko.&nbsp;<\/p>\n<p><em>Lahko ga tudi obesite za tiste bolj spretne \u017eivalce. Prikazano na fotografiji. \u0160\u010dipalke dobite pod &#8220;dodatki&#8221;.&nbsp;<\/em><\/p>\n<p><em>Ponudnik se trudi po najbolj\u0161ih mo\u010deh prikazati&nbsp;izdelke&nbsp;\u010dim bolj&nbsp;realno. Kljub temu pa so mo\u017ena manj\u0161a&nbsp;odstopanja barv.<\/em><\/p>\n","protected":false},"featured_media":20377,"template":"","meta":{"ngg_post_thumbnail":0},"product_brand":[],"product_cat":[27],"product_tag":[],"class_list":{"0":"post-20517","1":"product","2":"type-product","3":"status-publish","4":"has-post-thumbnail","6":"product_cat-brlogi","7":"product_shipping_class-vecji_brlog","9":"first","10":"instock","11":"shipping-taxable","12":"purchasable","13":"product-type-simple"},"_links":{"self":[{"href":"https:\/\/doncha.si\/sl\/wp-json\/wp\/v2\/product\/20517","targetHints":{"allow":["GET"]}}],"collection":[{"href":"https:\/\/doncha.si\/sl\/wp-json\/wp\/v2\/product"}],"about":[{"href":"https:\/\/doncha.si\/sl\/wp-json\/wp\/v2\/types\/product"}],"wp:featuredmedia":[{"embeddable":true,"href":"https:\/\/doncha.si\/sl\/wp-json\/wp\/v2\/media\/20377"}],"wp:attachment":[{"href":"https:\/\/doncha.si\/sl\/wp-json\/wp\/v2\/media?parent=20517"}],"wp:term":[{"taxonomy":"product_brand","embeddable":true,"href":"https:\/\/doncha.si\/sl\/wp-json\/wp\/v2\/product_brand?post=20517"},{"taxonomy":"product_cat","embeddable":true,"href":"https:\/\/doncha.si\/sl\/wp-json\/wp\/v2\/product_cat?post=20517"},{"taxonomy":"product_tag","embeddable":true,"href":"https:\/\/doncha.si\/sl\/wp-json\/wp\/v2\/product_tag?post=20517"}],"curies":[{"name":"wp","href":"https:\/\/api.w.org\/{rel}","templated":true}]}}