{"id":20512,"date":"2026-03-28T21:40:21","date_gmt":"2026-03-28T20:40:21","guid":{"rendered":"http:\/\/doncha.local\/sl\/?post_type=product&#038;p=20512"},"modified":"2026-03-30T20:22:26","modified_gmt":"2026-03-30T18:22:26","slug":"donchin-zastorcek-rozice-2","status":"publish","type":"product","link":"https:\/\/doncha.si\/sl\/shop\/donchin-zastorcek\/donchin-zastorcek-rozice-2\/","title":{"rendered":"DonChin zastor\u010dek &#8220;Ro\u017eice&#8221;"},"content":{"rendered":"<p>\u2666 <a href=\"https:\/\/www.doncha.si\/uporaba-nasih-izdelkov-za-zivali-pranje-in-vzdrzevanje\/\">Pranje in vzdr\u017eevanje<\/a><br \/>\n\u2666 <a href=\"https:\/\/doncha.si\/uporaba-donchinega-pohistva-varnost\/\">Uporaba DonChinega pohi\u0161tva \u2013 VARNOST<\/a><\/p>\n<p>&nbsp;<\/p>\n","protected":false},"excerpt":{"rendered":"<h3 data-start=\"106\" data-end=\"136\">\ud83c\udf3f DonChin kotni zastor\u010dek<\/h3>\n<p data-start=\"138\" data-end=\"306\">DonChin kotni zastor\u010dek je igriv in prakti\u010den dodatek za koti\u010dek va\u0161e \u017eivalce. Namestite ga lahko v kletki ali prostoru, kjer biva \u2013 povsod, kjer je mo\u017enost pritrditve.<\/p>\n<p data-start=\"308\" data-end=\"410\">Vi\u0161ino namestitve prilagodite po \u017eelji, vedno pa poskrbite, da je postavitev varna za va\u0161o \u017eivalco. \ud83d\udc2d<\/p>\n<p data-start=\"412\" data-end=\"583\">\u017divalce se lahko skozi mehke resice sprehajajo, se za njimi skrivajo ali pa v njihovem zavetju mirno po\u010divajo. Zastor\u010dek ustvarja prijeten ob\u010dutek skrivali\u0161\u010da in varnosti.<\/p>\n<p data-start=\"585\" data-end=\"713\">Primeren je za razli\u010dne male \u017eivali, kot so morski pra\u0161i\u010dki, kunci, dihurji, \u010din\u010dile, podganice in podobni kosmati raziskovalci.<\/p>\n<p data-start=\"715\" data-end=\"903\">Namestitev je enostavna \u2013 pritrdite ga z vrvicami. Po \u017eelji ga lahko uporabite tudi kot vise\u010do mre\u017eo.<br data-start=\"816\" data-end=\"819\">Resice lahko po potrebi tudi skraj\u0161ate in tako prilagodite izdelek svojemu prostoru.<\/p>\n<p data-start=\"905\" data-end=\"969\"><strong data-start=\"905\" data-end=\"918\">Material:<\/strong> flis, bomba\u017e&nbsp;<br data-start=\"941\" data-end=\"944\"><strong data-start=\"944\" data-end=\"967\">Velikost pribli\u017eno:<\/strong><\/p>\n<ul data-start=\"970\" data-end=\"1017\">\n<li data-start=\"970\" data-end=\"994\">\n<p data-start=\"972\" data-end=\"994\">dol\u017eina resic: 28 cm<\/p>\n<\/li>\n<li data-start=\"995\" data-end=\"1017\">\n<p data-start=\"997\" data-end=\"1017\">stranici: 40\u00d7 54cm<\/p>\n<\/li>\n<\/ul>\n<p data-start=\"1019\" data-end=\"1108\">\ud83d\udc9b Ro\u010dno izdelano z mislijo na igro, skrivanje in udoben po\u010ditek va\u0161ih malih kosmatincev.<\/p>\n<p><em>Ponudnik se trudi po najbolj\u0161ih mo\u010deh prikazati&nbsp;izdelke&nbsp;\u010dim bolj&nbsp;realno. Kljub temu pa so mo\u017ena manj\u0161a&nbsp;odstopanja barv.<\/em><\/p>\n","protected":false},"featured_media":20420,"template":"","meta":{"ngg_post_thumbnail":0},"product_brand":[],"product_cat":[57],"product_tag":[],"class_list":{"0":"post-20512","1":"product","2":"type-product","3":"status-publish","4":"has-post-thumbnail","6":"product_cat-donchin-zastorcek","8":"first","9":"instock","10":"shipping-taxable","11":"purchasable","12":"product-type-simple"},"_links":{"self":[{"href":"https:\/\/doncha.si\/sl\/wp-json\/wp\/v2\/product\/20512","targetHints":{"allow":["GET"]}}],"collection":[{"href":"https:\/\/doncha.si\/sl\/wp-json\/wp\/v2\/product"}],"about":[{"href":"https:\/\/doncha.si\/sl\/wp-json\/wp\/v2\/types\/product"}],"wp:featuredmedia":[{"embeddable":true,"href":"https:\/\/doncha.si\/sl\/wp-json\/wp\/v2\/media\/20420"}],"wp:attachment":[{"href":"https:\/\/doncha.si\/sl\/wp-json\/wp\/v2\/media?parent=20512"}],"wp:term":[{"taxonomy":"product_brand","embeddable":true,"href":"https:\/\/doncha.si\/sl\/wp-json\/wp\/v2\/product_brand?post=20512"},{"taxonomy":"product_cat","embeddable":true,"href":"https:\/\/doncha.si\/sl\/wp-json\/wp\/v2\/product_cat?post=20512"},{"taxonomy":"product_tag","embeddable":true,"href":"https:\/\/doncha.si\/sl\/wp-json\/wp\/v2\/product_tag?post=20512"}],"curies":[{"name":"wp","href":"https:\/\/api.w.org\/{rel}","templated":true}]}}