{"id":20507,"date":"2026-03-28T10:27:50","date_gmt":"2026-03-28T09:27:50","guid":{"rendered":"http:\/\/doncha.local\/sl\/?post_type=product&#038;p=20507"},"modified":"2026-04-03T19:56:55","modified_gmt":"2026-04-03T17:56:55","slug":"donchin-tunel-karo-3","status":"publish","type":"product","link":"https:\/\/doncha.si\/sl\/shop\/tuneli\/visecituneli\/donchin-tunel-karo-3\/","title":{"rendered":"DonChin tunel &#8220;Karo&#8221;"},"content":{"rendered":"<p>\u2666 Zakaj in kdo uporablja DonChin tunel? <a href=\"https:\/\/www.doncha.si\/uporabnost-tunela\/\">Preberi<\/a>!<br \/>\n\u2666 <a href=\"https:\/\/www.doncha.si\/uporaba-nasih-izdelkov-za-zivali-pranje-in-vzdrzevanje\/\">Pranje in vzdr\u017eevanje<\/a><br \/>\n\u2666 <a href=\"https:\/\/doncha.si\/uporaba-donchinega-pohistva-varnost\/\">Uporaba DonChinega pohi\u0161tva \u2013 VARNOST<\/a><\/p>\n<p>&nbsp;<\/p>\n","protected":false},"excerpt":{"rendered":"<h3>\ud83c\udf3f DonChin vise\u010di tunel<\/h3>\n<p>DonChin vise\u010di tunel je prakti\u010den in estetsko dovr\u0161en dodatek za kletko ali koti\u010dek va\u0161ega kosmatinca. Tunel je zaradi v\u0161ite pene dokaj stabilen in ne visi kot krpa.<br \/>\nZelo skrbno in kakovostno izdelan kos.<\/p>\n<p>Tunel je posebej primeren za bolj spretne in aktivne \u017eivalce, kot so \u010din\u010dile, podganice in deguji. \ud83d\udc2d<br \/>\nPrimeren pa je tudi za morske pra\u0161i\u010dke, saj ga lahko enostavno postavite na tla ali obesite zelo nizko.<\/p>\n<p>\ud83d\udc9b Tunel hitro postane priljubljen koti\u010dek za skrivanje, igro, po\u010ditek ali radovedno opazovanje okolice.<br \/>\nKo se vanj stisne majhen kosmatincek, pa je ob\u010dutek preprosto neprecenljiv. \ud83d\udc2d\u2728<\/p>\n<p><strong>Material:<\/strong> flis, kvalitetna pena; \u00bbuhice\u00ab za obe\u0161anje so iz trpe\u017ene gurtne.<br \/>\nSkriti \u0161ivi. Pralno.<\/p>\n<p><strong>Velikost:<\/strong><br \/>\n\u2013 dol\u017eina cca 30 cm<br \/>\n\u2013 premer odprtine cca 15 cm<br \/>\n\u2013 6 cm dolge \u00bbuhice\u00ab za obe\u0161anje<\/p>\n<p>Mo\u017enost namestitve s karabini ali po va\u0161i \u017eelji (karabini so na voljo pod kategorijo <strong><a href=\"https:\/\/doncha.si\/sl\/product-category\/dodatki\/\">\u00bbDODATKI\u00ab<\/a><\/strong>).<\/p>\n<p>Po pranju priporo\u010dam, da tunel vzamete iz stroja in ga ro\u010dno oblikujete nazaj v prvotno obliko.<br \/>\nNamestite ga na vi\u0161ino, ki ustreza sposobnostim in spretnosti va\u0161e \u017eivalce.<\/p>\n<p><em>Ponudnik se trudi po najbolj\u0161ih mo\u010deh prikazati izdelke \u010dim bolj realno. Kljub temu pa so mo\u017ena manj\u0161a odstopanja barv.<\/em><\/p>\n","protected":false},"featured_media":20447,"template":"","meta":{"ngg_post_thumbnail":0},"product_brand":[],"product_cat":[20,45],"product_tag":[],"class_list":{"0":"post-20507","1":"product","2":"type-product","3":"status-publish","4":"has-post-thumbnail","6":"product_cat-tuneli","7":"product_cat-visecituneli","9":"first","10":"instock","11":"shipping-taxable","12":"purchasable","13":"product-type-simple"},"_links":{"self":[{"href":"https:\/\/doncha.si\/sl\/wp-json\/wp\/v2\/product\/20507","targetHints":{"allow":["GET"]}}],"collection":[{"href":"https:\/\/doncha.si\/sl\/wp-json\/wp\/v2\/product"}],"about":[{"href":"https:\/\/doncha.si\/sl\/wp-json\/wp\/v2\/types\/product"}],"wp:featuredmedia":[{"embeddable":true,"href":"https:\/\/doncha.si\/sl\/wp-json\/wp\/v2\/media\/20447"}],"wp:attachment":[{"href":"https:\/\/doncha.si\/sl\/wp-json\/wp\/v2\/media?parent=20507"}],"wp:term":[{"taxonomy":"product_brand","embeddable":true,"href":"https:\/\/doncha.si\/sl\/wp-json\/wp\/v2\/product_brand?post=20507"},{"taxonomy":"product_cat","embeddable":true,"href":"https:\/\/doncha.si\/sl\/wp-json\/wp\/v2\/product_cat?post=20507"},{"taxonomy":"product_tag","embeddable":true,"href":"https:\/\/doncha.si\/sl\/wp-json\/wp\/v2\/product_tag?post=20507"}],"curies":[{"name":"wp","href":"https:\/\/api.w.org\/{rel}","templated":true}]}}