{"id":20491,"date":"2026-03-27T23:00:04","date_gmt":"2026-03-27T22:00:04","guid":{"rendered":"http:\/\/doncha.local\/sl\/?post_type=product&#038;p=20491"},"modified":"2026-04-18T09:32:46","modified_gmt":"2026-04-18T07:32:46","slug":"donchina-kosarica-za-dom-roze-crna","status":"publish","type":"product","link":"https:\/\/doncha.si\/sl\/shop\/kosarice-za-dom\/donchina-kosarica-za-dom-roze-crna\/","title":{"rendered":"DonChina ko\u0161arica za dom &#8220;Ro\u017ee \u010drna&#8221;"},"content":{"rendered":"<p>\u2666 <a href=\"https:\/\/www.doncha.si\/uporaba-nasih-izdelkov-za-zivali-pranje-in-vzdrzevanje\/\">Pranje in vzdr\u017eevanje<\/a><\/p>\n<p>&nbsp;<\/p>\n","protected":false},"excerpt":{"rendered":"<h3 data-start=\"75\" data-end=\"125\"><strong data-start=\"79\" data-end=\"123\">Ve\u010dnamenska ko\u0161arica iz blaga za va\u0161 dom<\/strong><\/h3>\n<p data-start=\"127\" data-end=\"482\">Te DonChine ko\u0161arice so odli\u010dne za <strong data-start=\"162\" data-end=\"181\">postre\u017ebo kruha\/toast<\/strong>, <strong data-start=\"183\" data-end=\"193\">keksov<\/strong>, <strong data-start=\"195\" data-end=\"208\">sladkarij<\/strong>, <strong data-start=\"210\" data-end=\"219\">sadja<\/strong> in \u0161e mnogo ve\u010d. Prav tako so idealne za <strong data-start=\"261\" data-end=\"289\">organizacijo v kopalnici<\/strong> \u2013 shranite v njih <strong data-start=\"308\" data-end=\"321\">kozmetiko<\/strong>, <strong data-start=\"323\" data-end=\"336\">glavni\u010dke<\/strong> ali druge drobne predmete. Lahko jih uporabite tudi za <strong data-start=\"392\" data-end=\"409\">okras lon\u010dnic<\/strong> ali pa kot <strong data-start=\"421\" data-end=\"435\">dekoracijo<\/strong> v va\u0161em prostoru. Mo\u017enosti so res neskon\u010dne!<\/p>\n<p data-start=\"484\" data-end=\"618\">Poleg tega pa vsaka DonChina ko\u0161arica popestri prostor \u017ee samo s tem, da je preprosto tam \u2013 s svojim edinstvenim \u201etu sem\u201c \u0161armom. \ud83d\ude0d<\/p>\n<p data-start=\"620\" data-end=\"697\">Z lahkoto pristaja v <strong data-start=\"641\" data-end=\"656\">vsakem domu<\/strong>, pa \u010detudi nimate nobene \u017eivali.&nbsp;<\/p>\n<p data-start=\"620\" data-end=\"697\">Dimenzije: ca. 15&#215;17 cm Vi\u0161ina: 14 cm<\/p>\n<p data-start=\"620\" data-end=\"697\">Material: Bomba\u017e, polnilo.<\/p>\n<p data-start=\"620\" data-end=\"697\">Ko\u0161arice so tudi pralne. Lahko jih perete v pralnem stroju na 30\u00b0 \/40\u00b0stopinj. Ne\u017een program. Ne jih natla\u010dit z ostalim &#8220;perilom&#8221;. Po pranju jo vzamete iz stroja, poravnate v prvotno obliko in su\u0161ite na zraku. <strong>Za trajno lep\u0161i in ohranjen izgled priporo\u010dam likanje.&nbsp;<\/strong><\/p>\n<p><strong>Namig<\/strong>: Ko\u0161arica je lahko tudi odli\u010dno darilo za vse prilo\u017enosti.<\/p>\n<p><em>Ponudnik se trudi po najbolj\u0161ih mo\u010deh prikazati&nbsp;izdelke&nbsp;\u010dim bolj&nbsp;realno. Kljub temu pa so mo\u017ena manj\u0161a&nbsp;odstopanja barv.<\/em><\/p>\n","protected":false},"featured_media":5509,"template":"","meta":{"ngg_post_thumbnail":0},"product_brand":[],"product_cat":[63],"product_tag":[],"class_list":{"0":"post-20491","1":"product","2":"type-product","3":"status-publish","4":"has-post-thumbnail","6":"product_cat-kosarice-za-dom","7":"product_shipping_class-kosara","9":"first","10":"instock","11":"shipping-taxable","12":"purchasable","13":"product-type-simple"},"_links":{"self":[{"href":"https:\/\/doncha.si\/sl\/wp-json\/wp\/v2\/product\/20491","targetHints":{"allow":["GET"]}}],"collection":[{"href":"https:\/\/doncha.si\/sl\/wp-json\/wp\/v2\/product"}],"about":[{"href":"https:\/\/doncha.si\/sl\/wp-json\/wp\/v2\/types\/product"}],"wp:featuredmedia":[{"embeddable":true,"href":"https:\/\/doncha.si\/sl\/wp-json\/wp\/v2\/media\/5509"}],"wp:attachment":[{"href":"https:\/\/doncha.si\/sl\/wp-json\/wp\/v2\/media?parent=20491"}],"wp:term":[{"taxonomy":"product_brand","embeddable":true,"href":"https:\/\/doncha.si\/sl\/wp-json\/wp\/v2\/product_brand?post=20491"},{"taxonomy":"product_cat","embeddable":true,"href":"https:\/\/doncha.si\/sl\/wp-json\/wp\/v2\/product_cat?post=20491"},{"taxonomy":"product_tag","embeddable":true,"href":"https:\/\/doncha.si\/sl\/wp-json\/wp\/v2\/product_tag?post=20491"}],"curies":[{"name":"wp","href":"https:\/\/api.w.org\/{rel}","templated":true}]}}