{"id":1431,"date":"2020-02-04T12:42:50","date_gmt":"2020-02-04T11:42:50","guid":{"rendered":"https:\/\/www.doncha.si\/?post_type=product&#038;p=1431"},"modified":"2026-03-29T19:11:30","modified_gmt":"2026-03-29T17:11:30","slug":"donchina-wellness-blazina-puncka","status":"publish","type":"product","link":"https:\/\/doncha.si\/sl\/shop\/carkljanje_pocitek\/blazina\/donchina-wellness-blazina-puncka\/","title":{"rendered":"DonChina Wellness blazina Pun\u010dka"},"content":{"rendered":"<p>\u2666 <a href=\"https:\/\/www.doncha.si\/uporaba-nasih-izdelkov-za-zivali-pranje-in-vzdrzevanje\/\">Pranje in vzdr\u017eevanje<\/a><br \/>\n\u2666 <a href=\"https:\/\/doncha.si\/uporaba-donchinega-pohistva-varnost\/\">Uporaba DonChinega pohi\u0161tva \u2013 VARNOST<\/a><\/p>\n<p>&nbsp;<\/p>\n","protected":false},"excerpt":{"rendered":"<p>Enostaven, lep, mehek izdelek. Enostaven za uporabo. Bolj polnjen v zgornjem delu.&nbsp;<\/p>\n<p>Mere ca. : 28 (\u0160) x 32cm<\/p>\n<p>Material Flis, polnilo. Na zadnji strani flis rde\u010de barve.&nbsp; &nbsp;<\/p>\n<p>Pralno.&nbsp;<\/p>\n<p><em>Ponudnik se trudi po najbolj\u0161ih mo\u010deh prikazati&nbsp;izdelke&nbsp;\u010dim bolj&nbsp;realno. Kljub temu pa so mo\u017ena manj\u0161a&nbsp;odstopanja barv.<\/em><\/p>\n","protected":false},"featured_media":1430,"template":"","meta":{"ngg_post_thumbnail":0},"product_brand":[],"product_cat":[40,25],"product_tag":[],"class_list":{"0":"post-1431","1":"product","2":"type-product","3":"status-publish","4":"has-post-thumbnail","6":"product_cat-blazina","7":"product_cat-carkljanje_pocitek","9":"first","10":"outofstock","11":"shipping-taxable","12":"purchasable","13":"product-type-simple"},"_links":{"self":[{"href":"https:\/\/doncha.si\/sl\/wp-json\/wp\/v2\/product\/1431","targetHints":{"allow":["GET"]}}],"collection":[{"href":"https:\/\/doncha.si\/sl\/wp-json\/wp\/v2\/product"}],"about":[{"href":"https:\/\/doncha.si\/sl\/wp-json\/wp\/v2\/types\/product"}],"wp:featuredmedia":[{"embeddable":true,"href":"https:\/\/doncha.si\/sl\/wp-json\/wp\/v2\/media\/1430"}],"wp:attachment":[{"href":"https:\/\/doncha.si\/sl\/wp-json\/wp\/v2\/media?parent=1431"}],"wp:term":[{"taxonomy":"product_brand","embeddable":true,"href":"https:\/\/doncha.si\/sl\/wp-json\/wp\/v2\/product_brand?post=1431"},{"taxonomy":"product_cat","embeddable":true,"href":"https:\/\/doncha.si\/sl\/wp-json\/wp\/v2\/product_cat?post=1431"},{"taxonomy":"product_tag","embeddable":true,"href":"https:\/\/doncha.si\/sl\/wp-json\/wp\/v2\/product_tag?post=1431"}],"curies":[{"name":"wp","href":"https:\/\/api.w.org\/{rel}","templated":true}]}}