{"id":1384,"date":"2019-12-17T17:21:09","date_gmt":"2019-12-17T16:21:09","guid":{"rendered":"https:\/\/www.doncha.si\/?post_type=product&#038;p=1384"},"modified":"2022-01-05T12:44:08","modified_gmt":"2022-01-05T11:44:08","slug":"donchin-brlog-rumen-srcki","status":"publish","type":"product","link":"https:\/\/doncha.si\/sl\/shop\/brlogi\/donchin-brlog-rumen-srcki\/","title":{"rendered":"DonChin brlog &#8220;Rumen sr\u010dki&#8221;"},"content":{"rendered":"<p>\u2666 <a href=\"https:\/\/www.doncha.si\/uporaba-nasih-izdelkov-za-zivali-pranje-in-vzdrzevanje\/\">Pranje in vzdr\u017eevanje<\/a><br \/>\n\u2666 <a href=\"https:\/\/doncha.si\/uporaba-donchinega-pohistva-varnost\/\">Uporaba DonChinega pohi\u0161tva \u2013 VARNOST<\/a><\/p>\n<p>&nbsp;<\/p>\n","protected":false},"excerpt":{"rendered":"<p>DonChin trdnej\u0161i brlog + blazina<\/p>\n<p><strong>(ostane odprt)<\/strong><\/p>\n<p>Mere ca. : 25(\u0161) x 19(v) x 30(d) cm<\/p>\n<p>Blazina mere ca. 27x27cm<\/p>\n<p>Material Flis, bomba\u017e, polnilo. Pralno.&nbsp;<\/p>\n<p><em>Lahko ga tudi obesite za tiste bolj spretne \u017eivalce. Prikazano na fotografiji.&nbsp;<\/em><\/p>\n<p><em>Ponudnik se trudi po najbolj\u0161ih mo\u010deh prikazati&nbsp;izdelke&nbsp;\u010dim bolj&nbsp;realno. Kljub temu pa so mo\u017ena manj\u0161a&nbsp;odstopanja barv.<\/em><\/p>\n","protected":false},"featured_media":1376,"template":"","meta":{"ngg_post_thumbnail":0},"product_brand":[],"product_cat":[27],"product_tag":[],"class_list":{"0":"post-1384","1":"product","2":"type-product","3":"status-publish","4":"has-post-thumbnail","6":"product_cat-brlogi","8":"first","9":"outofstock","10":"shipping-taxable","11":"purchasable","12":"product-type-simple"},"_links":{"self":[{"href":"https:\/\/doncha.si\/sl\/wp-json\/wp\/v2\/product\/1384","targetHints":{"allow":["GET"]}}],"collection":[{"href":"https:\/\/doncha.si\/sl\/wp-json\/wp\/v2\/product"}],"about":[{"href":"https:\/\/doncha.si\/sl\/wp-json\/wp\/v2\/types\/product"}],"wp:featuredmedia":[{"embeddable":true,"href":"https:\/\/doncha.si\/sl\/wp-json\/wp\/v2\/media\/1376"}],"wp:attachment":[{"href":"https:\/\/doncha.si\/sl\/wp-json\/wp\/v2\/media?parent=1384"}],"wp:term":[{"taxonomy":"product_brand","embeddable":true,"href":"https:\/\/doncha.si\/sl\/wp-json\/wp\/v2\/product_brand?post=1384"},{"taxonomy":"product_cat","embeddable":true,"href":"https:\/\/doncha.si\/sl\/wp-json\/wp\/v2\/product_cat?post=1384"},{"taxonomy":"product_tag","embeddable":true,"href":"https:\/\/doncha.si\/sl\/wp-json\/wp\/v2\/product_tag?post=1384"}],"curies":[{"name":"wp","href":"https:\/\/api.w.org\/{rel}","templated":true}]}}