{"id":1199,"date":"2019-11-23T18:38:59","date_gmt":"2019-11-23T17:38:59","guid":{"rendered":"https:\/\/doncha.si\/?post_type=product&#038;p=1199"},"modified":"2026-01-25T20:00:28","modified_gmt":"2026-01-25T19:00:28","slug":"karabini","status":"publish","type":"product","link":"https:\/\/doncha.si\/sl\/shop\/dodatki\/karabini\/","title":{"rendered":"Karabini"},"content":{"rendered":"<p>Karabine priporo\u010damo, da jih odstranite pred pranjem izdelka.<\/p>\n","protected":false},"excerpt":{"rendered":"<p><em>&nbsp;Ponudnik se trudi po najbolj\u0161ih mo\u010deh prikazati izdelke \u010dim bolj realno. Kljub temu pa so mo\u017ena manj\u0161a odstopanja barv.<\/em><\/p>\n","protected":false},"featured_media":1198,"template":"","meta":{"ngg_post_thumbnail":0},"product_brand":[],"product_cat":[28],"product_tag":[],"class_list":{"0":"post-1199","1":"product","2":"type-product","3":"status-publish","4":"has-post-thumbnail","6":"product_cat-dodatki","8":"first","9":"instock","10":"shipping-taxable","11":"purchasable","12":"product-type-simple"},"_links":{"self":[{"href":"https:\/\/doncha.si\/sl\/wp-json\/wp\/v2\/product\/1199","targetHints":{"allow":["GET"]}}],"collection":[{"href":"https:\/\/doncha.si\/sl\/wp-json\/wp\/v2\/product"}],"about":[{"href":"https:\/\/doncha.si\/sl\/wp-json\/wp\/v2\/types\/product"}],"wp:featuredmedia":[{"embeddable":true,"href":"https:\/\/doncha.si\/sl\/wp-json\/wp\/v2\/media\/1198"}],"wp:attachment":[{"href":"https:\/\/doncha.si\/sl\/wp-json\/wp\/v2\/media?parent=1199"}],"wp:term":[{"taxonomy":"product_brand","embeddable":true,"href":"https:\/\/doncha.si\/sl\/wp-json\/wp\/v2\/product_brand?post=1199"},{"taxonomy":"product_cat","embeddable":true,"href":"https:\/\/doncha.si\/sl\/wp-json\/wp\/v2\/product_cat?post=1199"},{"taxonomy":"product_tag","embeddable":true,"href":"https:\/\/doncha.si\/sl\/wp-json\/wp\/v2\/product_tag?post=1199"}],"curies":[{"name":"wp","href":"https:\/\/api.w.org\/{rel}","templated":true}]}}