{"id":24,"date":"2018-10-22T20:29:44","date_gmt":"2018-10-22T18:29:44","guid":{"rendered":"http:\/\/icek.rockometalci.com\/wordpress\/?page_id=24"},"modified":"2026-04-14T21:15:09","modified_gmt":"2026-04-14T19:15:09","slug":"welcome","status":"publish","type":"page","link":"https:\/\/doncha.si\/sl\/","title":{"rendered":""},"content":{"rendered":"<center><video autoplay=\"autoplay\" loop=\"loop\" muted=\"\" width=\"100%\" height=\"300\"><source src=\"https:\/\/www.doncha.si\/wp-content\/uploads\/2023\/08\/front_video_1.mp4\" type=\"video\/mp4\">Your browser does not support the video tag.<\/video><\/center>\n<p><strong>Dobrodo\u0161li pri DonCha!<\/strong><\/p>\n<p style=\"font-weight: 400;\">V buti\u010dni spletni trgovinici, ki je nastala kot podpora na\u0161im posvojenim\/re\u0161enim \u017eivalcam, najdete uporabne in lu\u0161tne stvari za udobno bivanje &nbsp;\u017eivalskih prijateljev.<\/p>\n<p style=\"font-weight: 400;\">DonCha izdeluje opremo, ki je prilagojena najmanj\u0161im \u010dlanom na\u0161ih dru\u017ein \u2013 morskim pra\u0161i\u010dkom, \u010din\u010dilam, podganicam, afri\u0161kim beloprsim je\u017ekom, kuncem, degujem, dihurjem in mnogim drugim. Na\u0161i izdelki so izdelani iz kakovostnih materialov, kot sta blago in les, s poudarkom na udobju, varnosti in estetiki.&nbsp;&nbsp;<\/p>\n<p style=\"font-weight: 400;\">Pri DonCha ne verjamemo v masovno proizvodnjo \u2013 vsak izdelek je narejen skrbno, z ljubeznijo in pozornostjo do detajlov, da va\u0161 ljubljen\u010dek dobi nekaj posebnega.&nbsp;&nbsp;<\/p>\n<p style=\"font-weight: 400;\">Vabim vas, da obi\u0161\u010dete na\u0161o <a href=\"https:\/\/www.doncha.si\/shop\/\">spletno trgovinico<\/a> in odkrijete izdelke, ki bodo polep\u0161ali vsakdan va\u0161e \u017eivalce. \u010ce i\u0161\u010dete nekaj, \u010desar trenutno ni na zalogi ali imate posebne \u017eelje, me <a href=\"https:\/\/www.doncha.si\/izdelka-ni-na-zalogi\/\">kontaktirajte<\/a> \u2013 z veseljem izdelam po meri, kjer je to mogo\u010de.<\/p>\n<p><b>*Zato, ker jih imamo radi!*<\/b><\/p>\n<p><img loading=\"lazy\" decoding=\"async\" class=\"alignnone size-full wp-image-20759 aligncenter\" src=\"https:\/\/doncha.si\/wp-content\/uploads\/objave\/Sloexo.jpg\" alt=\"\" width=\"550\" height=\"449\" srcset=\"https:\/\/doncha.si\/wp-content\/uploads\/objave\/Sloexo.jpg 550w, https:\/\/doncha.si\/wp-content\/uploads\/objave\/Sloexo-300x245.jpg 300w\" sizes=\"auto, (max-width: 550px) 100vw, 550px\" \/><\/p>\n<table align=\"center\">\n<tbody>\n<tr>\n<td style=\"text-align: center;\"><img loading=\"lazy\" decoding=\"async\" class=\"wp-image-4337\" src=\"https:\/\/www.doncha.si\/wp-content\/uploads\/objave\/splet.jpg\" alt=\"\" width=\"273\" height=\"286\" srcset=\"https:\/\/doncha.si\/wp-content\/uploads\/objave\/splet.jpg 416w, https:\/\/doncha.si\/wp-content\/uploads\/objave\/splet-286x300.jpg 286w\" sizes=\"auto, (max-width: 273px) 100vw, 273px\" \/><\/td>\n<td><img loading=\"lazy\" decoding=\"async\" class=\"aligncenter wp-image-3007\" src=\"https:\/\/www.doncha.si\/wp-content\/uploads\/2022\/05\/SendEU-300x300.jpg\" alt=\"\" width=\"286\" height=\"286\" srcset=\"https:\/\/doncha.si\/wp-content\/uploads\/2022\/05\/SendEU-300x300.jpg 300w, https:\/\/doncha.si\/wp-content\/uploads\/2022\/05\/SendEU-150x150.jpg 150w, https:\/\/doncha.si\/wp-content\/uploads\/2022\/05\/SendEU-768x768.jpg 768w, https:\/\/doncha.si\/wp-content\/uploads\/2022\/05\/SendEU-1024x1024.jpg 1024w, https:\/\/doncha.si\/wp-content\/uploads\/2022\/05\/SendEU-90x90.jpg 90w, https:\/\/doncha.si\/wp-content\/uploads\/2022\/05\/SendEU-600x600.jpg 600w, https:\/\/doncha.si\/wp-content\/uploads\/2022\/05\/SendEU-100x100.jpg 100w, https:\/\/doncha.si\/wp-content\/uploads\/2022\/05\/SendEU.jpg 1080w\" sizes=\"auto, (max-width: 286px) 100vw, 286px\" \/><\/td>\n<\/tr>\n<\/tbody>\n<\/table>\n\n\n<p><\/p>\n","protected":false},"excerpt":{"rendered":"<p>Your browser does not support the video tag. Dobrodo\u0161li pri DonCha! V buti\u010dni spletni trgovinici, ki je nastala kot podpora na\u0161im posvojenim\/re\u0161enim \u017eivalcam, najdete uporabne in lu\u0161tne stvari za udobno bivanje &nbsp;\u017eivalskih prijateljev. DonCha izdeluje opremo, ki je prilagojena najmanj\u0161im&#8230; <a class=\"direadmore\" href=\"https:\/\/doncha.si\/sl\/\"> Nadaljuj z branjem&#8230;<\/a><\/p>\n","protected":false},"author":1,"featured_media":0,"parent":0,"menu_order":0,"comment_status":"closed","ping_status":"closed","template":"template-right-sidebar.php","meta":{"ngg_post_thumbnail":0,"footnotes":""},"class_list":["post-24","page","type-page","status-publish","hentry"],"_links":{"self":[{"href":"https:\/\/doncha.si\/sl\/wp-json\/wp\/v2\/pages\/24","targetHints":{"allow":["GET"]}}],"collection":[{"href":"https:\/\/doncha.si\/sl\/wp-json\/wp\/v2\/pages"}],"about":[{"href":"https:\/\/doncha.si\/sl\/wp-json\/wp\/v2\/types\/page"}],"author":[{"embeddable":true,"href":"https:\/\/doncha.si\/sl\/wp-json\/wp\/v2\/users\/1"}],"replies":[{"embeddable":true,"href":"https:\/\/doncha.si\/sl\/wp-json\/wp\/v2\/comments?post=24"}],"version-history":[{"count":150,"href":"https:\/\/doncha.si\/sl\/wp-json\/wp\/v2\/pages\/24\/revisions"}],"predecessor-version":[{"id":20762,"href":"https:\/\/doncha.si\/sl\/wp-json\/wp\/v2\/pages\/24\/revisions\/20762"}],"wp:attachment":[{"href":"https:\/\/doncha.si\/sl\/wp-json\/wp\/v2\/media?parent=24"}],"curies":[{"name":"wp","href":"https:\/\/api.w.org\/{rel}","templated":true}]}}