{"id":217,"date":"2018-11-05T15:31:03","date_gmt":"2018-11-05T14:31:03","guid":{"rendered":"http:\/\/doncha.si\/?page_id=217"},"modified":"2026-01-16T19:22:23","modified_gmt":"2026-01-16T18:22:23","slug":"about","status":"publish","type":"page","link":"https:\/\/doncha.si\/sl\/about\/","title":{"rendered":"O nas"},"content":{"rendered":"<p><img loading=\"lazy\" decoding=\"async\" class=\" wp-image-350 aligncenter\" src=\"http:\/\/doncha.si\/wordpress\/wp-content\/uploads\/2018\/11\/dona222.jpg\" alt=\"\" width=\"523\" height=\"464\" srcset=\"https:\/\/doncha.si\/wp-content\/uploads\/2018\/11\/dona222.jpg 960w, https:\/\/doncha.si\/wp-content\/uploads\/2018\/11\/dona222-300x266.jpg 300w, https:\/\/doncha.si\/wp-content\/uploads\/2018\/11\/dona222-768x682.jpg 768w, https:\/\/doncha.si\/wp-content\/uploads\/2018\/11\/dona222-600x533.jpg 600w\" sizes=\"auto, (max-width: 523px) 100vw, 523px\" \/><\/p>\n<p>&nbsp;<\/p>\n<div>DonCha ni le ime \u2013 je zgodba, dru\u017eina in sr\u010dna predanost \u017eivalim. Glava DonChine dru\u017eine sem jaz, Klavdija, ki \u017ee od malih nog nosim v sebi neustavljivo ljubezen do \u017eivali, predvsem tistih, ki potrebujejo pomo\u010d.<\/div>\n<div>V na\u0161i DonChini dru\u017eini je vedno prostor za \u017eivali \u2013 od tistih, ki so na\u0161le pri nas svoj dom, do tistih, ki so bile re\u0161ene pred negotovo usodo. \u017divali so del na\u0161ega vsakdana in na\u0161a najve\u010dja inspiracija. Prav ta ljubezen do \u017eivali se je neko\u010d zdru\u017eila z mojo ustvarjalnostjo in tako je nastala DonCha &#8211;&nbsp; sr\u010dni izdelki za male \u017eivali in njihov dom.<\/div>\n<div>DonCha je sr\u010dna zagovornica vseh \u017eivih bitij. Na\u0161e vrednote so ljubezen, so\u010dutje, spo\u0161tovanje do narave in vseh, ki si \u017eelijo \u017eiveti v so\u017eitju. Verjamemo, da lahko s pravim pristopom prispevamo k bolj\u0161i prihodnosti \u2013 tako za \u017eivali kot za na\u0161 planet.<\/div>\n<div>Pri DonChi se zavedamo tudi pomembnosti na\u0161ega planeta, zato so na\u0161i izdelki pogosto narejeni tudi iz recikliranih materialov.<\/div>\n<div>&nbsp;<\/div>\n<div><span style=\"font-size: inherit;\">Va\u0161a podpora nam pomeni vse \u2013 z njo nam omogo\u010date, da skrbimo za \u017eivali, \u0161irimo pozitivno energijo in \u0161e naprej ustvarjamo z ljubeznijo.<\/span><\/div>\n<div>\n<p><strong>Hvala, ker ste del na\u0161e zgodbe!<\/strong>&nbsp;<img decoding=\"async\" class=\"an1\" draggable=\"false\" src=\"https:\/\/fonts.gstatic.com\/s\/e\/notoemoji\/15.1\/1f43e\/32.png\" alt=\"\ud83d\udc3e\" data-emoji=\"\ud83d\udc3e\" aria-label=\"\ud83d\udc3e\"><img decoding=\"async\" class=\"an1\" draggable=\"false\" src=\"https:\/\/fonts.gstatic.com\/s\/e\/notoemoji\/15.1\/1f33f\/32.png\" alt=\"\ud83c\udf3f\" data-emoji=\"\ud83c\udf3f\" aria-label=\"\ud83c\udf3f\"><\/p>\n<\/div>\n<p>&nbsp;<\/p>\n<div>Klavdija Lorber<\/div>\n<div>Osebno dopolnilno delo pod zap. \u0161t.: 19972&nbsp;<\/div>\n<div>Dav\u010dna \u0161tevilka: 64777006<\/div>\n<div>e-mail:&nbsp;<a href=\"mailto:lorber.klavdija@gmail.com\" target=\"_blank\" rel=\"noopener noreferrer\">lorber.klavdija@gmail.com<\/a>&nbsp;<\/div>\n<div>&nbsp;<\/div>\n<div>&nbsp;<\/div>\n<div><img loading=\"lazy\" decoding=\"async\" class=\" wp-image-561 aligncenter\" src=\"http:\/\/doncha.si\/wordpress\/wp-content\/uploads\/2018\/11\/dona.jpg\" alt=\"\" width=\"346\" height=\"461\" srcset=\"https:\/\/doncha.si\/wp-content\/uploads\/2018\/11\/dona.jpg 1536w, https:\/\/doncha.si\/wp-content\/uploads\/2018\/11\/dona-225x300.jpg 225w, https:\/\/doncha.si\/wp-content\/uploads\/2018\/11\/dona-768x1024.jpg 768w, https:\/\/doncha.si\/wp-content\/uploads\/2018\/11\/dona-600x800.jpg 600w\" sizes=\"auto, (max-width: 346px) 100vw, 346px\" \/><\/div>\n<div>&nbsp;<\/div>\n<div>\n<div id=\":9u.ma\" class=\"Mu SP\" style=\"text-align: center;\" data-tooltip=\"23. november 2018 10:59:18 UTC+1\"><span id=\":9u.co\" class=\"tL8wMe EMoHub\" dir=\"ltr\">V spomin na na\u0161o Dono<\/span><\/div>\n<div id=\":9v.ma\" class=\"Mu SP\" style=\"text-align: center;\" title=\"23. november 2018 10:59:54 UTC+1\" data-tooltip=\"23. november 2018 10:59:54 UTC+1\">\n<p><span id=\":9v.co\" class=\"tL8wMe EMoHub\" dir=\"ltr\">Dona bo ostala v na\u0161ih srcih, v na\u0161em \u017eivljenju tako ali druga\u010de. \u017de sama DonCha nosi del nje. Dona &#8211; Don (Cha).&nbsp;Brez Done ne bo ve\u010d isto.&nbsp;<\/span><\/p>\n<p>&nbsp;<\/p>\n<p><img loading=\"lazy\" decoding=\"async\" class=\"wp-image-3034 aligncenter\" src=\"https:\/\/www.doncha.si\/wp-content\/uploads\/2022\/07\/objavaCharlie.jpg\" alt=\"\" width=\"346\" height=\"461\" srcset=\"https:\/\/doncha.si\/wp-content\/uploads\/2022\/07\/objavaCharlie.jpg 450w, https:\/\/doncha.si\/wp-content\/uploads\/2022\/07\/objavaCharlie-225x300.jpg 225w\" sizes=\"auto, (max-width: 346px) 100vw, 346px\" \/><\/p>\n<div>V spomin na na\u0161ega Charlieja. Ni besed, kako zelo ga pogre\u0161amo.&nbsp;<\/div>\n<div>&nbsp;<\/div>\n<\/div>\n<div class=\"Mu SP\" style=\"text-align: center;\" title=\"23. november 2018 10:59:54 UTC+1\" data-tooltip=\"23. november 2018 10:59:54 UTC+1\"><span id=\":9v.co\" class=\"tL8wMe EMoHub\" dir=\"ltr\"><br \/>\n&#8221;There is freedom waiting for you,&nbsp;<br \/>\non the breezes of the sky,<br \/>\nand you ask &#8216;What if I&nbsp;fall?&#8217;<br \/>\nOh but my darling,&nbsp;<br \/>\nwhat if you fly?&#8221;<br \/>\n(Erin Hanson)<\/span><\/div>\n<\/div>\n","protected":false},"excerpt":{"rendered":"<p>&nbsp; DonCha ni le ime \u2013 je zgodba, dru\u017eina in sr\u010dna predanost \u017eivalim. Glava DonChine dru\u017eine sem jaz, Klavdija, ki \u017ee od malih nog nosim v sebi neustavljivo ljubezen do \u017eivali, predvsem tistih, ki potrebujejo pomo\u010d. V na\u0161i DonChini dru\u017eini&#8230; <a class=\"direadmore\" href=\"https:\/\/doncha.si\/sl\/about\/\"> Nadaljuj z branjem&#8230;<\/a><\/p>\n","protected":false},"author":1,"featured_media":0,"parent":0,"menu_order":0,"comment_status":"closed","ping_status":"closed","template":"","meta":{"ngg_post_thumbnail":0,"footnotes":""},"class_list":["post-217","page","type-page","status-publish","hentry"],"_links":{"self":[{"href":"https:\/\/doncha.si\/sl\/wp-json\/wp\/v2\/pages\/217","targetHints":{"allow":["GET"]}}],"collection":[{"href":"https:\/\/doncha.si\/sl\/wp-json\/wp\/v2\/pages"}],"about":[{"href":"https:\/\/doncha.si\/sl\/wp-json\/wp\/v2\/types\/page"}],"author":[{"embeddable":true,"href":"https:\/\/doncha.si\/sl\/wp-json\/wp\/v2\/users\/1"}],"replies":[{"embeddable":true,"href":"https:\/\/doncha.si\/sl\/wp-json\/wp\/v2\/comments?post=217"}],"version-history":[{"count":20,"href":"https:\/\/doncha.si\/sl\/wp-json\/wp\/v2\/pages\/217\/revisions"}],"predecessor-version":[{"id":5133,"href":"https:\/\/doncha.si\/sl\/wp-json\/wp\/v2\/pages\/217\/revisions\/5133"}],"wp:attachment":[{"href":"https:\/\/doncha.si\/sl\/wp-json\/wp\/v2\/media?parent=217"}],"curies":[{"name":"wp","href":"https:\/\/api.w.org\/{rel}","templated":true}]}}