{"id":682,"date":"2019-01-14T21:28:13","date_gmt":"2019-01-14T20:28:13","guid":{"rendered":"http:\/\/doncha.si\/?post_type=product&#038;p=682"},"modified":"2019-12-04T13:47:59","modified_gmt":"2019-12-04T12:47:59","slug":"donchina-viseca-mreza-siva-jez","status":"publish","type":"product","link":"https:\/\/doncha.si\/en\/shop\/mreze\/donchina-viseca-mreza-siva-jez\/","title":{"rendered":"DonChina vise\u010da mre\u017ea &#8220;Siva Je\u017e&#8221;"},"content":{"rendered":"<p>&diams; <a href=\"http:\/\/doncha.si\/?p=256\">Uporaba vise\u010dih mre\u017e<\/a><br \/>\n&diams; <a href=\"http:\/\/doncha.si\/?p=183\">Pranje in vzdr\u017eevanje<\/a><br \/>\n&diams; <a href=\"https:\/\/doncha.si\/uporaba-donchinega-pohistva-varnost\/\">Uporaba DonChinega pohi\u0161tva \u2013 VARNOST<\/a><\/p>\n<p>&nbsp;<\/p>\n","protected":false},"excerpt":{"rendered":"<p>DonChina vise\u010da mre\u017ea za morske pra\u0161i\u010dke in druge glodavce. Namestitev v kletko oz. po \u017eelji.<\/p>\n<p><strong>Siva Je\u017e<\/strong><\/p>\n<p>Mo\u017een nakup s karabini *opcija izbire (4 kosi 2\u20ac)<br \/>\n31cm \u0161irina x 48cm<br \/>\nFlis, bomba\u017e, polnilo<br \/>\nPralno!<\/p>\n<p>&nbsp;<\/p>\n<p>&nbsp;<\/p>\n<p><em>Ponudnik se trudi po najbolj\u0161ih mo\u010deh prikazati&nbsp;izdelke&nbsp;\u010dim bolj&nbsp;realno. Kljub temu pa so mo\u017ena manj\u0161a&nbsp;odstopanja barv.<\/em><\/p>\n","protected":false},"featured_media":678,"template":"","meta":{"ngg_post_thumbnail":0},"product_brand":[],"product_cat":[23],"product_tag":[],"class_list":{"0":"post-682","1":"product","2":"type-product","3":"status-publish","4":"has-post-thumbnail","6":"product_cat-mreze","8":"first","9":"outofstock","10":"shipping-taxable","11":"purchasable","12":"product-type-variable","13":"has-default-attributes"},"_links":{"self":[{"href":"https:\/\/doncha.si\/en\/wp-json\/wp\/v2\/product\/682","targetHints":{"allow":["GET"]}}],"collection":[{"href":"https:\/\/doncha.si\/en\/wp-json\/wp\/v2\/product"}],"about":[{"href":"https:\/\/doncha.si\/en\/wp-json\/wp\/v2\/types\/product"}],"wp:featuredmedia":[{"embeddable":true,"href":"https:\/\/doncha.si\/en\/wp-json\/wp\/v2\/media\/678"}],"wp:attachment":[{"href":"https:\/\/doncha.si\/en\/wp-json\/wp\/v2\/media?parent=682"}],"wp:term":[{"taxonomy":"product_brand","embeddable":true,"href":"https:\/\/doncha.si\/en\/wp-json\/wp\/v2\/product_brand?post=682"},{"taxonomy":"product_cat","embeddable":true,"href":"https:\/\/doncha.si\/en\/wp-json\/wp\/v2\/product_cat?post=682"},{"taxonomy":"product_tag","embeddable":true,"href":"https:\/\/doncha.si\/en\/wp-json\/wp\/v2\/product_tag?post=682"}],"curies":[{"name":"wp","href":"https:\/\/api.w.org\/{rel}","templated":true}]}}