{"id":597,"date":"2018-11-27T14:50:06","date_gmt":"2018-11-27T13:50:06","guid":{"rendered":"http:\/\/doncha.si\/?post_type=product&#038;p=597"},"modified":"2019-12-04T15:12:34","modified_gmt":"2019-12-04T14:12:34","slug":"donchina-vreca-puncka","status":"publish","type":"product","link":"https:\/\/doncha.si\/en\/shop\/vrece\/donchina-vreca-puncka\/","title":{"rendered":"DonChina vre\u010da &#8220;Pun\u010dka&#8221;"},"content":{"rendered":"<p>&diams; Zakaj in kdo uporablja DonChino vre\u010do? <a href=\"http:\/\/doncha.si\/?p=259\">Preberi<\/a>!<br \/>\n&diams; <a href=\"http:\/\/doncha.si\/?p=183\">Pranje in vzdr\u017eevanje<\/a><br \/>\n&diams; <a href=\"https:\/\/doncha.si\/uporaba-donchinega-pohistva-varnost\/\">Uporaba DonChinega pohi\u0161tva \u2013 VARNOST<\/a><\/p>\n<p>&nbsp;<\/p>\n","protected":false},"excerpt":{"rendered":"<p>DonChin \u017eepek\/vre\u010da<\/p>\n<p>Mere ca. : 29x29cm<br \/>\nMaterial Flis, pralno, skriti \u0161iv, obojestransko.&nbsp;<\/p>\n<p><em>Ponudnik se trudi po najbolj\u0161ih mo\u010deh prikazati&nbsp;izdelke&nbsp;\u010dim bolj&nbsp;realno. Kljub temu pa so mo\u017ena manj\u0161a&nbsp;odstopanja barv.<\/em><\/p>\n","protected":false},"featured_media":596,"template":"","meta":{"ngg_post_thumbnail":0},"product_brand":[],"product_cat":[17],"product_tag":[],"class_list":{"0":"post-597","1":"product","2":"type-product","3":"status-publish","4":"has-post-thumbnail","6":"product_cat-vrece","8":"first","9":"outofstock","10":"shipping-taxable","11":"purchasable","12":"product-type-simple"},"_links":{"self":[{"href":"https:\/\/doncha.si\/en\/wp-json\/wp\/v2\/product\/597","targetHints":{"allow":["GET"]}}],"collection":[{"href":"https:\/\/doncha.si\/en\/wp-json\/wp\/v2\/product"}],"about":[{"href":"https:\/\/doncha.si\/en\/wp-json\/wp\/v2\/types\/product"}],"wp:featuredmedia":[{"embeddable":true,"href":"https:\/\/doncha.si\/en\/wp-json\/wp\/v2\/media\/596"}],"wp:attachment":[{"href":"https:\/\/doncha.si\/en\/wp-json\/wp\/v2\/media?parent=597"}],"wp:term":[{"taxonomy":"product_brand","embeddable":true,"href":"https:\/\/doncha.si\/en\/wp-json\/wp\/v2\/product_brand?post=597"},{"taxonomy":"product_cat","embeddable":true,"href":"https:\/\/doncha.si\/en\/wp-json\/wp\/v2\/product_cat?post=597"},{"taxonomy":"product_tag","embeddable":true,"href":"https:\/\/doncha.si\/en\/wp-json\/wp\/v2\/product_tag?post=597"}],"curies":[{"name":"wp","href":"https:\/\/api.w.org\/{rel}","templated":true}]}}