{"id":429,"date":"2018-11-16T22:32:30","date_gmt":"2018-11-16T21:32:30","guid":{"rendered":"http:\/\/doncha.si\/?post_type=product&#038;p=429"},"modified":"2020-09-22T14:28:50","modified_gmt":"2020-09-22T12:28:50","slug":"donchina-vreca-ciklama","status":"publish","type":"product","link":"https:\/\/doncha.si\/en\/shop\/vrece\/vrece_vecje\/donchina-vreca-ciklama\/","title":{"rendered":"DonChina vre\u010da &#8220;Ciklama&#8221;"},"content":{"rendered":"<p>&diams; Zakaj in kdo uporablja DonChino vre\u010do? <a href=\"https:\/\/www.doncha.si\/uporaba-vrece\/\">Preberi<\/a>!<br \/>\n&diams; <a href=\"https:\/\/www.doncha.si\/uporaba-nasih-izdelkov-za-zivali-pranje-in-vzdrzevanje\/\">Pranje in vzdr\u017eevanje<\/a><br \/>\n&diams; <a href=\"https:\/\/doncha.si\/uporaba-donchinega-pohistva-varnost\/\">Uporaba DonChinega pohi\u0161tva \u2013 VARNOST<\/a><\/p>\n<p>&nbsp;<\/p>\n","protected":false},"excerpt":{"rendered":"<p>Mere ca. : 25x28cm &#8211; idealno za je\u017eke<br \/>\nMaterial Flis&amp;preve\u0161anka, pralno, skriti \u0161iv<\/p>\n<p><em>Ponudnik se trudi po najbolj\u0161ih mo\u010deh prikazati&nbsp;izdelke&nbsp;\u010dim bolj&nbsp;realno. Kljub temu pa so mo\u017ena manj\u0161a&nbsp;odstopanja barv.<\/em><\/p>\n","protected":false},"featured_media":427,"template":"","meta":{"ngg_post_thumbnail":0},"product_brand":[],"product_cat":[17,36],"product_tag":[],"class_list":{"0":"post-429","1":"product","2":"type-product","3":"status-publish","4":"has-post-thumbnail","6":"product_cat-vrece","7":"product_cat-vrece_vecje","9":"first","10":"outofstock","11":"sale","12":"shipping-taxable","13":"purchasable","14":"product-type-simple"},"_links":{"self":[{"href":"https:\/\/doncha.si\/en\/wp-json\/wp\/v2\/product\/429","targetHints":{"allow":["GET"]}}],"collection":[{"href":"https:\/\/doncha.si\/en\/wp-json\/wp\/v2\/product"}],"about":[{"href":"https:\/\/doncha.si\/en\/wp-json\/wp\/v2\/types\/product"}],"wp:featuredmedia":[{"embeddable":true,"href":"https:\/\/doncha.si\/en\/wp-json\/wp\/v2\/media\/427"}],"wp:attachment":[{"href":"https:\/\/doncha.si\/en\/wp-json\/wp\/v2\/media?parent=429"}],"wp:term":[{"taxonomy":"product_brand","embeddable":true,"href":"https:\/\/doncha.si\/en\/wp-json\/wp\/v2\/product_brand?post=429"},{"taxonomy":"product_cat","embeddable":true,"href":"https:\/\/doncha.si\/en\/wp-json\/wp\/v2\/product_cat?post=429"},{"taxonomy":"product_tag","embeddable":true,"href":"https:\/\/doncha.si\/en\/wp-json\/wp\/v2\/product_tag?post=429"}],"curies":[{"name":"wp","href":"https:\/\/api.w.org\/{rel}","templated":true}]}}