{"id":3146,"date":"2022-10-03T14:07:02","date_gmt":"2022-10-03T12:07:02","guid":{"rendered":"https:\/\/www.doncha.si\/?post_type=product&#038;p=3146"},"modified":"2024-11-26T19:02:03","modified_gmt":"2024-11-26T18:02:03","slug":"donchin-tipi-muce","status":"publish","type":"product","link":"https:\/\/doncha.si\/en\/shop\/donchin-tipi\/donchin-tipi-muce\/","title":{"rendered":"DonChin Tipi &#8220;Muce&#8221;"},"content":{"rendered":"<p>\u2666 <a href=\"https:\/\/www.doncha.si\/uporaba-nasih-izdelkov-za-zivali-pranje-in-vzdrzevanje\/\">Pranje in vzdr\u017eevanje<\/a><br \/>\n\u2666 <a href=\"https:\/\/doncha.si\/uporaba-donchinega-pohistva-varnost\/\">Uporaba DonChinega pohi\u0161tva \u2013 VARNOST<\/a><\/p>\n<p>&nbsp;<\/p>\n","protected":false},"excerpt":{"rendered":"<p>Zelo udobno skrivali\u0161\u010de&nbsp; za manj\u0161o \u017eivalco; morski pra\u0161i\u010dek, podganica, je\u017eek, oz.po \u017eelji.<\/p>\n<p>Trden, kompakten izdelek. Zraven je \u0161e <strong>nepremo\u010dljiva podlogica<\/strong>, tako ne potrebujete vedno prati celoten izdelek.&nbsp;<\/p>\n<p>Mere ca.&nbsp; &#8211; Vi\u0161ina: ca.33cm, \u0161irina ca.29cm, vhod 13x14cm<\/p>\n<p>Material: Flis, pena, polnilo, nepremo\u010dljiv material&nbsp;<\/p>\n<p>Pralno. <strong>Priporo\u010dam<\/strong>, da po pranju Tipi takoj vzamete iz pralnega stroja in ga &#8220;poravnate&#8221; na njegovo obliko. Su\u0161imo na zraku. Med pranjem (30-40\u00b0, ne\u017een program) naj ne bo natla\u010den z ve\u010d stvarmi.<strong> Le tako, bo izdelek ohranil prvotno obliko.&nbsp;<\/strong><\/p>\n<p><em>Ponudnik se trudi po najbolj\u0161ih mo\u010deh prikazati&nbsp;izdelke&nbsp;\u010dim bolj&nbsp;realno. Kljub temu pa so mo\u017ena manj\u0161a&nbsp;odstopanja barv.<\/em><\/p>\n","protected":false},"featured_media":3145,"template":"","meta":{"ngg_post_thumbnail":0},"product_brand":[],"product_cat":[51],"product_tag":[],"class_list":{"0":"post-3146","1":"product","2":"type-product","3":"status-publish","4":"has-post-thumbnail","6":"product_cat-donchin-tipi","7":"product_shipping_class-tipi","9":"first","10":"outofstock","11":"shipping-taxable","12":"purchasable","13":"product-type-simple"},"_links":{"self":[{"href":"https:\/\/doncha.si\/en\/wp-json\/wp\/v2\/product\/3146","targetHints":{"allow":["GET"]}}],"collection":[{"href":"https:\/\/doncha.si\/en\/wp-json\/wp\/v2\/product"}],"about":[{"href":"https:\/\/doncha.si\/en\/wp-json\/wp\/v2\/types\/product"}],"wp:featuredmedia":[{"embeddable":true,"href":"https:\/\/doncha.si\/en\/wp-json\/wp\/v2\/media\/3145"}],"wp:attachment":[{"href":"https:\/\/doncha.si\/en\/wp-json\/wp\/v2\/media?parent=3146"}],"wp:term":[{"taxonomy":"product_brand","embeddable":true,"href":"https:\/\/doncha.si\/en\/wp-json\/wp\/v2\/product_brand?post=3146"},{"taxonomy":"product_cat","embeddable":true,"href":"https:\/\/doncha.si\/en\/wp-json\/wp\/v2\/product_cat?post=3146"},{"taxonomy":"product_tag","embeddable":true,"href":"https:\/\/doncha.si\/en\/wp-json\/wp\/v2\/product_tag?post=3146"}],"curies":[{"name":"wp","href":"https:\/\/api.w.org\/{rel}","templated":true}]}}