{"id":2950,"date":"2022-05-05T12:07:45","date_gmt":"2022-05-05T10:07:45","guid":{"rendered":"https:\/\/www.doncha.si\/?post_type=product&#038;p=2950"},"modified":"2026-04-06T20:27:06","modified_gmt":"2026-04-06T18:27:06","slug":"donchina-viseca-mreza-vojaska-svetla","status":"publish","type":"product","link":"https:\/\/doncha.si\/en\/shop\/mreze\/visecamreza\/donchina-viseca-mreza-vojaska-svetla\/","title":{"rendered":"DonChina vise\u010da mre\u017ea &#8220;Voja\u0161ka svetla&#8221;"},"content":{"rendered":"<p>\u2666 <a href=\"https:\/\/doncha.si\/en\/uporaba-visecih-mrez\/\">Using Hanging Hammocks<\/a><br \/>\n\u2666 <a href=\"https:\/\/doncha.si\/en\/uporaba-nasih-izdelkov-za-zivali-pranje-in-vzdrzevanje\/\">Washing and Care<\/a><br \/>\n\u2666 <a href=\"https:\/\/doncha.si\/en\/uporaba-donchinega-pohistva-varnost\/\">Using DonCha Furniture \u2013 SAFETY<\/a><\/p>\n<p>&nbsp;<\/p>\n","protected":false},"excerpt":{"rendered":"<p>DonChina vise\u010da mre\u017ea za morske pra\u0161i\u010dke in druge glodavce. Pre\u0161ita in iz bomba\u017enega platna.&nbsp;<\/p>\n<p>Namestitev v kletko oz. po \u017eelji. Tudi za C&#038;C ogradice.<\/p>\n<p>Mo\u017een nakup s karabini *opcija izbire (4 kosi 2\u20ac)<\/p>\n<p>Velikost: ca. 28cm x 39cm + &#8220;uhice&#8221;za obesit ca.6cm<br \/>\nFlis, bomba\u017e, bomba\u017eno platno, polnilo<br \/>\nPralno!<\/p>\n<p><em>Ponudnik se trudi po najbolj\u0161ih mo\u010deh prikazati&nbsp;izdelke&nbsp;\u010dim bolj&nbsp;realno. Kljub temu pa so mo\u017ena manj\u0161a&nbsp;odstopanja barv.<\/em><\/p>\n","protected":false},"featured_media":2947,"template":"","meta":{"ngg_post_thumbnail":0},"product_brand":[],"product_cat":[23,33],"product_tag":[],"class_list":{"0":"post-2950","1":"product","2":"type-product","3":"status-publish","4":"has-post-thumbnail","6":"product_cat-mreze","7":"product_cat-visecamreza","9":"first","10":"outofstock","11":"sale","12":"shipping-taxable","13":"purchasable","14":"product-type-variable"},"_links":{"self":[{"href":"https:\/\/doncha.si\/en\/wp-json\/wp\/v2\/product\/2950","targetHints":{"allow":["GET"]}}],"collection":[{"href":"https:\/\/doncha.si\/en\/wp-json\/wp\/v2\/product"}],"about":[{"href":"https:\/\/doncha.si\/en\/wp-json\/wp\/v2\/types\/product"}],"wp:featuredmedia":[{"embeddable":true,"href":"https:\/\/doncha.si\/en\/wp-json\/wp\/v2\/media\/2947"}],"wp:attachment":[{"href":"https:\/\/doncha.si\/en\/wp-json\/wp\/v2\/media?parent=2950"}],"wp:term":[{"taxonomy":"product_brand","embeddable":true,"href":"https:\/\/doncha.si\/en\/wp-json\/wp\/v2\/product_brand?post=2950"},{"taxonomy":"product_cat","embeddable":true,"href":"https:\/\/doncha.si\/en\/wp-json\/wp\/v2\/product_cat?post=2950"},{"taxonomy":"product_tag","embeddable":true,"href":"https:\/\/doncha.si\/en\/wp-json\/wp\/v2\/product_tag?post=2950"}],"curies":[{"name":"wp","href":"https:\/\/api.w.org\/{rel}","templated":true}]}}